{"id":11,"date":"2022-01-28T16:02:56","date_gmt":"2022-01-28T15:02:56","guid":{"rendered":"http:\/\/classic-parts-finder.com\/?page_id=11"},"modified":"2025-12-12T23:13:21","modified_gmt":"2025-12-12T22:13:21","slug":"vendre-des-pieces","status":"publish","type":"page","link":"https:\/\/classic-parts-finder.com\/content\/vendre-des-pieces\/","title":{"rendered":"Vendre mes pi\u00e8ces"},"content":{"rendered":"\n<div style=\"height:25px\" aria-hidden=\"true\" class=\"wp-block-spacer\"><\/div>\n\n\n\n<div class=\"wp-block-columns info-section is-layout-flex wp-container-core-columns-is-layout-9d6595d7 wp-block-columns-is-layout-flex\">\n<div class=\"wp-block-column is-vertically-aligned-center is-layout-flow wp-block-column-is-layout-flow\">\n<div class=\"wp-block-columns are-vertically-aligned-top is-layout-flex wp-container-core-columns-is-layout-9d6595d7 wp-block-columns-is-layout-flex\">\n<div class=\"wp-block-column is-vertically-aligned-top is-layout-flow wp-block-column-is-layout-flow\" style=\"flex-basis:85px\"><div class=\"working-wheel-wrapper mb-0\">\n    <div class=\"working-wheel\" style=\"background-image: url(https:\/\/classic-parts-finder.com\/content\/wp-content\/themes\/classicpartsfinder\/img\/working-wheel.svg)\">\n        <i class=\"fa-classic fa-solid fa-bullhorn\" aria-hidden=\"true\"><\/i>    <\/div>\n<\/div>\n<\/div>\n\n\n\n<div class=\"wp-block-column is-vertically-aligned-top is-layout-flow wp-block-column-is-layout-flow\">\n<h3 class=\"wp-block-heading\" id=\"h-vous-allez-gagner-du-temps\">Vous allez gagner du temps !<\/h3>\n\n\n\n<p>Vous avez beaucoup trop de pi\u00e8ces sur vos \u00e9tag\u00e8res mais pas le temps de r\u00e9diger des annonces ? Dans ce cas, indiquez uniquement les pi\u00e8ces que vous avez de disponible, et vous serez automatiquement inform\u00e9 des recherches qui correspondent \u00e0 votre stock. <strong>Essayez ! la configuration ne prend que quelques secondes !<\/strong><\/p>\n<\/div>\n<\/div>\n<\/div>\n\n\n\n<div class=\"wp-block-column is-layout-flow wp-block-column-is-layout-flow\">\n<figure class=\"wp-block-image size-full is-resized\"><img decoding=\"async\" src=\"https:\/\/classic-parts-finder.com\/content\/wp-content\/uploads\/2022\/02\/alertes-vendre-pieces.svg\" alt=\"\" class=\"wp-image-129\" style=\"width:511px;height:287px\"\/><\/figure>\n<\/div>\n<\/div>\n\n\n\n<div style=\"height:50px\" aria-hidden=\"true\" class=\"wp-block-spacer\"><\/div>\n\n\n\n<div class=\"wp-block-columns info-section reverse-mobile is-layout-flex wp-container-core-columns-is-layout-9d6595d7 wp-block-columns-is-layout-flex\">\n<div class=\"wp-block-column is-layout-flow wp-block-column-is-layout-flow\">\n<figure class=\"wp-block-image size-full\"><img decoding=\"async\" src=\"https:\/\/classic-parts-finder.com\/content\/wp-content\/uploads\/2022\/02\/diffuser-produit-vendre-pieces.svg\" alt=\"\" class=\"wp-image-131\"\/><\/figure>\n<\/div>\n\n\n\n<div class=\"wp-block-column is-vertically-aligned-center is-layout-flow wp-block-column-is-layout-flow\">\n<div class=\"wp-block-columns are-vertically-aligned-top is-layout-flex wp-container-core-columns-is-layout-9d6595d7 wp-block-columns-is-layout-flex\">\n<div class=\"wp-block-column is-vertically-aligned-top is-layout-flow wp-block-column-is-layout-flow\" style=\"flex-basis:85px\"><div class=\"working-wheel-wrapper mb-0\">\n    <div class=\"working-wheel\" style=\"background-image: url(https:\/\/classic-parts-finder.com\/content\/wp-content\/themes\/classicpartsfinder\/img\/working-wheel.svg)\">\n        <i class=\"fa-classic fa-regular fa-store\" aria-hidden=\"true\"><\/i>    <\/div>\n<\/div>\n<\/div>\n\n\n\n<div class=\"wp-block-column is-vertically-aligned-top is-layout-flow wp-block-column-is-layout-flow\">\n<h3 class=\"wp-block-heading\" id=\"h-vendez-plus-facilement\">Vendez plus facilement\u00a0!<\/h3>\n\n\n\n<p>Publiez gratuitement vos annonces. Elles seront envoy\u00e9es aupr\u00e8s des collectionneurs de la communaut\u00e9 Classic Parts Finder, en ciblant pr\u00e9cis\u00e9ment leur v\u00e9hicule. <strong>Profitez \u00e9galement de nos conseils, de notre expertise, ainsi que de notre suivi client.<\/strong><\/p>\n<\/div>\n<\/div>\n<\/div>\n<\/div>\n\n\n\n<div style=\"height:50px\" aria-hidden=\"true\" class=\"wp-block-spacer\"><\/div>\n\n\n\n<div class=\"wp-block-columns info-section is-layout-flex wp-container-core-columns-is-layout-9d6595d7 wp-block-columns-is-layout-flex\">\n<div class=\"wp-block-column is-vertically-aligned-center is-layout-flow wp-block-column-is-layout-flow\">\n<div class=\"wp-block-columns are-vertically-aligned-top is-layout-flex wp-container-core-columns-is-layout-9d6595d7 wp-block-columns-is-layout-flex\">\n<div class=\"wp-block-column is-vertically-aligned-top is-layout-flow wp-block-column-is-layout-flow\" style=\"flex-basis:85px\"><div class=\"working-wheel-wrapper mb-0\">\n    <div class=\"working-wheel\" style=\"background-image: url(https:\/\/classic-parts-finder.com\/content\/wp-content\/themes\/classicpartsfinder\/img\/working-wheel.svg)\">\n        <i class=\"fa-classic fa-regular fa-shield-check\" aria-hidden=\"true\"><\/i>    <\/div>\n<\/div>\n<\/div>\n\n\n\n<div class=\"wp-block-column is-vertically-aligned-top is-layout-flow wp-block-column-is-layout-flow\">\n<h3 class=\"wp-block-heading\" id=\"h-transaction-securisee-et-garantie\">Transaction s\u00e9curis\u00e9e et garantie<\/h3>\n\n\n\n<p>Vendez vos pi\u00e8ces en toute s\u00e9curit\u00e9 avec <strong>Stripe, notre partenaire qui s\u00e9curise vos ventes !<\/strong><\/p>\n\n\n\n<p class=\"has-secondary-color has-text-color\"><a href=\"https:\/\/stripe.com\/fr\" target=\"_blank\" rel=\"noreferrer noopener\">En savoir plus<\/a><\/p>\n<\/div>\n<\/div>\n<\/div>\n\n\n\n<div class=\"wp-block-column is-layout-flow wp-block-column-is-layout-flow\">\n<figure class=\"wp-block-image size-full is-resized\"><img decoding=\"async\" src=\"https:\/\/classic-parts-finder.com\/content\/wp-content\/uploads\/2022\/02\/Frame-1.svg\" alt=\"\" class=\"wp-image-322\" style=\"width:443px;height:278px\"\/><\/figure>\n<\/div>\n<\/div>\n\n\n\n<div style=\"height:35px\" aria-hidden=\"true\" class=\"wp-block-spacer\"><\/div>\n\n\n\n<div class=\"wp-block-cover is-light\" style=\"min-height:243px;aspect-ratio:unset;\"><span aria-hidden=\"true\" class=\"wp-block-cover__background has-secondary-background-color has-background-dim-100 has-background-dim\"><\/span><div class=\"wp-block-cover__inner-container is-layout-flow wp-block-cover-is-layout-flow\">\n<div style=\"height:20px\" aria-hidden=\"true\" class=\"wp-block-spacer\"><\/div>\n\n\n\n<h3 class=\"wp-block-heading has-text-align-center has-blanc-color has-text-color\" id=\"h-pret-a-vendre-vos-pieces\">Pr\u00eat \u00e0 vendre vos pi\u00e8ces ?<\/h3>\n\n\n\n<p class=\"has-text-align-center has-blanc-color has-text-color has-lead-font-size\">L&#8217;inscription ne vous prendra que quelques instants !<\/p>\n\n\n\n<div style=\"height:15px\" aria-hidden=\"true\" class=\"wp-block-spacer\"><\/div>\n\n\n\n<div class=\"wp-block-buttons is-content-justification-center is-layout-flex wp-container-core-buttons-is-layout-16018d1d wp-block-buttons-is-layout-flex\">\n<div class=\"wp-block-button\"><a class=\"wp-block-button__link has-primary-color has-blanc-background-color has-text-color has-background has-normal-font-size has-custom-font-size wp-element-button\" href=\"https:\/\/classic-parts-finder.com\/fr\/merchant\/settings\/Pro\" style=\"border-radius:4px\"><strong>Je suis professionnel<\/strong><\/a><\/div>\n\n\n\n<div class=\"wp-block-button\"><a class=\"wp-block-button__link has-primary-color has-blanc-background-color has-text-color has-background has-normal-font-size has-custom-font-size wp-element-button\" href=\"https:\/\/classic-parts-finder.com\/fr\/merchant\/settings\/Particulier\" style=\"border-radius:4px\"><strong>Je suis un particulier<\/strong><\/a><\/div>\n<\/div>\n\n\n\n<div style=\"height:20px\" aria-hidden=\"true\" class=\"wp-block-spacer\"><\/div>\n<\/div><\/div>\n","protected":false},"excerpt":{"rendered":"<p>Vous allez gagner du temps ! Vous avez beaucoup trop de pi\u00e8ces sur vos \u00e9tag\u00e8res mais pas le temps de r\u00e9diger des annonces ? Dans ce cas, indiquez uniquement les pi\u00e8ces que vous avez de disponible, et vous serez automatiquement inform\u00e9 des recherches qui correspondent \u00e0 votre stock. Essayez ! la configuration ne prend que [&hellip;]<\/p>\n","protected":false},"author":1,"featured_media":12,"parent":0,"menu_order":0,"comment_status":"closed","ping_status":"closed","template":"template-sell-parts.php","meta":{"inline_featured_image":false,"footnotes":""},"class_list":["post-11","page","type-page","status-publish","has-post-thumbnail","hentry"],"yoast_head":"<!-- This site is optimized with the Yoast SEO Premium plugin v21.5 (Yoast SEO v27.5) - https:\/\/yoast.com\/product\/yoast-seo-premium-wordpress\/ -->\n<title>Vendre mes pi\u00e8ces - Classic Parts Finder<\/title>\n<meta name=\"description\" content=\"Avec Classic Parts Finder, vendre ses pi\u00e8ces d\u00e9tach\u00e9es est un jeu d&#039;enfant !\" \/>\n<meta name=\"robots\" content=\"index, follow, max-snippet:-1, max-image-preview:large, max-video-preview:-1\" \/>\n<link rel=\"canonical\" href=\"https:\/\/classic-parts-finder.com\/content\/vendre-des-pieces\/\" \/>\n<meta property=\"og:locale\" content=\"fr_FR\" \/>\n<meta property=\"og:type\" content=\"article\" \/>\n<meta property=\"og:title\" content=\"Vendre mes pi\u00e8ces\" \/>\n<meta property=\"og:description\" content=\"Avec Classic Parts Finder, vendre ses pi\u00e8ces d\u00e9tach\u00e9es est un jeu d&#039;enfant !\" \/>\n<meta property=\"og:url\" content=\"https:\/\/classic-parts-finder.com\/content\/vendre-des-pieces\/\" \/>\n<meta property=\"og:site_name\" content=\"Classic Parts Finder\" \/>\n<meta property=\"article:publisher\" content=\"https:\/\/www.facebook.com\/classicpartsfinder\/\" \/>\n<meta property=\"article:modified_time\" content=\"2025-12-12T22:13:21+00:00\" \/>\n<meta property=\"og:image\" content=\"https:\/\/classic-parts-finder.com\/content\/wp-content\/uploads\/2022\/01\/vendre-pieces-single-page.jpeg\" \/>\n\t<meta property=\"og:image:width\" content=\"1400\" \/>\n\t<meta property=\"og:image:height\" content=\"738\" \/>\n\t<meta property=\"og:image:type\" content=\"image\/jpeg\" \/>\n<meta name=\"twitter:card\" content=\"summary_large_image\" \/>\n<meta name=\"twitter:label1\" content=\"Dur\u00e9e de lecture estim\u00e9e\" \/>\n\t<meta name=\"twitter:data1\" content=\"2 minutes\" \/>\n<script type=\"application\/ld+json\" class=\"yoast-schema-graph\">{\"@context\":\"https:\\\/\\\/schema.org\",\"@graph\":[{\"@type\":\"WebPage\",\"@id\":\"https:\\\/\\\/classic-parts-finder.com\\\/content\\\/vendre-des-pieces\\\/\",\"url\":\"https:\\\/\\\/classic-parts-finder.com\\\/content\\\/vendre-des-pieces\\\/\",\"name\":\"Vendre mes pi\u00e8ces - Classic Parts Finder\",\"isPartOf\":{\"@id\":\"https:\\\/\\\/classic-parts-finder.com\\\/content\\\/#website\"},\"primaryImageOfPage\":{\"@id\":\"https:\\\/\\\/classic-parts-finder.com\\\/content\\\/vendre-des-pieces\\\/#primaryimage\"},\"image\":{\"@id\":\"https:\\\/\\\/classic-parts-finder.com\\\/content\\\/vendre-des-pieces\\\/#primaryimage\"},\"thumbnailUrl\":\"https:\\\/\\\/classic-parts-finder.com\\\/content\\\/wp-content\\\/uploads\\\/2022\\\/01\\\/vendre-pieces-single-page.jpeg\",\"datePublished\":\"2022-01-28T15:02:56+00:00\",\"dateModified\":\"2025-12-12T22:13:21+00:00\",\"description\":\"Avec Classic Parts Finder, vendre ses pi\u00e8ces d\u00e9tach\u00e9es est un jeu d'enfant !\",\"breadcrumb\":{\"@id\":\"https:\\\/\\\/classic-parts-finder.com\\\/content\\\/vendre-des-pieces\\\/#breadcrumb\"},\"inLanguage\":\"fr-FR\",\"potentialAction\":[{\"@type\":\"ReadAction\",\"target\":[\"https:\\\/\\\/classic-parts-finder.com\\\/content\\\/vendre-des-pieces\\\/\"]}]},{\"@type\":\"ImageObject\",\"inLanguage\":\"fr-FR\",\"@id\":\"https:\\\/\\\/classic-parts-finder.com\\\/content\\\/vendre-des-pieces\\\/#primaryimage\",\"url\":\"https:\\\/\\\/classic-parts-finder.com\\\/content\\\/wp-content\\\/uploads\\\/2022\\\/01\\\/vendre-pieces-single-page.jpeg\",\"contentUrl\":\"https:\\\/\\\/classic-parts-finder.com\\\/content\\\/wp-content\\\/uploads\\\/2022\\\/01\\\/vendre-pieces-single-page.jpeg\",\"width\":1400,\"height\":738,\"caption\":\"enfants et ancienne voiture\"},{\"@type\":\"BreadcrumbList\",\"@id\":\"https:\\\/\\\/classic-parts-finder.com\\\/content\\\/vendre-des-pieces\\\/#breadcrumb\",\"itemListElement\":[{\"@type\":\"ListItem\",\"position\":1,\"name\":\"Accueil\",\"item\":\"https:\\\/\\\/classic-parts-finder.com\\\/content\\\/\"},{\"@type\":\"ListItem\",\"position\":2,\"name\":\"Vendre mes pi\u00e8ces\"}]},{\"@type\":\"WebSite\",\"@id\":\"https:\\\/\\\/classic-parts-finder.com\\\/content\\\/#website\",\"url\":\"https:\\\/\\\/classic-parts-finder.com\\\/content\\\/\",\"name\":\"Classic Parts Finder\",\"description\":\"La premi\u00e8re plateforme qui vous aide \u00e0 trouver, vendre, et r\u00e9nover vos pi\u00e8ces d\u00e9tach\u00e9es !\",\"publisher\":{\"@id\":\"https:\\\/\\\/classic-parts-finder.com\\\/content\\\/#organization\"},\"potentialAction\":[{\"@type\":\"SearchAction\",\"target\":{\"@type\":\"EntryPoint\",\"urlTemplate\":\"https:\\\/\\\/classic-parts-finder.com\\\/content\\\/?s={search_term_string}\"},\"query-input\":{\"@type\":\"PropertyValueSpecification\",\"valueRequired\":true,\"valueName\":\"search_term_string\"}}],\"inLanguage\":\"fr-FR\"},{\"@type\":\"Organization\",\"@id\":\"https:\\\/\\\/classic-parts-finder.com\\\/content\\\/#organization\",\"name\":\"Classic Parts Finder\",\"alternateName\":\"CPF\",\"url\":\"https:\\\/\\\/classic-parts-finder.com\\\/content\\\/\",\"logo\":{\"@type\":\"ImageObject\",\"inLanguage\":\"fr-FR\",\"@id\":\"https:\\\/\\\/classic-parts-finder.com\\\/content\\\/#\\\/schema\\\/logo\\\/image\\\/\",\"url\":\"https:\\\/\\\/classic-parts-finder.com\\\/wp-content\\\/uploads\\\/2022\\\/08\\\/Classic-Parts-Finder.jpg\",\"contentUrl\":\"https:\\\/\\\/classic-parts-finder.com\\\/wp-content\\\/uploads\\\/2022\\\/08\\\/Classic-Parts-Finder.jpg\",\"width\":1399,\"height\":1399,\"caption\":\"Classic Parts Finder\"},\"image\":{\"@id\":\"https:\\\/\\\/classic-parts-finder.com\\\/content\\\/#\\\/schema\\\/logo\\\/image\\\/\"},\"sameAs\":[\"https:\\\/\\\/www.facebook.com\\\/classicpartsfinder\\\/\",\"https:\\\/\\\/www.instagram.com\\\/classic_parts_finder\\\/\"]}]}<\/script>\n<!-- \/ Yoast SEO Premium plugin. -->","yoast_head_json":{"title":"Vendre mes pi\u00e8ces - Classic Parts Finder","description":"Avec Classic Parts Finder, vendre ses pi\u00e8ces d\u00e9tach\u00e9es est un jeu d'enfant !","robots":{"index":"index","follow":"follow","max-snippet":"max-snippet:-1","max-image-preview":"max-image-preview:large","max-video-preview":"max-video-preview:-1"},"canonical":"https:\/\/classic-parts-finder.com\/content\/vendre-des-pieces\/","og_locale":"fr_FR","og_type":"article","og_title":"Vendre mes pi\u00e8ces","og_description":"Avec Classic Parts Finder, vendre ses pi\u00e8ces d\u00e9tach\u00e9es est un jeu d'enfant !","og_url":"https:\/\/classic-parts-finder.com\/content\/vendre-des-pieces\/","og_site_name":"Classic Parts Finder","article_publisher":"https:\/\/www.facebook.com\/classicpartsfinder\/","article_modified_time":"2025-12-12T22:13:21+00:00","og_image":[{"width":1400,"height":738,"url":"https:\/\/classic-parts-finder.com\/content\/wp-content\/uploads\/2022\/01\/vendre-pieces-single-page.jpeg","type":"image\/jpeg"}],"twitter_card":"summary_large_image","twitter_misc":{"Dur\u00e9e de lecture estim\u00e9e":"2 minutes"},"schema":{"@context":"https:\/\/schema.org","@graph":[{"@type":"WebPage","@id":"https:\/\/classic-parts-finder.com\/content\/vendre-des-pieces\/","url":"https:\/\/classic-parts-finder.com\/content\/vendre-des-pieces\/","name":"Vendre mes pi\u00e8ces - Classic Parts Finder","isPartOf":{"@id":"https:\/\/classic-parts-finder.com\/content\/#website"},"primaryImageOfPage":{"@id":"https:\/\/classic-parts-finder.com\/content\/vendre-des-pieces\/#primaryimage"},"image":{"@id":"https:\/\/classic-parts-finder.com\/content\/vendre-des-pieces\/#primaryimage"},"thumbnailUrl":"https:\/\/classic-parts-finder.com\/content\/wp-content\/uploads\/2022\/01\/vendre-pieces-single-page.jpeg","datePublished":"2022-01-28T15:02:56+00:00","dateModified":"2025-12-12T22:13:21+00:00","description":"Avec Classic Parts Finder, vendre ses pi\u00e8ces d\u00e9tach\u00e9es est un jeu d'enfant !","breadcrumb":{"@id":"https:\/\/classic-parts-finder.com\/content\/vendre-des-pieces\/#breadcrumb"},"inLanguage":"fr-FR","potentialAction":[{"@type":"ReadAction","target":["https:\/\/classic-parts-finder.com\/content\/vendre-des-pieces\/"]}]},{"@type":"ImageObject","inLanguage":"fr-FR","@id":"https:\/\/classic-parts-finder.com\/content\/vendre-des-pieces\/#primaryimage","url":"https:\/\/classic-parts-finder.com\/content\/wp-content\/uploads\/2022\/01\/vendre-pieces-single-page.jpeg","contentUrl":"https:\/\/classic-parts-finder.com\/content\/wp-content\/uploads\/2022\/01\/vendre-pieces-single-page.jpeg","width":1400,"height":738,"caption":"enfants et ancienne voiture"},{"@type":"BreadcrumbList","@id":"https:\/\/classic-parts-finder.com\/content\/vendre-des-pieces\/#breadcrumb","itemListElement":[{"@type":"ListItem","position":1,"name":"Accueil","item":"https:\/\/classic-parts-finder.com\/content\/"},{"@type":"ListItem","position":2,"name":"Vendre mes pi\u00e8ces"}]},{"@type":"WebSite","@id":"https:\/\/classic-parts-finder.com\/content\/#website","url":"https:\/\/classic-parts-finder.com\/content\/","name":"Classic Parts Finder","description":"La premi\u00e8re plateforme qui vous aide \u00e0 trouver, vendre, et r\u00e9nover vos pi\u00e8ces d\u00e9tach\u00e9es !","publisher":{"@id":"https:\/\/classic-parts-finder.com\/content\/#organization"},"potentialAction":[{"@type":"SearchAction","target":{"@type":"EntryPoint","urlTemplate":"https:\/\/classic-parts-finder.com\/content\/?s={search_term_string}"},"query-input":{"@type":"PropertyValueSpecification","valueRequired":true,"valueName":"search_term_string"}}],"inLanguage":"fr-FR"},{"@type":"Organization","@id":"https:\/\/classic-parts-finder.com\/content\/#organization","name":"Classic Parts Finder","alternateName":"CPF","url":"https:\/\/classic-parts-finder.com\/content\/","logo":{"@type":"ImageObject","inLanguage":"fr-FR","@id":"https:\/\/classic-parts-finder.com\/content\/#\/schema\/logo\/image\/","url":"https:\/\/classic-parts-finder.com\/wp-content\/uploads\/2022\/08\/Classic-Parts-Finder.jpg","contentUrl":"https:\/\/classic-parts-finder.com\/wp-content\/uploads\/2022\/08\/Classic-Parts-Finder.jpg","width":1399,"height":1399,"caption":"Classic Parts Finder"},"image":{"@id":"https:\/\/classic-parts-finder.com\/content\/#\/schema\/logo\/image\/"},"sameAs":["https:\/\/www.facebook.com\/classicpartsfinder\/","https:\/\/www.instagram.com\/classic_parts_finder\/"]}]}},"lang":"fr","translations":{"fr":11,"en":199,"de":507},"pll_sync_post":[],"acf":[],"_links":{"self":[{"href":"https:\/\/classic-parts-finder.com\/content\/wp-json\/wp\/v2\/pages\/11","targetHints":{"allow":["GET"]}}],"collection":[{"href":"https:\/\/classic-parts-finder.com\/content\/wp-json\/wp\/v2\/pages"}],"about":[{"href":"https:\/\/classic-parts-finder.com\/content\/wp-json\/wp\/v2\/types\/page"}],"author":[{"embeddable":true,"href":"https:\/\/classic-parts-finder.com\/content\/wp-json\/wp\/v2\/users\/1"}],"replies":[{"embeddable":true,"href":"https:\/\/classic-parts-finder.com\/content\/wp-json\/wp\/v2\/comments?post=11"}],"version-history":[{"count":109,"href":"https:\/\/classic-parts-finder.com\/content\/wp-json\/wp\/v2\/pages\/11\/revisions"}],"predecessor-version":[{"id":1857,"href":"https:\/\/classic-parts-finder.com\/content\/wp-json\/wp\/v2\/pages\/11\/revisions\/1857"}],"wp:featuredmedia":[{"embeddable":true,"href":"https:\/\/classic-parts-finder.com\/content\/wp-json\/wp\/v2\/media\/12"}],"wp:attachment":[{"href":"https:\/\/classic-parts-finder.com\/content\/wp-json\/wp\/v2\/media?parent=11"}],"curies":[{"name":"wp","href":"https:\/\/api.w.org\/{rel}","templated":true}]}}