{"id":14,"date":"2022-01-28T16:04:24","date_gmt":"2022-01-28T15:04:24","guid":{"rendered":"http:\/\/classic-parts-finder.com\/?page_id=14"},"modified":"2023-11-22T15:32:58","modified_gmt":"2023-11-22T14:32:58","slug":"qui-sommes-nous","status":"publish","type":"page","link":"https:\/\/classic-parts-finder.com\/content\/qui-sommes-nous\/","title":{"rendered":"Qui sommes-nous ?"},"content":{"rendered":"\n<h3 class=\"wp-block-heading\" id=\"naissance-d-une-idee\"><strong>Notre histoire<\/strong><\/h3>\n\n\n\n<div style=\"height:20px\" aria-hidden=\"true\" class=\"wp-block-spacer\"><\/div>\n\n\n\n<div class=\"wp-block-media-text alignwide is-stacked-on-mobile is-image-fill\"><figure class=\"wp-block-media-text__media\" style=\"background-image:url(https:\/\/classic-parts-finder.com\/content\/wp-content\/uploads\/2022\/02\/qui-sommes-nous-1024x680.jpeg);background-position:50% 50%\"><img loading=\"lazy\" decoding=\"async\" width=\"1024\" height=\"680\" src=\"https:\/\/classic-parts-finder.com\/content\/wp-content\/uploads\/2022\/02\/qui-sommes-nous-1024x680.jpeg\" alt=\"\" class=\"wp-image-171 size-full\" srcset=\"https:\/\/classic-parts-finder.com\/content\/wp-content\/uploads\/2022\/02\/qui-sommes-nous-1024x680.jpeg 1024w, https:\/\/classic-parts-finder.com\/content\/wp-content\/uploads\/2022\/02\/qui-sommes-nous-300x199.jpeg 300w, https:\/\/classic-parts-finder.com\/content\/wp-content\/uploads\/2022\/02\/qui-sommes-nous-768x510.jpeg 768w, https:\/\/classic-parts-finder.com\/content\/wp-content\/uploads\/2022\/02\/qui-sommes-nous.jpeg 1200w\" sizes=\"auto, (max-width: 1024px) 100vw, 1024px\" \/><\/figure><div class=\"wp-block-media-text__content\">\n<p class=\"has-normal-font-size\">Classic Parts Finder est n\u00e9 \u2013comme toute bonne id\u00e9e para\u00eet-il- d\u2019une frustration&nbsp;! Son fondateur, <strong>Benjamin&nbsp;Grappin<\/strong>, lui-m\u00eame f\u00e9ru de v\u00e9hicules anciens en tous genres et collectionneur \u00e0 ses heures, se pla\u00eet depuis toujours \u00e0 chiner les bourses d\u2019\u00e9changes ou \u00e0 arpenter le web \u00e0 la recherche de la bonne pi\u00e8ce d\u00e9tach\u00e9e. Encore faut-il trouver le temps n\u00e9cessaire\u2026 S\u2019ensuivent quelques&nbsp;exp\u00e9riences malheureuses (pi\u00e8ces de refabrication de pi\u00e8tre qualit\u00e9, arnaques sur des sites \u00e0 grand renfort publicitaire, projets de restauration retard\u00e9s&#8230;) pour que Benjamin d\u00e9cide de s\u2019attaquer au sujet&nbsp;!<\/p>\n<\/div><\/div>\n\n\n\n<div style=\"height:20px\" aria-hidden=\"true\" class=\"wp-block-spacer\"><\/div>\n\n\n\n<p class=\"has-normal-font-size\">Pourquoi ne pas imaginer une plateforme \u00e0 vocation internationale enti\u00e8rement d\u00e9di\u00e9e \u00e0 cette probl\u00e9matique pour nos v\u00e9hicules de collection, qui permettrait \u00e0 chacun \u2013qu&#8217;il soit amateur ou professionnel- de l&#8217;aider \u00e0 <strong>trouver<\/strong>, <strong>vendre<\/strong>, ou encore \u00e0 <strong>r\u00e9nover <\/strong>facilement ses pi\u00e8ces d\u00e9tach\u00e9es\u00a0?<\/p>\n\n\n\n<p class=\"has-normal-font-size\"><\/p>\n\n\n\n<p class=\"has-normal-font-size\">Une aubaine pour Benjamin, qui peut ainsi mettre \u00e0 profit ses connaissances encyclop\u00e9diques en mati\u00e8re d&#8217;automobile ancienne, et allier la chose avec son exp\u00e9rience professionnelle fortement ancr\u00e9e \u00e0 l&#8217;international (Benjamin a \u00e9tudi\u00e9 en France et aux \u00c9tats-Unis, puis travaill\u00e9 \u00e0 New York, Berlin, et r\u00e9sid\u00e9 une douzaine d&#8217;ann\u00e9es en Suisse. Il vit actuellement en Allemagne, dans la r\u00e9gion de Cologne).<\/p>\n\n\n\n<div style=\"height:32px\" aria-hidden=\"true\" class=\"wp-block-spacer\"><\/div>\n\n\n\n<h3 class=\"wp-block-heading\" id=\"naissance-d-une-idee\"><strong>Le concept<\/strong><\/h3>\n\n\n\n<div style=\"height:20px\" aria-hidden=\"true\" class=\"wp-block-spacer\"><\/div>\n\n\n\n<p class=\"has-normal-font-size\">Classic Parts Finder ambitionne de r\u00e9soudre bien des tracas de collectionneurs en se chargeant de centraliser les demandes et les offres de pi\u00e8ces d\u00e9tach\u00e9es. L&#8217;id\u00e9e consiste aussi \u00e0 privil\u00e9gier la r\u00e9novation d&#8217;une pi\u00e8ce us\u00e9e plut\u00f4t que son remplacement, en facilitant la collaboration avec divers restaurateurs et sp\u00e9cialistes.<\/p>\n\n\n\n<p><\/p>\n\n\n\n<p class=\"has-normal-font-size\">Dot\u00e9e d\u2019une interface intelligente simple et intuitive, la plateforme privil\u00e9gie les pi\u00e8ces d\u2019origine, ou des pi\u00e8ces de refabrication de meilleure qualit\u00e9, en puisant sur un r\u00e9seau international compos\u00e9 aussi bien de professionnels et d\u2019amateurs. Toutes les demandes ainsi que les pi\u00e8ces propos\u00e9es \u00e0 la vente sont soumises \u00e0 mod\u00e9ration, afin de s&#8217;assurer de la qualit\u00e9 des \u00e9changes.<\/p>\n\n\n\n<p><\/p>\n\n\n\n<p class=\"has-normal-font-size\">Convaincu ? Que vous soyez chercheur, revendeur, ou restaurateur, rejoignez la communaut\u00e9 Classic Parts Finder en vous inscrivant <strong><a href=\"https:\/\/classic-parts-finder.com\/fr\/newAccount\">ici<\/a><\/strong> !<\/p>\n\n\n\n<p class=\"has-normal-font-size\">Si vous avez des questions, n\u2019h\u00e9sitez pas \u00e0 nous \u00e9crire via le <strong><a href=\"https:\/\/classic-parts-finder.com\/content\/nous-contacter\/\">formulaire de contact<\/a><\/strong>.<\/p>\n\n\n\n<div style=\"height:31px\" aria-hidden=\"true\" class=\"wp-block-spacer\"><\/div>\n\n\n\n<h3 class=\"wp-block-heading\" id=\"naissance-d-une-idee\"><strong>L&#8217;ADN Classic Parts Finder<\/strong><\/h3>\n\n\n\n<div style=\"height:20px\" aria-hidden=\"true\" class=\"wp-block-spacer\"><\/div>\n\n\n\n<ul class=\"wp-block-list\">\n<li>Rechercher\/Vendre\/R\u00e9nover<\/li>\n\n\n\n<li>La pi\u00e8ce d\u2019origine et la qualit\u00e9<\/li>\n\n\n\n<li>Le gain de temps<\/li>\n\n\n\n<li>La qualit\u00e9 des contenus<\/li>\n\n\n\n<li>Choisir\/Comparer<\/li>\n\n\n\n<li>Le service client<\/li>\n\n\n\n<li>L\u2019internationalit\u00e9<\/li>\n\n\n\n<li>Pas de publicit\u00e9 invasive<\/li>\n<\/ul>\n","protected":false},"excerpt":{"rendered":"<p>Notre histoire Classic Parts Finder est n\u00e9 \u2013comme toute bonne id\u00e9e para\u00eet-il- d\u2019une frustration&nbsp;! Son fondateur, Benjamin&nbsp;Grappin, lui-m\u00eame f\u00e9ru de v\u00e9hicules anciens en tous genres et collectionneur \u00e0 ses heures, se pla\u00eet depuis toujours \u00e0 chiner les bourses d\u2019\u00e9changes ou \u00e0 arpenter le web \u00e0 la recherche de la bonne pi\u00e8ce d\u00e9tach\u00e9e. Encore faut-il trouver [&hellip;]<\/p>\n","protected":false},"author":1,"featured_media":171,"parent":0,"menu_order":0,"comment_status":"closed","ping_status":"closed","template":"","meta":{"inline_featured_image":false,"footnotes":""},"class_list":["post-14","page","type-page","status-publish","has-post-thumbnail","hentry"],"yoast_head":"<!-- This site is optimized with the Yoast SEO Premium plugin v21.5 (Yoast SEO v27.5) - https:\/\/yoast.com\/product\/yoast-seo-premium-wordpress\/ -->\n<title>Qui sommes-nous ? - Classic Parts Finder<\/title>\n<meta name=\"description\" content=\"Classic Parts Finder est n\u00e9 de la gal\u00e8re de son fondateur - Benjamin Grappin - \u00e0 ne pas trouver ses pi\u00e8ces d\u00e9tach\u00e9es!\" \/>\n<meta name=\"robots\" content=\"index, follow, max-snippet:-1, max-image-preview:large, max-video-preview:-1\" \/>\n<link rel=\"canonical\" href=\"https:\/\/classic-parts-finder.com\/content\/qui-sommes-nous\/\" \/>\n<meta property=\"og:locale\" content=\"fr_FR\" \/>\n<meta property=\"og:type\" content=\"article\" \/>\n<meta property=\"og:title\" content=\"Qui sommes-nous ?\" \/>\n<meta property=\"og:description\" content=\"Classic Parts Finder est n\u00e9 de la gal\u00e8re de son fondateur - Benjamin Grappin - \u00e0 ne pas trouver ses pi\u00e8ces d\u00e9tach\u00e9es!\" \/>\n<meta property=\"og:url\" content=\"https:\/\/classic-parts-finder.com\/content\/qui-sommes-nous\/\" \/>\n<meta property=\"og:site_name\" content=\"Classic Parts Finder\" \/>\n<meta property=\"article:publisher\" content=\"https:\/\/www.facebook.com\/classicpartsfinder\/\" \/>\n<meta property=\"article:modified_time\" content=\"2023-11-22T14:32:58+00:00\" \/>\n<meta property=\"og:image\" content=\"https:\/\/classic-parts-finder.com\/content\/wp-content\/uploads\/2022\/02\/qui-sommes-nous.jpeg\" \/>\n\t<meta property=\"og:image:width\" content=\"1200\" \/>\n\t<meta property=\"og:image:height\" content=\"797\" \/>\n\t<meta property=\"og:image:type\" content=\"image\/jpeg\" \/>\n<meta name=\"twitter:card\" content=\"summary_large_image\" \/>\n<meta name=\"twitter:label1\" content=\"Dur\u00e9e de lecture estim\u00e9e\" \/>\n\t<meta name=\"twitter:data1\" content=\"3 minutes\" \/>\n<script type=\"application\/ld+json\" class=\"yoast-schema-graph\">{\"@context\":\"https:\\\/\\\/schema.org\",\"@graph\":[{\"@type\":\"WebPage\",\"@id\":\"https:\\\/\\\/classic-parts-finder.com\\\/content\\\/qui-sommes-nous\\\/\",\"url\":\"https:\\\/\\\/classic-parts-finder.com\\\/content\\\/qui-sommes-nous\\\/\",\"name\":\"Qui sommes-nous ? - Classic Parts Finder\",\"isPartOf\":{\"@id\":\"https:\\\/\\\/classic-parts-finder.com\\\/content\\\/#website\"},\"primaryImageOfPage\":{\"@id\":\"https:\\\/\\\/classic-parts-finder.com\\\/content\\\/qui-sommes-nous\\\/#primaryimage\"},\"image\":{\"@id\":\"https:\\\/\\\/classic-parts-finder.com\\\/content\\\/qui-sommes-nous\\\/#primaryimage\"},\"thumbnailUrl\":\"https:\\\/\\\/classic-parts-finder.com\\\/content\\\/wp-content\\\/uploads\\\/2022\\\/02\\\/qui-sommes-nous.jpeg\",\"datePublished\":\"2022-01-28T15:04:24+00:00\",\"dateModified\":\"2023-11-22T14:32:58+00:00\",\"description\":\"Classic Parts Finder est n\u00e9 de la gal\u00e8re de son fondateur - Benjamin Grappin - \u00e0 ne pas trouver ses pi\u00e8ces d\u00e9tach\u00e9es!\",\"breadcrumb\":{\"@id\":\"https:\\\/\\\/classic-parts-finder.com\\\/content\\\/qui-sommes-nous\\\/#breadcrumb\"},\"inLanguage\":\"fr-FR\",\"potentialAction\":[{\"@type\":\"ReadAction\",\"target\":[\"https:\\\/\\\/classic-parts-finder.com\\\/content\\\/qui-sommes-nous\\\/\"]}]},{\"@type\":\"ImageObject\",\"inLanguage\":\"fr-FR\",\"@id\":\"https:\\\/\\\/classic-parts-finder.com\\\/content\\\/qui-sommes-nous\\\/#primaryimage\",\"url\":\"https:\\\/\\\/classic-parts-finder.com\\\/content\\\/wp-content\\\/uploads\\\/2022\\\/02\\\/qui-sommes-nous.jpeg\",\"contentUrl\":\"https:\\\/\\\/classic-parts-finder.com\\\/content\\\/wp-content\\\/uploads\\\/2022\\\/02\\\/qui-sommes-nous.jpeg\",\"width\":1200,\"height\":797},{\"@type\":\"BreadcrumbList\",\"@id\":\"https:\\\/\\\/classic-parts-finder.com\\\/content\\\/qui-sommes-nous\\\/#breadcrumb\",\"itemListElement\":[{\"@type\":\"ListItem\",\"position\":1,\"name\":\"Accueil\",\"item\":\"https:\\\/\\\/classic-parts-finder.com\\\/content\\\/\"},{\"@type\":\"ListItem\",\"position\":2,\"name\":\"Qui sommes-nous ?\"}]},{\"@type\":\"WebSite\",\"@id\":\"https:\\\/\\\/classic-parts-finder.com\\\/content\\\/#website\",\"url\":\"https:\\\/\\\/classic-parts-finder.com\\\/content\\\/\",\"name\":\"Classic Parts Finder\",\"description\":\"La premi\u00e8re plateforme qui vous aide \u00e0 trouver, vendre, et r\u00e9nover vos pi\u00e8ces d\u00e9tach\u00e9es !\",\"publisher\":{\"@id\":\"https:\\\/\\\/classic-parts-finder.com\\\/content\\\/#organization\"},\"potentialAction\":[{\"@type\":\"SearchAction\",\"target\":{\"@type\":\"EntryPoint\",\"urlTemplate\":\"https:\\\/\\\/classic-parts-finder.com\\\/content\\\/?s={search_term_string}\"},\"query-input\":{\"@type\":\"PropertyValueSpecification\",\"valueRequired\":true,\"valueName\":\"search_term_string\"}}],\"inLanguage\":\"fr-FR\"},{\"@type\":\"Organization\",\"@id\":\"https:\\\/\\\/classic-parts-finder.com\\\/content\\\/#organization\",\"name\":\"Classic Parts Finder\",\"alternateName\":\"CPF\",\"url\":\"https:\\\/\\\/classic-parts-finder.com\\\/content\\\/\",\"logo\":{\"@type\":\"ImageObject\",\"inLanguage\":\"fr-FR\",\"@id\":\"https:\\\/\\\/classic-parts-finder.com\\\/content\\\/#\\\/schema\\\/logo\\\/image\\\/\",\"url\":\"https:\\\/\\\/classic-parts-finder.com\\\/wp-content\\\/uploads\\\/2022\\\/08\\\/Classic-Parts-Finder.jpg\",\"contentUrl\":\"https:\\\/\\\/classic-parts-finder.com\\\/wp-content\\\/uploads\\\/2022\\\/08\\\/Classic-Parts-Finder.jpg\",\"width\":1399,\"height\":1399,\"caption\":\"Classic Parts Finder\"},\"image\":{\"@id\":\"https:\\\/\\\/classic-parts-finder.com\\\/content\\\/#\\\/schema\\\/logo\\\/image\\\/\"},\"sameAs\":[\"https:\\\/\\\/www.facebook.com\\\/classicpartsfinder\\\/\",\"https:\\\/\\\/www.instagram.com\\\/classic_parts_finder\\\/\"]}]}<\/script>\n<!-- \/ Yoast SEO Premium plugin. -->","yoast_head_json":{"title":"Qui sommes-nous ? - Classic Parts Finder","description":"Classic Parts Finder est n\u00e9 de la gal\u00e8re de son fondateur - Benjamin Grappin - \u00e0 ne pas trouver ses pi\u00e8ces d\u00e9tach\u00e9es!","robots":{"index":"index","follow":"follow","max-snippet":"max-snippet:-1","max-image-preview":"max-image-preview:large","max-video-preview":"max-video-preview:-1"},"canonical":"https:\/\/classic-parts-finder.com\/content\/qui-sommes-nous\/","og_locale":"fr_FR","og_type":"article","og_title":"Qui sommes-nous ?","og_description":"Classic Parts Finder est n\u00e9 de la gal\u00e8re de son fondateur - Benjamin Grappin - \u00e0 ne pas trouver ses pi\u00e8ces d\u00e9tach\u00e9es!","og_url":"https:\/\/classic-parts-finder.com\/content\/qui-sommes-nous\/","og_site_name":"Classic Parts Finder","article_publisher":"https:\/\/www.facebook.com\/classicpartsfinder\/","article_modified_time":"2023-11-22T14:32:58+00:00","og_image":[{"width":1200,"height":797,"url":"https:\/\/classic-parts-finder.com\/content\/wp-content\/uploads\/2022\/02\/qui-sommes-nous.jpeg","type":"image\/jpeg"}],"twitter_card":"summary_large_image","twitter_misc":{"Dur\u00e9e de lecture estim\u00e9e":"3 minutes"},"schema":{"@context":"https:\/\/schema.org","@graph":[{"@type":"WebPage","@id":"https:\/\/classic-parts-finder.com\/content\/qui-sommes-nous\/","url":"https:\/\/classic-parts-finder.com\/content\/qui-sommes-nous\/","name":"Qui sommes-nous ? - Classic Parts Finder","isPartOf":{"@id":"https:\/\/classic-parts-finder.com\/content\/#website"},"primaryImageOfPage":{"@id":"https:\/\/classic-parts-finder.com\/content\/qui-sommes-nous\/#primaryimage"},"image":{"@id":"https:\/\/classic-parts-finder.com\/content\/qui-sommes-nous\/#primaryimage"},"thumbnailUrl":"https:\/\/classic-parts-finder.com\/content\/wp-content\/uploads\/2022\/02\/qui-sommes-nous.jpeg","datePublished":"2022-01-28T15:04:24+00:00","dateModified":"2023-11-22T14:32:58+00:00","description":"Classic Parts Finder est n\u00e9 de la gal\u00e8re de son fondateur - Benjamin Grappin - \u00e0 ne pas trouver ses pi\u00e8ces d\u00e9tach\u00e9es!","breadcrumb":{"@id":"https:\/\/classic-parts-finder.com\/content\/qui-sommes-nous\/#breadcrumb"},"inLanguage":"fr-FR","potentialAction":[{"@type":"ReadAction","target":["https:\/\/classic-parts-finder.com\/content\/qui-sommes-nous\/"]}]},{"@type":"ImageObject","inLanguage":"fr-FR","@id":"https:\/\/classic-parts-finder.com\/content\/qui-sommes-nous\/#primaryimage","url":"https:\/\/classic-parts-finder.com\/content\/wp-content\/uploads\/2022\/02\/qui-sommes-nous.jpeg","contentUrl":"https:\/\/classic-parts-finder.com\/content\/wp-content\/uploads\/2022\/02\/qui-sommes-nous.jpeg","width":1200,"height":797},{"@type":"BreadcrumbList","@id":"https:\/\/classic-parts-finder.com\/content\/qui-sommes-nous\/#breadcrumb","itemListElement":[{"@type":"ListItem","position":1,"name":"Accueil","item":"https:\/\/classic-parts-finder.com\/content\/"},{"@type":"ListItem","position":2,"name":"Qui sommes-nous ?"}]},{"@type":"WebSite","@id":"https:\/\/classic-parts-finder.com\/content\/#website","url":"https:\/\/classic-parts-finder.com\/content\/","name":"Classic Parts Finder","description":"La premi\u00e8re plateforme qui vous aide \u00e0 trouver, vendre, et r\u00e9nover vos pi\u00e8ces d\u00e9tach\u00e9es !","publisher":{"@id":"https:\/\/classic-parts-finder.com\/content\/#organization"},"potentialAction":[{"@type":"SearchAction","target":{"@type":"EntryPoint","urlTemplate":"https:\/\/classic-parts-finder.com\/content\/?s={search_term_string}"},"query-input":{"@type":"PropertyValueSpecification","valueRequired":true,"valueName":"search_term_string"}}],"inLanguage":"fr-FR"},{"@type":"Organization","@id":"https:\/\/classic-parts-finder.com\/content\/#organization","name":"Classic Parts Finder","alternateName":"CPF","url":"https:\/\/classic-parts-finder.com\/content\/","logo":{"@type":"ImageObject","inLanguage":"fr-FR","@id":"https:\/\/classic-parts-finder.com\/content\/#\/schema\/logo\/image\/","url":"https:\/\/classic-parts-finder.com\/wp-content\/uploads\/2022\/08\/Classic-Parts-Finder.jpg","contentUrl":"https:\/\/classic-parts-finder.com\/wp-content\/uploads\/2022\/08\/Classic-Parts-Finder.jpg","width":1399,"height":1399,"caption":"Classic Parts Finder"},"image":{"@id":"https:\/\/classic-parts-finder.com\/content\/#\/schema\/logo\/image\/"},"sameAs":["https:\/\/www.facebook.com\/classicpartsfinder\/","https:\/\/www.instagram.com\/classic_parts_finder\/"]}]}},"lang":"fr","translations":{"fr":14,"en":208,"de":500},"pll_sync_post":[],"acf":[],"_links":{"self":[{"href":"https:\/\/classic-parts-finder.com\/content\/wp-json\/wp\/v2\/pages\/14","targetHints":{"allow":["GET"]}}],"collection":[{"href":"https:\/\/classic-parts-finder.com\/content\/wp-json\/wp\/v2\/pages"}],"about":[{"href":"https:\/\/classic-parts-finder.com\/content\/wp-json\/wp\/v2\/types\/page"}],"author":[{"embeddable":true,"href":"https:\/\/classic-parts-finder.com\/content\/wp-json\/wp\/v2\/users\/1"}],"replies":[{"embeddable":true,"href":"https:\/\/classic-parts-finder.com\/content\/wp-json\/wp\/v2\/comments?post=14"}],"version-history":[{"count":33,"href":"https:\/\/classic-parts-finder.com\/content\/wp-json\/wp\/v2\/pages\/14\/revisions"}],"predecessor-version":[{"id":1777,"href":"https:\/\/classic-parts-finder.com\/content\/wp-json\/wp\/v2\/pages\/14\/revisions\/1777"}],"wp:featuredmedia":[{"embeddable":true,"href":"https:\/\/classic-parts-finder.com\/content\/wp-json\/wp\/v2\/media\/171"}],"wp:attachment":[{"href":"https:\/\/classic-parts-finder.com\/content\/wp-json\/wp\/v2\/media?parent=14"}],"curies":[{"name":"wp","href":"https:\/\/api.w.org\/{rel}","templated":true}]}}