{"id":1643,"date":"2023-03-15T14:38:06","date_gmt":"2023-03-15T13:38:06","guid":{"rendered":"https:\/\/classic-parts-finder.com\/content\/?page_id=1643"},"modified":"2023-03-15T17:27:07","modified_gmt":"2023-03-15T16:27:07","slug":"eine-anzeige-melden","status":"publish","type":"page","link":"https:\/\/classic-parts-finder.com\/content\/de\/eine-anzeige-melden\/","title":{"rendered":"Eine Anzeige melden"},"content":{"rendered":"<script type=\"text\/javascript\">\n\/* <![CDATA[ *\/\nvar gform;gform||(document.addEventListener(\"gform_main_scripts_loaded\",function(){gform.scriptsLoaded=!0}),document.addEventListener(\"gform\/theme\/scripts_loaded\",function(){gform.themeScriptsLoaded=!0}),window.addEventListener(\"DOMContentLoaded\",function(){gform.domLoaded=!0}),gform={domLoaded:!1,scriptsLoaded:!1,themeScriptsLoaded:!1,isFormEditor:()=>\"function\"==typeof InitializeEditor,callIfLoaded:function(o){return!(!gform.domLoaded||!gform.scriptsLoaded||!gform.themeScriptsLoaded&&!gform.isFormEditor()||(gform.isFormEditor()&&console.warn(\"The use of gform.initializeOnLoaded() is deprecated in the form editor context and will be removed in Gravity Forms 3.1.\"),o(),0))},initializeOnLoaded:function(o){gform.callIfLoaded(o)||(document.addEventListener(\"gform_main_scripts_loaded\",()=>{gform.scriptsLoaded=!0,gform.callIfLoaded(o)}),document.addEventListener(\"gform\/theme\/scripts_loaded\",()=>{gform.themeScriptsLoaded=!0,gform.callIfLoaded(o)}),window.addEventListener(\"DOMContentLoaded\",()=>{gform.domLoaded=!0,gform.callIfLoaded(o)}))},hooks:{action:{},filter:{}},addAction:function(o,r,e,t){gform.addHook(\"action\",o,r,e,t)},addFilter:function(o,r,e,t){gform.addHook(\"filter\",o,r,e,t)},doAction:function(o){gform.doHook(\"action\",o,arguments)},applyFilters:function(o){return gform.doHook(\"filter\",o,arguments)},removeAction:function(o,r){gform.removeHook(\"action\",o,r)},removeFilter:function(o,r,e){gform.removeHook(\"filter\",o,r,e)},addHook:function(o,r,e,t,n){null==gform.hooks[o][r]&&(gform.hooks[o][r]=[]);var d=gform.hooks[o][r];null==n&&(n=r+\"_\"+d.length),gform.hooks[o][r].push({tag:n,callable:e,priority:t=null==t?10:t})},doHook:function(r,o,e){var t;if(e=Array.prototype.slice.call(e,1),null!=gform.hooks[r][o]&&((o=gform.hooks[r][o]).sort(function(o,r){return o.priority-r.priority}),o.forEach(function(o){\"function\"!=typeof(t=o.callable)&&(t=window[t]),\"action\"==r?t.apply(null,e):e[0]=t.apply(null,e)})),\"filter\"==r)return e[0]},removeHook:function(o,r,t,n){var e;null!=gform.hooks[o][r]&&(e=(e=gform.hooks[o][r]).filter(function(o,r,e){return!!(null!=n&&n!=o.tag||null!=t&&t!=o.priority)}),gform.hooks[o][r]=e)}});\n\/* ]]> *\/\n<\/script>\n\n                <div class='gf_browser_gecko gform_wrapper gravity-theme gform-theme--no-framework' data-form-theme='gravity-theme' data-form-index='0' id='gform_wrapper_27' style='display:none'><div id='gf_27' class='gform_anchor' tabindex='-1'><\/div><form method='post' enctype='multipart\/form-data' target='gform_ajax_frame_27' id='gform_27'  action='\/content\/wp-json\/wp\/v2\/pages\/1643#gf_27' data-formid='27' novalidate>\n                        <div class='gform-body gform_body'><div id='gform_fields_27' class='gform_fields top_label form_sublabel_below description_below validation_below'><div id=\"field_27_11\" class=\"gfield gfield--type-select gfield--width-full gfield_contains_required field_sublabel_below gfield--no-description field_description_below hidden_label field_validation_below gfield_visibility_visible\"  ><label class='gfield_label gform-field-label' for='input_27_11'>Thema<span class=\"gfield_required\"><span class=\"gfield_required gfield_required_text\">(N\u00e9cessaire)<\/span><\/span><\/label><div class='ginput_container ginput_container_select'><select name='input_11' id='input_27_11' class='large gfield_select'    aria-required=\"true\" aria-invalid=\"false\" ><option value='Betrug' selected='selected'>Betrug<\/option><option value='Falsche Kategorie' >Falsche Kategorie<\/option><option value='Bereits verkauft' >Bereits verkauft<\/option><option value='F\u00e4lschung' >F\u00e4lschung<\/option><option value='Anderer Missbrauch' >Anderer Missbrauch<\/option><\/select><\/div><\/div><div id=\"field_27_13\" class=\"gfield gfield--type-html gfield--width-full gfield_html gfield_html_formatted gfield_no_follows_desc field_sublabel_below gfield--no-description field_description_below field_validation_below gfield_visibility_visible\"  ><div class=\"alert alert-info\">\nWir bitten Sie, uns alle n\u00fctzlichen Informationen zur Verf\u00fcgung zu stellen, um Ihren Antrag auf L\u00f6schung zu unterst\u00fctzen: Erw\u00e4hnungen in der Anzeige, die verd\u00e4chtig erscheint, Austausch mit dem Inserenten&#8230;\n<\/div><\/div><div id=\"field_27_14\" class=\"gfield gfield--type-html gfield--width-full gfield_html gfield_html_formatted gfield_no_follows_desc field_sublabel_below gfield--no-description field_description_below field_validation_below gfield_visibility_visible\"  ><div class=\"alert alert-info\">\nWir laden Sie ein, uns Ihren Vorschlag f\u00fcr die am besten geeignete Kategorie mitzuteilen.\n<\/div><\/div><div id=\"field_27_15\" class=\"gfield gfield--type-html gfield--width-full gfield_html gfield_html_formatted gfield_no_follows_desc field_sublabel_below gfield--no-description field_description_below field_validation_below gfield_visibility_visible\"  ><div class=\"alert alert-info\">\nWir bitten Sie, uns alle Elemente zu \u00fcbermitteln, anhand derer Sie erkennen k\u00f6nnen, dass es sich bei dem Produkt um eine F\u00e4lschung handelt und die eine Entfernung der Anzeige rechtfertigen w\u00fcrden (Beispiel: visuelle Elemente, Preis des Produkts usw.],.\n<\/div><\/div><div id=\"field_27_16\" class=\"gfield gfield--type-html gfield--width-full gfield_html gfield_html_formatted gfield_no_follows_desc field_sublabel_below gfield--no-description field_description_below field_validation_below gfield_visibility_visible\"  ><div class=\"alert alert-info\">\nWir bitten Sie, die Gr\u00fcnde f\u00fcr Ihre Meldung detailliert darzulegen und uns alle relevanten Informationen zur Verf\u00fcgung zu stellen, um Ihren Antrag auf L\u00f6schung zu unterst\u00fctzen.\n<\/div><\/div><div id=\"field_27_9\" class=\"gfield gfield--type-text gfield--width-half gfield_contains_required field_sublabel_below gfield--no-description field_description_below field_validation_below gfield_visibility_visible\"  ><label class='gfield_label gform-field-label' for='input_27_9'>Name<span class=\"gfield_required\"><span class=\"gfield_required gfield_required_text\">(N\u00e9cessaire)<\/span><\/span><\/label><div class='ginput_container ginput_container_text'><input name='input_9' id='input_27_9' type='text' value='' class='large'     aria-required=\"true\" aria-invalid=\"false\"   \/><\/div><\/div><div id=\"field_27_8\" class=\"gfield gfield--type-email gfield--width-half gfield_contains_required field_sublabel_below gfield--no-description field_description_below field_validation_below gfield_visibility_visible\"  ><label class='gfield_label gform-field-label' for='input_27_8'>Ihre E-mail<span class=\"gfield_required\"><span class=\"gfield_required gfield_required_text\">(N\u00e9cessaire)<\/span><\/span><\/label><div class='ginput_container ginput_container_email'>\n                            <input name='input_8' id='input_27_8' type='email' value='' class='large'    aria-required=\"true\" aria-invalid=\"false\"  \/>\n                        <\/div><\/div><div id=\"field_27_3\" class=\"gfield gfield--type-number gfield--width-half gfield_contains_required field_sublabel_below gfield--no-description field_description_below field_validation_below gfield_visibility_hidden\"  ><div class=\"admin-hidden-markup\"><i class=\"gform-icon gform-icon--hidden\" aria-hidden=\"true\" title=\"Ce champ est masqu\u00e9 lorsque l\u2018on voit le formulaire.\"><\/i><span>Ce champ est masqu\u00e9 lorsque l\u2018on voit le formulaire.<\/span><\/div><label class='gfield_label gform-field-label' for='input_27_3'>ID de l&#039;annonce<span class=\"gfield_required\"><span class=\"gfield_required gfield_required_text\">(N\u00e9cessaire)<\/span><\/span><\/label><div class='ginput_container ginput_container_number'><input name='input_3' id='input_27_3' type='text' step='any' min='1' max='10000' value='' class='large'     aria-required=\"true\" aria-invalid=\"false\" aria-describedby=\"gfield_instruction_27_3\" \/><div class='gfield_description instruction ' id='gfield_instruction_27_3'>Veuillez saisir un nombre entre <strong>1<\/strong> et <strong>10000<\/strong>.<\/div><\/div><\/div><div id=\"field_27_7\" class=\"gfield gfield--type-text gfield--width-half gfield_contains_required field_sublabel_below gfield--no-description field_description_below field_validation_below gfield_visibility_hidden\"  ><div class=\"admin-hidden-markup\"><i class=\"gform-icon gform-icon--hidden\" aria-hidden=\"true\" title=\"Ce champ est masqu\u00e9 lorsque l\u2018on voit le formulaire.\"><\/i><span>Ce champ est masqu\u00e9 lorsque l\u2018on voit le formulaire.<\/span><\/div><label class='gfield_label gform-field-label' for='input_27_7'>V\u00e9hicule concern\u00e9<span class=\"gfield_required\"><span class=\"gfield_required gfield_required_text\">(N\u00e9cessaire)<\/span><\/span><\/label><div class='ginput_container ginput_container_text'><input name='input_7' id='input_27_7' type='text' value='' class='large'     aria-required=\"true\" aria-invalid=\"false\"   \/><\/div><\/div><div id=\"field_27_6\" class=\"gfield gfield--type-text gfield--width-full disabled gfield_contains_required field_sublabel_below gfield--no-description field_description_below field_validation_below gfield_visibility_visible\"  ><label class='gfield_label gform-field-label' for='input_27_6'>Titel der Anzeige<span class=\"gfield_required\"><span class=\"gfield_required gfield_required_text\">(N\u00e9cessaire)<\/span><\/span><\/label><div class='ginput_container ginput_container_text'><input name='input_6' id='input_27_6' type='text' value='' class='large'     aria-required=\"true\" aria-invalid=\"false\"   \/><\/div><\/div><div id=\"field_27_1\" class=\"gfield gfield--type-textarea gfield_contains_required field_sublabel_below gfield--no-description field_description_below field_validation_below gfield_visibility_visible\"  ><label class='gfield_label gform-field-label' for='input_27_1'>Ihr Kommentar<span class=\"gfield_required\"><span class=\"gfield_required gfield_required_text\">(N\u00e9cessaire)<\/span><\/span><\/label><div class='ginput_container ginput_container_textarea'><textarea name='input_1' id='input_27_1' class='textarea large'     aria-required=\"true\" aria-invalid=\"false\"   rows='10' cols='50'><\/textarea><\/div><\/div><div id=\"field_27_17\" class=\"gfield gfield--type-captcha gfield--width-full field_sublabel_below gfield--no-description field_description_below hidden_label field_validation_below gfield_visibility_visible\"  ><label class='gfield_label gform-field-label' for='input_27_17'>CAPTCHA<\/label><div id='input_27_17' class='ginput_container ginput_recaptcha' data-sitekey='6LcM4c0UAAAAAHmo9SKxXuWfA4yuvCZqpTDnLetS'  data-theme='light' data-tabindex='-1' data-size='invisible' data-badge='bottomright'><\/div><\/div><\/div><\/div>\n        <div class='gform-footer gform_footer top_label'> <input type='submit' id='gform_submit_button_27' class='gform_button button' onclick='gform.submission.handleButtonClick(this);' data-submission-type='submit' value='Envoyer'  \/> <input type='hidden' name='gform_ajax' value='form_id=27&amp;title=&amp;description=&amp;tabindex=0&amp;theme=gravity-theme&amp;styles=[]&amp;hash=4b0300bbabfb129daba9def4db0f74a9' \/>\n            <input type='hidden' class='gform_hidden' name='gform_submission_method' data-js='gform_submission_method_27' value='iframe' \/>\n            <input type='hidden' class='gform_hidden' name='gform_theme' data-js='gform_theme_27' id='gform_theme_27' value='gravity-theme' \/>\n            <input type='hidden' class='gform_hidden' name='gform_style_settings' data-js='gform_style_settings_27' id='gform_style_settings_27' value='[]' \/>\n            <input type='hidden' class='gform_hidden' name='is_submit_27' value='1' \/>\n            <input type='hidden' class='gform_hidden' name='gform_submit' value='27' \/>\n            \n            <input type='hidden' class='gform_hidden' name='gform_currency' data-currency='EUR' value='BSQ0lrlZvc9X35RDJY8n764QI2BbfCrwyhRSlW88f+ziKnMkMh08ioA9OBTslDB84lFpy3yBrDojV47WxV53jGCPVwjD38NfRC6NUe\/ueGIA60w=' \/>\n            <input type='hidden' class='gform_hidden' name='gform_unique_id' value='' \/>\n            <input type='hidden' class='gform_hidden' name='state_27' value='WyJ7XCIxMVwiOltcIjNjYjM5MmM0YTZjZDU4Yjk5OWE2ZDdhMzE4MDYzOTk3XCIsXCJiOWIzZjQzZGZlNmJmODgyYjk2NDdiOTVhMjVkY2VhNVwiLFwiNDg3ZTZiN2NiMWY5Mzg4MTI3Y2ZkNGNlNDYyMWE5NzdcIixcImNhNzRjYTU3ZTM4ZDcxZmZiZTBjY2IzZWQzZGRhMDVjXCIsXCI3MDIwMzFiNDFmNjMzMGUxOTQ5YzAyOTU3MjgyNzU3ZlwiXX0iLCIzMDQzYzhiMTliNmVmZTFiYzY0ZTIwMTcyYTU2MTRiZiJd' \/>\n            <input type='hidden' autocomplete='off' class='gform_hidden' name='gform_target_page_number_27' id='gform_target_page_number_27' value='0' \/>\n            <input type='hidden' autocomplete='off' class='gform_hidden' name='gform_source_page_number_27' id='gform_source_page_number_27' value='1' \/>\n            <input type='hidden' name='gform_field_values' value='' \/>\n            \n        <\/div>\n                        <\/form>\n                        <\/div>\n\t\t                <iframe style='display:none;width:0px;height:0px;' src='about:blank' name='gform_ajax_frame_27' id='gform_ajax_frame_27' title='Cette iframe contient la logique n\u00e9cessaire pour manipuler Gravity Forms avec Ajax.'><\/iframe>\n\t\t                <script type=\"text\/javascript\">\n\/* <![CDATA[ *\/\n gform.initializeOnLoaded( function() {gformInitSpinner( 27, 'https:\/\/classic-parts-finder.com\/content\/wp-content\/plugins\/gravityforms\/images\/spinner.svg', true );jQuery('#gform_ajax_frame_27').on('load',function(){var contents = jQuery(this).contents().find('*').html();var is_postback = contents.indexOf('GF_AJAX_POSTBACK') >= 0;if(!is_postback){return;}var form_content = jQuery(this).contents().find('#gform_wrapper_27');var is_confirmation = jQuery(this).contents().find('#gform_confirmation_wrapper_27').length > 0;var is_redirect = contents.indexOf('gformRedirect(){') >= 0;var is_form = form_content.length > 0 && ! is_redirect && ! is_confirmation;var mt = parseInt(jQuery('html').css('margin-top'), 10) + parseInt(jQuery('body').css('margin-top'), 10) + 100;if(is_form){form_content.find('form').css('opacity', 0);jQuery('#gform_wrapper_27').html(form_content.html());if(form_content.hasClass('gform_validation_error')){jQuery('#gform_wrapper_27').addClass('gform_validation_error');} else {jQuery('#gform_wrapper_27').removeClass('gform_validation_error');}setTimeout( function() { \/* delay the scroll by 50 milliseconds to fix a bug in chrome *\/ jQuery(document).scrollTop(jQuery('#gform_wrapper_27').offset().top - mt); }, 50 );if(window['gformInitDatepicker']) {gformInitDatepicker();}if(window['gformInitPriceFields']) {gformInitPriceFields();}var current_page = jQuery('#gform_source_page_number_27').val();gformInitSpinner( 27, 'https:\/\/classic-parts-finder.com\/content\/wp-content\/plugins\/gravityforms\/images\/spinner.svg', true );jQuery(document).trigger('gform_page_loaded', [27, current_page]);window['gf_submitting_27'] = false;}else if(!is_redirect){var confirmation_content = jQuery(this).contents().find('.GF_AJAX_POSTBACK').html();if(!confirmation_content){confirmation_content = contents;}jQuery('#gform_wrapper_27').replaceWith(confirmation_content);jQuery(document).scrollTop(jQuery('#gf_27').offset().top - mt);jQuery(document).trigger('gform_confirmation_loaded', [27]);window['gf_submitting_27'] = false;wp.a11y.speak(jQuery('#gform_confirmation_message_27').text());}else{jQuery('#gform_27').append(contents);if(window['gformRedirect']) {gformRedirect();}}jQuery(document).trigger(\"gform_pre_post_render\", [{ formId: \"27\", currentPage: \"current_page\", abort: function() { this.preventDefault(); } }]);        if (event && event.defaultPrevented) {                return;        }        const gformWrapperDiv = document.getElementById( \"gform_wrapper_27\" );        if ( gformWrapperDiv ) {            const visibilitySpan = document.createElement( \"span\" );            visibilitySpan.id = \"gform_visibility_test_27\";            gformWrapperDiv.insertAdjacentElement( \"afterend\", visibilitySpan );        }        const visibilityTestDiv = document.getElementById( \"gform_visibility_test_27\" );        let postRenderFired = false;        function triggerPostRender() {            if ( postRenderFired ) {                return;            }            postRenderFired = true;            gform.core.triggerPostRenderEvents( 27, current_page );            if ( visibilityTestDiv ) {                visibilityTestDiv.parentNode.removeChild( visibilityTestDiv );            }        }        function debounce( func, wait, immediate ) {            var timeout;            return function() {                var context = this, args = arguments;                var later = function() {                    timeout = null;                    if ( !immediate ) func.apply( context, args );                };                var callNow = immediate && !timeout;                clearTimeout( timeout );                timeout = setTimeout( later, wait );                if ( callNow ) func.apply( context, args );            };        }        const debouncedTriggerPostRender = debounce( function() {            triggerPostRender();        }, 200 );        if ( visibilityTestDiv && visibilityTestDiv.offsetParent === null ) {            const observer = new MutationObserver( ( mutations ) => {                mutations.forEach( ( mutation ) => {                    if ( mutation.type === 'attributes' && visibilityTestDiv.offsetParent !== null ) {                        debouncedTriggerPostRender();                        observer.disconnect();                    }                });            });            observer.observe( document.body, {                attributes: true,                childList: false,                subtree: true,                attributeFilter: [ 'style', 'class' ],            });        } else {            triggerPostRender();        }    } );} ); \n\/* ]]> *\/\n<\/script>\n","protected":false},"excerpt":{"rendered":"","protected":false},"author":1,"featured_media":0,"parent":0,"menu_order":0,"comment_status":"closed","ping_status":"closed","template":"","meta":{"inline_featured_image":false,"footnotes":""},"class_list":["post-1643","page","type-page","status-publish","hentry"],"yoast_head":"<!-- This site is optimized with the Yoast SEO Premium plugin v21.5 (Yoast SEO v27.5) - https:\/\/yoast.com\/product\/yoast-seo-premium-wordpress\/ -->\n<title>Eine Anzeige melden - Classic Parts Finder<\/title>\n<meta name=\"robots\" content=\"index, follow, max-snippet:-1, max-image-preview:large, max-video-preview:-1\" \/>\n<link rel=\"canonical\" href=\"https:\/\/classic-parts-finder.com\/content\/de\/eine-anzeige-melden\/\" \/>\n<meta property=\"og:locale\" content=\"fr_FR\" \/>\n<meta property=\"og:type\" content=\"article\" \/>\n<meta property=\"og:title\" content=\"Eine Anzeige melden\" \/>\n<meta property=\"og:url\" content=\"https:\/\/classic-parts-finder.com\/content\/de\/eine-anzeige-melden\/\" \/>\n<meta property=\"og:site_name\" content=\"Classic Parts Finder\" \/>\n<meta property=\"article:publisher\" content=\"https:\/\/www.facebook.com\/classicpartsfinder\/\" \/>\n<meta property=\"article:modified_time\" content=\"2023-03-15T16:27:07+00:00\" \/>\n<meta property=\"og:image\" content=\"https:\/\/classic-parts-finder.com\/content\/wp-content\/uploads\/2022\/08\/Classic-Parts-Finder.jpg\" \/>\n\t<meta property=\"og:image:width\" content=\"1399\" \/>\n\t<meta property=\"og:image:height\" content=\"1399\" \/>\n\t<meta property=\"og:image:type\" content=\"image\/jpeg\" \/>\n<meta name=\"twitter:card\" content=\"summary_large_image\" \/>\n<script type=\"application\/ld+json\" class=\"yoast-schema-graph\">{\"@context\":\"https:\\\/\\\/schema.org\",\"@graph\":[{\"@type\":\"WebPage\",\"@id\":\"https:\\\/\\\/classic-parts-finder.com\\\/content\\\/de\\\/eine-anzeige-melden\\\/\",\"url\":\"https:\\\/\\\/classic-parts-finder.com\\\/content\\\/de\\\/eine-anzeige-melden\\\/\",\"name\":\"Eine Anzeige melden - Classic Parts Finder\",\"isPartOf\":{\"@id\":\"https:\\\/\\\/classic-parts-finder.com\\\/content\\\/#website\"},\"datePublished\":\"2023-03-15T13:38:06+00:00\",\"dateModified\":\"2023-03-15T16:27:07+00:00\",\"breadcrumb\":{\"@id\":\"https:\\\/\\\/classic-parts-finder.com\\\/content\\\/de\\\/eine-anzeige-melden\\\/#breadcrumb\"},\"inLanguage\":\"fr-FR\",\"potentialAction\":[{\"@type\":\"ReadAction\",\"target\":[\"https:\\\/\\\/classic-parts-finder.com\\\/content\\\/de\\\/eine-anzeige-melden\\\/\"]}]},{\"@type\":\"BreadcrumbList\",\"@id\":\"https:\\\/\\\/classic-parts-finder.com\\\/content\\\/de\\\/eine-anzeige-melden\\\/#breadcrumb\",\"itemListElement\":[{\"@type\":\"ListItem\",\"position\":1,\"name\":\"Accueil\",\"item\":\"https:\\\/\\\/classic-parts-finder.com\\\/content\\\/\"},{\"@type\":\"ListItem\",\"position\":2,\"name\":\"Eine Anzeige melden\"}]},{\"@type\":\"WebSite\",\"@id\":\"https:\\\/\\\/classic-parts-finder.com\\\/content\\\/#website\",\"url\":\"https:\\\/\\\/classic-parts-finder.com\\\/content\\\/\",\"name\":\"Classic Parts Finder\",\"description\":\"La premi\u00e8re plateforme qui vous aide \u00e0 trouver, vendre, et r\u00e9nover vos pi\u00e8ces d\u00e9tach\u00e9es !\",\"publisher\":{\"@id\":\"https:\\\/\\\/classic-parts-finder.com\\\/content\\\/#organization\"},\"potentialAction\":[{\"@type\":\"SearchAction\",\"target\":{\"@type\":\"EntryPoint\",\"urlTemplate\":\"https:\\\/\\\/classic-parts-finder.com\\\/content\\\/?s={search_term_string}\"},\"query-input\":{\"@type\":\"PropertyValueSpecification\",\"valueRequired\":true,\"valueName\":\"search_term_string\"}}],\"inLanguage\":\"fr-FR\"},{\"@type\":\"Organization\",\"@id\":\"https:\\\/\\\/classic-parts-finder.com\\\/content\\\/#organization\",\"name\":\"Classic Parts Finder\",\"alternateName\":\"CPF\",\"url\":\"https:\\\/\\\/classic-parts-finder.com\\\/content\\\/\",\"logo\":{\"@type\":\"ImageObject\",\"inLanguage\":\"fr-FR\",\"@id\":\"https:\\\/\\\/classic-parts-finder.com\\\/content\\\/#\\\/schema\\\/logo\\\/image\\\/\",\"url\":\"https:\\\/\\\/classic-parts-finder.com\\\/wp-content\\\/uploads\\\/2022\\\/08\\\/Classic-Parts-Finder.jpg\",\"contentUrl\":\"https:\\\/\\\/classic-parts-finder.com\\\/wp-content\\\/uploads\\\/2022\\\/08\\\/Classic-Parts-Finder.jpg\",\"width\":1399,\"height\":1399,\"caption\":\"Classic Parts Finder\"},\"image\":{\"@id\":\"https:\\\/\\\/classic-parts-finder.com\\\/content\\\/#\\\/schema\\\/logo\\\/image\\\/\"},\"sameAs\":[\"https:\\\/\\\/www.facebook.com\\\/classicpartsfinder\\\/\",\"https:\\\/\\\/www.instagram.com\\\/classic_parts_finder\\\/\"]}]}<\/script>\n<!-- \/ Yoast SEO Premium plugin. -->","yoast_head_json":{"title":"Eine Anzeige melden - Classic Parts Finder","robots":{"index":"index","follow":"follow","max-snippet":"max-snippet:-1","max-image-preview":"max-image-preview:large","max-video-preview":"max-video-preview:-1"},"canonical":"https:\/\/classic-parts-finder.com\/content\/de\/eine-anzeige-melden\/","og_locale":"fr_FR","og_type":"article","og_title":"Eine Anzeige melden","og_url":"https:\/\/classic-parts-finder.com\/content\/de\/eine-anzeige-melden\/","og_site_name":"Classic Parts Finder","article_publisher":"https:\/\/www.facebook.com\/classicpartsfinder\/","article_modified_time":"2023-03-15T16:27:07+00:00","og_image":[{"width":1399,"height":1399,"url":"https:\/\/classic-parts-finder.com\/content\/wp-content\/uploads\/2022\/08\/Classic-Parts-Finder.jpg","type":"image\/jpeg"}],"twitter_card":"summary_large_image","schema":{"@context":"https:\/\/schema.org","@graph":[{"@type":"WebPage","@id":"https:\/\/classic-parts-finder.com\/content\/de\/eine-anzeige-melden\/","url":"https:\/\/classic-parts-finder.com\/content\/de\/eine-anzeige-melden\/","name":"Eine Anzeige melden - Classic Parts Finder","isPartOf":{"@id":"https:\/\/classic-parts-finder.com\/content\/#website"},"datePublished":"2023-03-15T13:38:06+00:00","dateModified":"2023-03-15T16:27:07+00:00","breadcrumb":{"@id":"https:\/\/classic-parts-finder.com\/content\/de\/eine-anzeige-melden\/#breadcrumb"},"inLanguage":"fr-FR","potentialAction":[{"@type":"ReadAction","target":["https:\/\/classic-parts-finder.com\/content\/de\/eine-anzeige-melden\/"]}]},{"@type":"BreadcrumbList","@id":"https:\/\/classic-parts-finder.com\/content\/de\/eine-anzeige-melden\/#breadcrumb","itemListElement":[{"@type":"ListItem","position":1,"name":"Accueil","item":"https:\/\/classic-parts-finder.com\/content\/"},{"@type":"ListItem","position":2,"name":"Eine Anzeige melden"}]},{"@type":"WebSite","@id":"https:\/\/classic-parts-finder.com\/content\/#website","url":"https:\/\/classic-parts-finder.com\/content\/","name":"Classic Parts Finder","description":"La premi\u00e8re plateforme qui vous aide \u00e0 trouver, vendre, et r\u00e9nover vos pi\u00e8ces d\u00e9tach\u00e9es !","publisher":{"@id":"https:\/\/classic-parts-finder.com\/content\/#organization"},"potentialAction":[{"@type":"SearchAction","target":{"@type":"EntryPoint","urlTemplate":"https:\/\/classic-parts-finder.com\/content\/?s={search_term_string}"},"query-input":{"@type":"PropertyValueSpecification","valueRequired":true,"valueName":"search_term_string"}}],"inLanguage":"fr-FR"},{"@type":"Organization","@id":"https:\/\/classic-parts-finder.com\/content\/#organization","name":"Classic Parts Finder","alternateName":"CPF","url":"https:\/\/classic-parts-finder.com\/content\/","logo":{"@type":"ImageObject","inLanguage":"fr-FR","@id":"https:\/\/classic-parts-finder.com\/content\/#\/schema\/logo\/image\/","url":"https:\/\/classic-parts-finder.com\/wp-content\/uploads\/2022\/08\/Classic-Parts-Finder.jpg","contentUrl":"https:\/\/classic-parts-finder.com\/wp-content\/uploads\/2022\/08\/Classic-Parts-Finder.jpg","width":1399,"height":1399,"caption":"Classic Parts Finder"},"image":{"@id":"https:\/\/classic-parts-finder.com\/content\/#\/schema\/logo\/image\/"},"sameAs":["https:\/\/www.facebook.com\/classicpartsfinder\/","https:\/\/www.instagram.com\/classic_parts_finder\/"]}]}},"lang":"de","translations":{"de":1643,"en":1641,"fr":1637},"pll_sync_post":[],"acf":[],"_links":{"self":[{"href":"https:\/\/classic-parts-finder.com\/content\/wp-json\/wp\/v2\/pages\/1643","targetHints":{"allow":["GET"]}}],"collection":[{"href":"https:\/\/classic-parts-finder.com\/content\/wp-json\/wp\/v2\/pages"}],"about":[{"href":"https:\/\/classic-parts-finder.com\/content\/wp-json\/wp\/v2\/types\/page"}],"author":[{"embeddable":true,"href":"https:\/\/classic-parts-finder.com\/content\/wp-json\/wp\/v2\/users\/1"}],"replies":[{"embeddable":true,"href":"https:\/\/classic-parts-finder.com\/content\/wp-json\/wp\/v2\/comments?post=1643"}],"version-history":[{"count":2,"href":"https:\/\/classic-parts-finder.com\/content\/wp-json\/wp\/v2\/pages\/1643\/revisions"}],"predecessor-version":[{"id":1650,"href":"https:\/\/classic-parts-finder.com\/content\/wp-json\/wp\/v2\/pages\/1643\/revisions\/1650"}],"wp:attachment":[{"href":"https:\/\/classic-parts-finder.com\/content\/wp-json\/wp\/v2\/media?parent=1643"}],"curies":[{"name":"wp","href":"https:\/\/api.w.org\/{rel}","templated":true}]}}