{"id":20,"date":"2022-01-28T16:06:23","date_gmt":"2022-01-28T15:06:23","guid":{"rendered":"http:\/\/classic-parts-finder.com\/?page_id=20"},"modified":"2022-10-12T15:51:26","modified_gmt":"2022-10-12T13:51:26","slug":"politique-de-confidentialite","status":"publish","type":"page","link":"https:\/\/classic-parts-finder.com\/content\/politique-de-confidentialite\/","title":{"rendered":"Politique de confidentialit\u00e9"},"content":{"rendered":"\n<div style=\"height:40px\" aria-hidden=\"true\" class=\"wp-block-spacer\"><\/div>\n\n\n\n<h4 class=\"wp-block-heading\" id=\"donnees-personnelles-informatique-et-liberte\"><strong>DONNEES PERSONNELLES &#8211; INFORMATIQUE ET LIBERTE<\/strong><\/h4>\n\n\n\n<p>La collecte d\u2019informations personnelles lors de l\u2019ouverture d\u2019un compte ou de la conclusion d\u2019une transaction est indispensable pour l\u2019acc\u00e8s et l\u2019utilisation du Site, et pour le traitement et le suivi des commandes.<\/p>\n\n\n\n<p>Les donn\u00e9es suivantes sont susceptibles d\u2019\u00eatre collect\u00e9es :<\/p>\n\n\n\n<p>Nom, pr\u00e9nom, adresse postale, num\u00e9ro de t\u00e9l\u00e9phone, et adresse email<\/p>\n\n\n\n<p>Historique des transactions<\/p>\n\n\n\n<p>Annonces mises en ligne par un Vendeur<\/p>\n\n\n\n<p>Coordonn\u00e9es bancaires et documents n\u00e9cessaires \u00e0 l&#8217;identification des b\u00e9n\u00e9ficiaires de virements \u00e9mis<\/p>\n\n\n\n<p>CLASSIC PARTS FINDER recueille certaines informations (anonymes) par le biais de fichiers cookies d\u00e9pos\u00e9s sur le disque dur de l\u2019Acheteur ou du Vendeur, avec son accord pr\u00e9alable, dans le but d\u2019am\u00e9liorer la navigation sur le Site lors de nouvelles connexions. Les informations recueillies sont les suivantes :<\/p>\n\n\n\n<ul class=\"wp-block-list\"><li>Informations techniques : adresse IP, informations de connexion, informations g\u00e9ographiques et d\u00e9mographiques, type et version du navigateur, r\u00e9glage du fuseau horaire, langue, types et versions de plug-in du navigateur, syst\u00e8me d\u2019exploitation;<\/li><li>Informations sur votre visite dont le lien URL complet des clics depuis, \u00e0 travers et vers le site;<\/li><li>Les pages que vous avez consult\u00e9es ou recherch\u00e9es, les temps de r\u00e9ponse de la page, les erreurs de t\u00e9l\u00e9chargement, la dur\u00e9e des visites sur certaines pages, les informations d\u2019interaction sur la page telles que le d\u00e9filement, les clics et les survols et les m\u00e9thodes utilis\u00e9es pour quitter la page.<\/li><li>Formulaires remplis par vos soins;<\/li><li>Contenu des correspondances entre utilisateurs;<\/li><li>Inscription ou cr\u00e9ation de compte;<\/li><li>Commandes pass\u00e9es sur notre site;<\/li><li>Utilisation des r\u00e9seaux sociaux ou d\u2019autres plateformes;<\/li><li>Participation \u00e0 un concours, une promotion ou un sondage ;<\/li><li>Vos signalements de probl\u00e8me ou demandes du support ;<\/li><\/ul>\n\n\n\n<p>L\u2019Acheteur et le Vendeur disposent (article 34 de la loi du 6 janvier 1978) d&#8217;un droit d&#8217;acc\u00e8s, de modification, de rectification et de suppression des donn\u00e9es qui les concernent, qu&#8217;ils peuvent exercer aupr\u00e8s de CLASSIC PARTS FINDER: <strong><a href=\"https:\/\/classic-parts-finder.com\/content\/nous-contacter\/\">formulaire de contact<\/a><\/strong><\/p>\n\n\n\n<p>Pour toute information compl\u00e9mentaire ou r\u00e9clamation, il est possible de consulter le site de la Commission Nationale de l\u2019Informatique et des Libert\u00e9s (CNIL) \u00e0 l&#8217;adresse suivante: <strong><a href=\"https:\/\/www.cnil.fr\/\" target=\"_blank\" rel=\"noreferrer noopener\">https:\/\/www.cnil.fr\/<\/a><\/strong><\/p>\n\n\n\n<p>L\u2019archivage des donn\u00e9es est effectu\u00e9 sur un support fiable et durable de mani\u00e8re \u00e0 correspondre \u00e0 une copie fid\u00e8le et durable conform\u00e9ment \u00e0 l\u2019article 1348 du code civil. . Les donn\u00e9es sont conserv\u00e9es pendant une dur\u00e9e de deux ans suivant les derniers contacts sur le Site, \u00e0 l\u2019exception des informations qui seraient susceptibles d\u2019\u00eatre r\u00e9clam\u00e9es par l\u2019administration fiscale et\/ou une autre autorit\u00e9 administrative et qui pourront de ce fait \u00eatre conserv\u00e9es dans la limite des d\u00e9lais l\u00e9gaux applicables. Tant que les donn\u00e9es sont conserv\u00e9es, CLASSIC PARTS FINDER met en oeuvre les mesures techniques et organisationnelles n\u00e9cessaires pour prot\u00e9ger les donn\u00e9es collect\u00e9es contre toute forme de dommage, perte, d\u00e9tournement, intrusion, divulgation, alt\u00e9ration ou destruction.<\/p>\n\n\n\n<p>Les mesures de s\u00e9curit\u00e9 mises en place par CLASSIC PARTS FINDER sont les suivantes :<\/p>\n\n\n\n<p>Protocole SSL (Secure Sockets Layer)<\/p>\n\n\n\n<p>Sauvegarde informatique des bases de donn\u00e9es<\/p>\n\n\n\n<p>Cryptage des mots de passe<\/p>\n\n\n\n<p>Protection CSRF \/ XSS<\/p>\n\n\n\n<p>L&#8217;acc\u00e8s aux donn\u00e9es collect\u00e9es est strictement limit\u00e9 aux employ\u00e9s et pr\u00e9pos\u00e9s de CLASSIC PARTS FINDER, et, le cas \u00e9ch\u00e9ant, \u00e0 ses sous-traitants. CLASSIC PARTS FINDER impose \u00e0 ses sous-traitants une obligation de confidentialit\u00e9 stricte et le respect des dispositions contractuelles et de la l\u00e9gislation applicable. CLASSIC PARTS FINDER s\u2018engage \u00e0 ne pas c\u00e9der \u00e0 titre gratuit ou payant les informations personnelles des Acheteurs et des Vendeurs et de son fichier client, et \u00e0 ne pas les divulguer, sauf motif l\u00e9gitime et imp\u00e9ratif (obligation l\u00e9gale, injonction judiciaire ou administrative, lutte contre la fraude ou l\u2019abus, exercice des droits de la d\u00e9fense, atteinte aux droits des tiers) Ceci ne vise pas la transmission d\u2019informations \u00e0 un Vendeur aupr\u00e8s duquel l\u2019Acheteur aurait pass\u00e9 commande par l\u2019interm\u00e9diaire du Site, ni la transmission \u00e0 des prestataires techniques ou financiers pour les besoins de l\u2019ex\u00e9cution de la Commande et de l&#8217;exploitation du Site.<\/p>\n\n\n\n<p>Les donn\u00e9es personnelles ainsi collect\u00e9es par CLASSIC PARTS FINDER sont exclusivement h\u00e9berg\u00e9es en Suisse, \u00e0 l\u2019exclusion de tout autre transfert transfrontalier.<\/p>\n\n\n\n<p>CLASSIC PARTS FINDER ne proc\u00e8de \u00e0 aucune d\u00e9cision automatis\u00e9e sur la base des donn\u00e9es personnelles sous-trait\u00e9es.<\/p>\n\n\n\n<p>Conform\u00e9ment \u00e0 l\u2019Arr\u00eat\u00e9 du 30 d\u00e9cembre 2019, pris pour application de l\u2019article 242 bis du Code G\u00e9n\u00e9ral des Imp\u00f4ts, CLASSIC PARTS FINDER est tenue de transmettre \u00e0 l\u2019administration fiscale un certain nombre d\u2019informations concernant les personnes r\u00e9alisant les transactions commerciales par l\u2019interm\u00e9diaire du Site.<\/p>\n\n\n\n<p>CLASSIC PARTS FINDER informe les utilisateurs du site qui leur appartient de respecter leurs obligations sociales et fiscales, en proc\u00e9dant aupr\u00e8s des administrations dont ils rel\u00e8vent aux d\u00e9clarations relatives aux activit\u00e9s et revenus g\u00e9n\u00e9r\u00e9s au travers du site.<\/p>\n\n\n\n<p>Ces informations relatives aux obligations d\u00e9claratives peuvent \u00eatre trouv\u00e9es sur le site de l\u2019administration fiscale \u00e0 l\u2019adresse <a href=\"https:\/\/www.impots.gouv.fr\/portail\/\"><strong>https:\/\/www.impots.gouv.fr\/portail\/<\/strong> <\/a>ou sur le site de l\u2019URSSAF \u00e0 l\u2019adresse <a href=\"https:\/\/www.urssaf.fr\/portail\/home.html\"><strong>https:\/\/www.urssaf.fr\/portail\/home.html<\/strong>.<\/a><\/p>\n\n\n\n<p>Des informations d\u2019ordre g\u00e9n\u00e9ral peuvent \u00e9galement \u00eatre trouv\u00e9es sur le site service public .fr accessible \u00e0 l\u2019adresse <a rel=\"noreferrer noopener\" href=\"https:\/\/www.service-public.fr\/\" target=\"_blank\"><strong>https:\/\/www.service-public.fr\/<\/strong><\/a>.<\/p>\n\n\n\n<p>CLASSIC PARTS FINDER rappelle aux utilisateurs du Site qu\u2019elle est tenue de leur adresser en janvier de chaque ann\u00e9e par courrier \u00e9lectronique, un r\u00e9capitulatif annuel faisant \u00e9tat notamment du nombre et du montant des transactions r\u00e9alis\u00e9es par son interm\u00e9diaire.<\/p>\n\n\n\n<p>Conform\u00e9ment \u00e0 la r\u00e9glementation, doivent \u00eatre fourni sur ce relev\u00e9 le montant des transactions qui sont imposables en France.<\/p>\n\n\n\n<p>CLASSIC PARTS FINDER est \u00e9galement tenue par application de la r\u00e9glementation d\u2019adresser \u00e0 l\u2019administration fiscale chaque ann\u00e9e avant le 31 janvier un document synth\u00e9tisant tous les r\u00e9capitulatifs adress\u00e9s aux Vendeurs, \u00e0 l\u2019exception des op\u00e9rations r\u00e9alis\u00e9es dans l\u2019ann\u00e9e concern\u00e9e en dessous d\u2019un certain total de montants per\u00e7us ou d\u2019un certain nombre de transactions r\u00e9alis\u00e9es, qui sera fix\u00e9e chaque ann\u00e9e par l\u2019administration.<\/p>\n\n\n\n<p>CLASSIC PARTS FINDER rappelle qu\u2019\u00e0 compter du 1er janvier 2021, les op\u00e9rateurs de plate-forme en ligne sont astreints \u00e0 la tenue d\u2019un registre destin\u00e9 \u00e0 permettre \u00e0 l\u2019administration de v\u00e9rifier l\u2019acquittement de la TVA lorsque celle-ci est due. Ce registre et les informations qu\u2019il contient devront \u00eatre conserv\u00e9s pendant 10 ans.<\/p>\n\n\n\n<div style=\"height:40px\" aria-hidden=\"true\" class=\"wp-block-spacer\"><\/div>\n\n\n\n<h4 class=\"wp-block-heading\" id=\"mediation\"><strong>MEDIATION<\/strong><\/h4>\n\n\n\n<p>En cas de litige entre le professionnel et le consommateur, ceux-ci s\u2019efforceront de trouver une solution amiable.<\/p>\n\n\n\n<p>A d\u00e9faut d\u2019accord amiable, le consommateur a la possibilit\u00e9 de saisir gratuitement le m\u00e9diateur de la consommation dont rel\u00e8ve le professionnel, \u00e0 savoir l\u2019Association des M\u00e9diateurs Europ\u00e9ens (AME CONSO), dans un d\u00e9lai d\u2019un an \u00e0 compter de la r\u00e9clamation \u00e9crite adress\u00e9e au professionnel.<\/p>\n\n\n\n<p>La saisine du m\u00e9diateur de la consommation devra s\u2019effectuer :<\/p>\n\n\n\n<p>soit en compl\u00e9tant le formulaire pr\u00e9vu \u00e0 cet effet sur le site internet de l\u2019AME CONSO : <a href=\"http:\/\/www.mediationconso-ame.com\" target=\"_blank\" rel=\"noreferrer noopener\"><strong>https:\/\/www.mediationconso-ame.com\/<\/strong><\/a> ;<br>soit par courrier adress\u00e9 \u00e0 l\u2019AME CONSO, 11 Place Dauphine \u2013 75001 PARIS.<\/p>\n\n\n\n<div style=\"height:40px\" aria-hidden=\"true\" class=\"wp-block-spacer\"><\/div>\n\n\n\n<h4 class=\"wp-block-heading\" id=\"litiges\"><strong>LITIGES<\/strong><\/h4>\n\n\n\n<p><strong>Litiges entre CLASSIC PARTS FINDER et utilisateurs du site<\/strong><\/p>\n\n\n\n<p>Sauf disposition l\u00e9gale imp\u00e9rative en sens contraire, les litiges relatifs \u00e0 l\u2019ex\u00e9cution ou \u00e0 l\u2019interpr\u00e9tation des commandes sont de la comp\u00e9tence exclusive des Tribunaux du si\u00e8ge de CLASSIC PARTS FINDER. La loi fran\u00e7aise s\u2019applique en cas de contrat international.<\/p>\n\n\n\n<p><strong>Litiges entre acheteurs et vendeurs<\/strong><\/p>\n\n\n\n<p>CLASSIC PARTS FINDER propose un outil de gestion des litiges entre Acheteurs et Vendeurs.<\/p>\n\n\n\n<p>Un Acheteur ou un Vendeur qui s\u2019estime l\u00e9s\u00e9 suite \u00e0 une transaction conclu par l\u2019interm\u00e9diaire du Site peut<\/p>\n\n\n\n<p>\u2022 utiliser le gestionnaire de litige afin de tenter de r\u00e9soudre son diff\u00e9rend ;<\/p>\n\n\n\n<p>\u2022 utiliser le lien \u00ab Nous contacter \u00bb sur le Site.<\/p>\n\n\n\n<p>Pour ouvrir un litige, l\u2019Acheteur ou le Vendeur doit envoyer \u00e0 CLASSIC PARTS FINDER un message devant contenir au moins les informations suivantes :<\/p>\n\n\n\n<p>\u2022 le num\u00e9ro de la vente ou des ventes pour lesquelles le plaignant se sent l\u00e9s\u00e9 ;<\/p>\n\n\n\n<p>\u2022 Les coordonn\u00e9es du Vendeur ou de l\u2019Acheteur contre lequel la plainte est d\u00e9pos\u00e9e<\/p>\n\n\n\n<p>\u2022 Les coordonn\u00e9es de la personne qui porte plainte ;<\/p>\n\n\n\n<p>\u2022 le motif de la plainte.<\/p>\n\n\n\n<p>Si n\u00e9cessaire, CLASSIC PARTS FINDER prend contact avec les deux parties afin de conna\u00eetre la version des faits de chacune d\u2019entre elles. En s\u2019appuyant sur les pr\u00e9sentes conditions, CLASSIC PARTS FINDER \u00e9valuera les responsabilit\u00e9s et d\u00e9cidera des mesures \u00e0 prendre.<\/p>\n\n\n\n<p>Si le conflit porte sur un sujet, un comportement ou des actions qui sortent des r\u00e8gles des pr\u00e9sentes Conditions G\u00e9n\u00e9rales, CLASSIC PARTS FINDER d\u00e9cidera des mesures \u00e0 prendre pour pr\u00e9server au mieux les int\u00e9r\u00eats du site et de ses utilisateurs.<\/p>\n\n\n\n<p>En cas de non-respect d\u2019une ou plusieurs r\u00e8gles des pr\u00e9sentes conditions, CLASSIC PARTS FINDER se r\u00e9serve le droit de suspendre ou de fermer le compte d\u2019un utilisateur, sans aucune indemnit\u00e9 ni pr\u00e9avis et\/ou de lui interdire l\u2019acc\u00e8s \u00e0 tout ou partie de ses services et ce, sans pr\u00e9judice de tous dommages et int\u00e9r\u00eats auxquels CLASSIC PARTS FINDER pourrait pr\u00e9tendre. L\u2019utilisateur acceptera les d\u00e9cisions prises par CLASSIC PARTS FINDER sans recours possible.<\/p>\n\n\n\n<p>Il est de plus convenu que l\u2019annulation d\u2019une ou plusieurs ventes n\u2019entra\u00eene pas le remboursement des \u00e9ventuels frais de mise en vente li\u00e9s \u00e0 celle-ci.<\/p>\n\n\n\n<p>La Commission Europ\u00e9enne met \u00e0 disposition une plateforme pour le r\u00e8glement en ligne des litiges. Cette plateforme est accessible sous le lien suivant : <strong><a href=\"https:\/\/webgate.ec.europa.eu\/odr\">https:\/\/webgate.ec.europa.eu\/odr<\/a><\/strong><\/p>\n\n\n\n<div style=\"height:20px\" aria-hidden=\"true\" class=\"wp-block-spacer\"><\/div>\n\n\n\n<div class=\"wp-block-buttons is-layout-flex wp-block-buttons-is-layout-flex\">\n<div class=\"wp-block-button has-custom-font-size has-lead-font-size\"><a class=\"wp-block-button__link has-blanc-color has-primary-background-color has-text-color has-background\" href=\"https:\/\/classic-parts-finder.com\/content\/litige\" style=\"border-radius:5px\" target=\"_blank\" rel=\"noreferrer noopener\">D\u00e9clarer un litige<\/a><\/div>\n<\/div>\n","protected":false},"excerpt":{"rendered":"<p>DONNEES PERSONNELLES &#8211; INFORMATIQUE ET LIBERTE La collecte d\u2019informations personnelles lors de l\u2019ouverture d\u2019un compte ou de la conclusion d\u2019une transaction est indispensable pour l\u2019acc\u00e8s et l\u2019utilisation du Site, et pour le traitement et le suivi des commandes. Les donn\u00e9es suivantes sont susceptibles d\u2019\u00eatre collect\u00e9es : Nom, pr\u00e9nom, adresse postale, num\u00e9ro de t\u00e9l\u00e9phone, et adresse [&hellip;]<\/p>\n","protected":false},"author":1,"featured_media":0,"parent":0,"menu_order":0,"comment_status":"closed","ping_status":"closed","template":"","meta":{"inline_featured_image":false,"footnotes":""},"class_list":["post-20","page","type-page","status-publish","hentry"],"yoast_head":"<!-- This site is optimized with the Yoast SEO Premium plugin v21.5 (Yoast SEO v27.5) - https:\/\/yoast.com\/product\/yoast-seo-premium-wordpress\/ -->\n<title>Politique de confidentialit\u00e9 - Classic Parts Finder<\/title>\n<meta name=\"robots\" content=\"index, follow, max-snippet:-1, max-image-preview:large, max-video-preview:-1\" \/>\n<link rel=\"canonical\" href=\"https:\/\/classic-parts-finder.com\/content\/politique-de-confidentialite\/\" \/>\n<meta property=\"og:locale\" content=\"fr_FR\" \/>\n<meta property=\"og:type\" content=\"article\" \/>\n<meta property=\"og:title\" content=\"Politique de confidentialit\u00e9\" \/>\n<meta property=\"og:description\" content=\"DONNEES PERSONNELLES &#8211; INFORMATIQUE ET LIBERTE La collecte d\u2019informations personnelles lors de l\u2019ouverture d\u2019un compte ou de la conclusion d\u2019une transaction est indispensable pour l\u2019acc\u00e8s et l\u2019utilisation du Site, et pour le traitement et le suivi des commandes. Les donn\u00e9es suivantes sont susceptibles d\u2019\u00eatre collect\u00e9es : Nom, pr\u00e9nom, adresse postale, num\u00e9ro de t\u00e9l\u00e9phone, et adresse [&hellip;]\" \/>\n<meta property=\"og:url\" content=\"https:\/\/classic-parts-finder.com\/content\/politique-de-confidentialite\/\" \/>\n<meta property=\"og:site_name\" content=\"Classic Parts Finder\" \/>\n<meta property=\"article:publisher\" content=\"https:\/\/www.facebook.com\/classicpartsfinder\/\" \/>\n<meta property=\"article:modified_time\" content=\"2022-10-12T13:51:26+00:00\" \/>\n<meta property=\"og:image\" content=\"https:\/\/classic-parts-finder.com\/content\/wp-content\/uploads\/2022\/08\/Classic-Parts-Finder.jpg\" \/>\n\t<meta property=\"og:image:width\" content=\"1399\" \/>\n\t<meta property=\"og:image:height\" content=\"1399\" \/>\n\t<meta property=\"og:image:type\" content=\"image\/jpeg\" \/>\n<meta name=\"twitter:card\" content=\"summary_large_image\" \/>\n<meta name=\"twitter:label1\" content=\"Dur\u00e9e de lecture estim\u00e9e\" \/>\n\t<meta name=\"twitter:data1\" content=\"8 minutes\" \/>\n<script type=\"application\/ld+json\" class=\"yoast-schema-graph\">{\"@context\":\"https:\\\/\\\/schema.org\",\"@graph\":[{\"@type\":\"WebPage\",\"@id\":\"https:\\\/\\\/classic-parts-finder.com\\\/content\\\/politique-de-confidentialite\\\/\",\"url\":\"https:\\\/\\\/classic-parts-finder.com\\\/content\\\/politique-de-confidentialite\\\/\",\"name\":\"Politique de confidentialit\u00e9 - Classic Parts Finder\",\"isPartOf\":{\"@id\":\"https:\\\/\\\/classic-parts-finder.com\\\/content\\\/#website\"},\"datePublished\":\"2022-01-28T15:06:23+00:00\",\"dateModified\":\"2022-10-12T13:51:26+00:00\",\"breadcrumb\":{\"@id\":\"https:\\\/\\\/classic-parts-finder.com\\\/content\\\/politique-de-confidentialite\\\/#breadcrumb\"},\"inLanguage\":\"fr-FR\",\"potentialAction\":[{\"@type\":\"ReadAction\",\"target\":[\"https:\\\/\\\/classic-parts-finder.com\\\/content\\\/politique-de-confidentialite\\\/\"]}]},{\"@type\":\"BreadcrumbList\",\"@id\":\"https:\\\/\\\/classic-parts-finder.com\\\/content\\\/politique-de-confidentialite\\\/#breadcrumb\",\"itemListElement\":[{\"@type\":\"ListItem\",\"position\":1,\"name\":\"Accueil\",\"item\":\"https:\\\/\\\/classic-parts-finder.com\\\/content\\\/\"},{\"@type\":\"ListItem\",\"position\":2,\"name\":\"Politique de confidentialit\u00e9\"}]},{\"@type\":\"WebSite\",\"@id\":\"https:\\\/\\\/classic-parts-finder.com\\\/content\\\/#website\",\"url\":\"https:\\\/\\\/classic-parts-finder.com\\\/content\\\/\",\"name\":\"Classic Parts Finder\",\"description\":\"La premi\u00e8re plateforme qui vous aide \u00e0 trouver, vendre, et r\u00e9nover vos pi\u00e8ces d\u00e9tach\u00e9es !\",\"publisher\":{\"@id\":\"https:\\\/\\\/classic-parts-finder.com\\\/content\\\/#organization\"},\"potentialAction\":[{\"@type\":\"SearchAction\",\"target\":{\"@type\":\"EntryPoint\",\"urlTemplate\":\"https:\\\/\\\/classic-parts-finder.com\\\/content\\\/?s={search_term_string}\"},\"query-input\":{\"@type\":\"PropertyValueSpecification\",\"valueRequired\":true,\"valueName\":\"search_term_string\"}}],\"inLanguage\":\"fr-FR\"},{\"@type\":\"Organization\",\"@id\":\"https:\\\/\\\/classic-parts-finder.com\\\/content\\\/#organization\",\"name\":\"Classic Parts Finder\",\"alternateName\":\"CPF\",\"url\":\"https:\\\/\\\/classic-parts-finder.com\\\/content\\\/\",\"logo\":{\"@type\":\"ImageObject\",\"inLanguage\":\"fr-FR\",\"@id\":\"https:\\\/\\\/classic-parts-finder.com\\\/content\\\/#\\\/schema\\\/logo\\\/image\\\/\",\"url\":\"https:\\\/\\\/classic-parts-finder.com\\\/wp-content\\\/uploads\\\/2022\\\/08\\\/Classic-Parts-Finder.jpg\",\"contentUrl\":\"https:\\\/\\\/classic-parts-finder.com\\\/wp-content\\\/uploads\\\/2022\\\/08\\\/Classic-Parts-Finder.jpg\",\"width\":1399,\"height\":1399,\"caption\":\"Classic Parts Finder\"},\"image\":{\"@id\":\"https:\\\/\\\/classic-parts-finder.com\\\/content\\\/#\\\/schema\\\/logo\\\/image\\\/\"},\"sameAs\":[\"https:\\\/\\\/www.facebook.com\\\/classicpartsfinder\\\/\",\"https:\\\/\\\/www.instagram.com\\\/classic_parts_finder\\\/\"]}]}<\/script>\n<!-- \/ Yoast SEO Premium plugin. -->","yoast_head_json":{"title":"Politique de confidentialit\u00e9 - Classic Parts Finder","robots":{"index":"index","follow":"follow","max-snippet":"max-snippet:-1","max-image-preview":"max-image-preview:large","max-video-preview":"max-video-preview:-1"},"canonical":"https:\/\/classic-parts-finder.com\/content\/politique-de-confidentialite\/","og_locale":"fr_FR","og_type":"article","og_title":"Politique de confidentialit\u00e9","og_description":"DONNEES PERSONNELLES &#8211; INFORMATIQUE ET LIBERTE La collecte d\u2019informations personnelles lors de l\u2019ouverture d\u2019un compte ou de la conclusion d\u2019une transaction est indispensable pour l\u2019acc\u00e8s et l\u2019utilisation du Site, et pour le traitement et le suivi des commandes. Les donn\u00e9es suivantes sont susceptibles d\u2019\u00eatre collect\u00e9es : Nom, pr\u00e9nom, adresse postale, num\u00e9ro de t\u00e9l\u00e9phone, et adresse [&hellip;]","og_url":"https:\/\/classic-parts-finder.com\/content\/politique-de-confidentialite\/","og_site_name":"Classic Parts Finder","article_publisher":"https:\/\/www.facebook.com\/classicpartsfinder\/","article_modified_time":"2022-10-12T13:51:26+00:00","og_image":[{"width":1399,"height":1399,"url":"https:\/\/classic-parts-finder.com\/content\/wp-content\/uploads\/2022\/08\/Classic-Parts-Finder.jpg","type":"image\/jpeg"}],"twitter_card":"summary_large_image","twitter_misc":{"Dur\u00e9e de lecture estim\u00e9e":"8 minutes"},"schema":{"@context":"https:\/\/schema.org","@graph":[{"@type":"WebPage","@id":"https:\/\/classic-parts-finder.com\/content\/politique-de-confidentialite\/","url":"https:\/\/classic-parts-finder.com\/content\/politique-de-confidentialite\/","name":"Politique de confidentialit\u00e9 - Classic Parts Finder","isPartOf":{"@id":"https:\/\/classic-parts-finder.com\/content\/#website"},"datePublished":"2022-01-28T15:06:23+00:00","dateModified":"2022-10-12T13:51:26+00:00","breadcrumb":{"@id":"https:\/\/classic-parts-finder.com\/content\/politique-de-confidentialite\/#breadcrumb"},"inLanguage":"fr-FR","potentialAction":[{"@type":"ReadAction","target":["https:\/\/classic-parts-finder.com\/content\/politique-de-confidentialite\/"]}]},{"@type":"BreadcrumbList","@id":"https:\/\/classic-parts-finder.com\/content\/politique-de-confidentialite\/#breadcrumb","itemListElement":[{"@type":"ListItem","position":1,"name":"Accueil","item":"https:\/\/classic-parts-finder.com\/content\/"},{"@type":"ListItem","position":2,"name":"Politique de confidentialit\u00e9"}]},{"@type":"WebSite","@id":"https:\/\/classic-parts-finder.com\/content\/#website","url":"https:\/\/classic-parts-finder.com\/content\/","name":"Classic Parts Finder","description":"La premi\u00e8re plateforme qui vous aide \u00e0 trouver, vendre, et r\u00e9nover vos pi\u00e8ces d\u00e9tach\u00e9es !","publisher":{"@id":"https:\/\/classic-parts-finder.com\/content\/#organization"},"potentialAction":[{"@type":"SearchAction","target":{"@type":"EntryPoint","urlTemplate":"https:\/\/classic-parts-finder.com\/content\/?s={search_term_string}"},"query-input":{"@type":"PropertyValueSpecification","valueRequired":true,"valueName":"search_term_string"}}],"inLanguage":"fr-FR"},{"@type":"Organization","@id":"https:\/\/classic-parts-finder.com\/content\/#organization","name":"Classic Parts Finder","alternateName":"CPF","url":"https:\/\/classic-parts-finder.com\/content\/","logo":{"@type":"ImageObject","inLanguage":"fr-FR","@id":"https:\/\/classic-parts-finder.com\/content\/#\/schema\/logo\/image\/","url":"https:\/\/classic-parts-finder.com\/wp-content\/uploads\/2022\/08\/Classic-Parts-Finder.jpg","contentUrl":"https:\/\/classic-parts-finder.com\/wp-content\/uploads\/2022\/08\/Classic-Parts-Finder.jpg","width":1399,"height":1399,"caption":"Classic Parts Finder"},"image":{"@id":"https:\/\/classic-parts-finder.com\/content\/#\/schema\/logo\/image\/"},"sameAs":["https:\/\/www.facebook.com\/classicpartsfinder\/","https:\/\/www.instagram.com\/classic_parts_finder\/"]}]}},"lang":"fr","translations":{"fr":20,"en":217,"de":498},"pll_sync_post":[],"acf":[],"_links":{"self":[{"href":"https:\/\/classic-parts-finder.com\/content\/wp-json\/wp\/v2\/pages\/20","targetHints":{"allow":["GET"]}}],"collection":[{"href":"https:\/\/classic-parts-finder.com\/content\/wp-json\/wp\/v2\/pages"}],"about":[{"href":"https:\/\/classic-parts-finder.com\/content\/wp-json\/wp\/v2\/types\/page"}],"author":[{"embeddable":true,"href":"https:\/\/classic-parts-finder.com\/content\/wp-json\/wp\/v2\/users\/1"}],"replies":[{"embeddable":true,"href":"https:\/\/classic-parts-finder.com\/content\/wp-json\/wp\/v2\/comments?post=20"}],"version-history":[{"count":13,"href":"https:\/\/classic-parts-finder.com\/content\/wp-json\/wp\/v2\/pages\/20\/revisions"}],"predecessor-version":[{"id":1330,"href":"https:\/\/classic-parts-finder.com\/content\/wp-json\/wp\/v2\/pages\/20\/revisions\/1330"}],"wp:attachment":[{"href":"https:\/\/classic-parts-finder.com\/content\/wp-json\/wp\/v2\/media?parent=20"}],"curies":[{"name":"wp","href":"https:\/\/api.w.org\/{rel}","templated":true}]}}