{"id":22,"date":"2022-01-28T16:06:52","date_gmt":"2022-01-28T15:06:52","guid":{"rendered":"http:\/\/classic-parts-finder.com\/?page_id=22"},"modified":"2023-08-23T16:00:58","modified_gmt":"2023-08-23T14:00:58","slug":"mentions-legales","status":"publish","type":"page","link":"https:\/\/classic-parts-finder.com\/content\/mentions-legales\/","title":{"rendered":"Mentions l\u00e9gales"},"content":{"rendered":"\n<p>Conform\u00e9ment aux dispositions de la loi n\u00b0 2004-575 du 21 juin 2004 pour la confiance en l&#8217;\u00e9conomie num\u00e9rique, il est pr\u00e9cis\u00e9 aux utilisateurs du Site l&#8217;identit\u00e9 des diff\u00e9rents intervenants dans le cadre de sa r\u00e9alisation et de son suivi.<\/p>\n\n\n\n<h4 class=\"wp-block-heading\" id=\"editeur-du-sitele-site-www-classic-parts-finder-com-est-edite-par-la-societe-classic-parts-finder-sas-au-capital-de-1-000-euros-immatriculee-au-registre-de-commerce-et-des-societes-de-paris-sous-le-n-887-957-652-et-ayant-son-siege-social-au-149-avenue-du-maine-75014-paris-n-de-tva-intracommunautaire-fr-89887957652\"><strong>Editeur du site<\/strong><\/h4>\n\n\n\n<p id=\"editeur-du-sitele-site-www-classic-parts-finder-com-est-edite-par-la-societe-classic-parts-finder-sas-au-capital-de-1-000-euros-immatriculee-au-registre-de-commerce-et-des-societes-de-paris-sous-le-n-887-957-652-et-ayant-son-siege-social-au-149-avenue-du-maine-75014-paris-n-de-tva-intracommunautaire-fr-89887957652\">Le site <strong><a href=\"https:\/\/classic-parts-finder.com\/content\/\">www.classic-parts-finder.com<\/a><\/strong> est \u00e9dit\u00e9 par la soci\u00e9t\u00e9 Classic Parts Finder SAS au capital de 1 000 euros, immatricul\u00e9e au Registre de Commerce et des Soci\u00e9t\u00e9s de Paris sous le n\u00b0 887 957 652 et ayant son si\u00e8ge social au 149 Avenue du Maine, 75014 Paris. N\u00b0 de TVA intracommunautaire : FR 89887957652<\/p>\n\n\n\n<h4 class=\"wp-block-heading\" id=\"telephone-et-email-de-contact\"><strong>T\u00e9l\u00e9phone et Email de contact<\/strong><\/h4>\n\n\n\n<p>T\u00e9l\u00e9phone : <\/p>\n\n\n\n<figure class=\"wp-block-image size-full is-resized\"><img loading=\"lazy\" decoding=\"async\" src=\"https:\/\/classic-parts-finder.com\/content\/wp-content\/uploads\/2022\/09\/Num.-Tel..png\" alt=\"\" class=\"wp-image-1153\" width=\"113\" height=\"29\"\/><\/figure>\n\n\n\n<p>Email :  <\/p>\n\n\n\n<figure class=\"wp-block-image size-full is-resized\"><img loading=\"lazy\" decoding=\"async\" src=\"https:\/\/classic-parts-finder.com\/content\/wp-content\/uploads\/2022\/09\/Adresse-Mail-3.png\" alt=\"\" class=\"wp-image-1107\" width=\"223\" height=\"25\"\/><\/figure>\n\n\n\n<p>Nous contacter en cliquant <strong><a href=\"http:\/\/classic-parts-finder.com\/content\/nous-contacter\/\" target=\"_blank\" rel=\"noreferrer noopener\">ici<\/a><\/strong><\/p>\n\n\n\n<h4 class=\"wp-block-heading\" id=\"responsable-de-la-publication\"><strong>Responsable de la publication<\/strong><\/h4>\n\n\n\n<p>Monsieur Benjamin Grappin, Pr\u00e9sident<\/p>\n\n\n\n<h4 class=\"wp-block-heading\" id=\"hebergeur\"><strong>H\u00e9bergeur<\/strong><\/h4>\n\n\n\n<p>Le site <strong><strong><a href=\"https:\/\/classic-parts-finder.com\/content\/\">www.classic-parts-finder.com<\/a><\/strong><\/strong> est h\u00e9berg\u00e9 par la soci\u00e9t\u00e9 Infomaniak Network SA, dont le si\u00e8ge social est situ\u00e9 au 26, Avenue de la Praille \u2013 1227 Carouge \/ Gen\u00e8ve (CH). <\/p>\n\n\n\n<p class=\"has-secondary-color has-text-color\"><strong class=\"has-secondary-color has-text-color\"><a href=\"https:\/\/www.infomaniak.com\">https:\/\/www.infomaniak.com<\/a><\/strong><\/p>\n\n\n\n<figure class=\"wp-block-image size-full is-resized\"><img loading=\"lazy\" decoding=\"async\" src=\"https:\/\/classic-parts-finder.com\/content\/wp-content\/uploads\/2022\/09\/Num.-Tel.-Infomaniak.png\" alt=\"\" class=\"wp-image-1169\" width=\"129\" height=\"25\"\/><\/figure>\n\n\n\n<h4 class=\"wp-block-heading\" id=\"conditions-generales\"><strong>Conditions g\u00e9n\u00e9rales<\/strong><\/h4>\n\n\n\n<p>Ces derni\u00e8res sont consultables <strong><a href=\"http:\/\/classic-parts-finder.com\/content\/conditions-generales-dutilisation\/\" target=\"_blank\" rel=\"noreferrer noopener\">ici<\/a><\/strong><\/p>\n\n\n\n<h4 class=\"wp-block-heading\" id=\"politique-de-confidentialite\"><strong>Politique de confidentialit\u00e9<\/strong><\/h4>\n\n\n\n<p>Ces derni\u00e8res sont consultables <strong><a href=\"http:\/\/classic-parts-finder.com\/content\/politique-de-confidentialite\/\" target=\"_blank\" rel=\"noreferrer noopener\">ici<\/a><\/strong><\/p>\n\n\n\n<h4 class=\"wp-block-heading\" id=\"remerciements\"><strong>Remerciements<\/strong><\/h4>\n\n\n\n<p>L\u2019\u00e9quipe Wigo Media, Thierry S\u00e9e, ainsi que Thierry Burkard<\/p>\n","protected":false},"excerpt":{"rendered":"<p>Conform\u00e9ment aux dispositions de la loi n\u00b0 2004-575 du 21 juin 2004 pour la confiance en l&#8217;\u00e9conomie num\u00e9rique, il est pr\u00e9cis\u00e9 aux utilisateurs du Site l&#8217;identit\u00e9 des diff\u00e9rents intervenants dans le cadre de sa r\u00e9alisation et de son suivi. Editeur du site Le site www.classic-parts-finder.com est \u00e9dit\u00e9 par la soci\u00e9t\u00e9 Classic Parts Finder SAS au [&hellip;]<\/p>\n","protected":false},"author":1,"featured_media":0,"parent":0,"menu_order":0,"comment_status":"closed","ping_status":"closed","template":"","meta":{"inline_featured_image":false,"footnotes":""},"class_list":["post-22","page","type-page","status-publish","hentry"],"yoast_head":"<!-- This site is optimized with the Yoast SEO Premium plugin v21.5 (Yoast SEO v27.5) - https:\/\/yoast.com\/product\/yoast-seo-premium-wordpress\/ -->\n<title>Mentions l\u00e9gales - Classic Parts Finder<\/title>\n<meta name=\"description\" content=\"L&#039;outil de r\u00e9f\u00e9rence international pour la recherche, la vente et la r\u00e9novation de pi\u00e8ces pour votre voitures de collection.\" \/>\n<meta name=\"robots\" content=\"noindex, follow\" \/>\n<meta property=\"og:locale\" content=\"fr_FR\" \/>\n<meta property=\"og:type\" content=\"article\" \/>\n<meta property=\"og:title\" content=\"Mentions l\u00e9gales\" \/>\n<meta property=\"og:description\" content=\"L&#039;outil de r\u00e9f\u00e9rence international pour la recherche, la vente et la r\u00e9novation de pi\u00e8ces pour votre voitures de collection.\" \/>\n<meta property=\"og:url\" content=\"https:\/\/classic-parts-finder.com\/content\/mentions-legales\/\" \/>\n<meta property=\"og:site_name\" content=\"Classic Parts Finder\" \/>\n<meta property=\"article:publisher\" content=\"https:\/\/www.facebook.com\/classicpartsfinder\/\" \/>\n<meta property=\"article:modified_time\" content=\"2023-08-23T14:00:58+00:00\" \/>\n<meta property=\"og:image\" content=\"https:\/\/classic-parts-finder.com\/content\/wp-content\/uploads\/2022\/09\/Num.-Tel..png\" \/>\n<meta name=\"twitter:card\" content=\"summary_large_image\" \/>\n<meta name=\"twitter:label1\" content=\"Dur\u00e9e de lecture estim\u00e9e\" \/>\n\t<meta name=\"twitter:data1\" content=\"2 minutes\" \/>\n<script type=\"application\/ld+json\" class=\"yoast-schema-graph\">{\"@context\":\"https:\\\/\\\/schema.org\",\"@graph\":[{\"@type\":\"WebPage\",\"@id\":\"https:\\\/\\\/classic-parts-finder.com\\\/content\\\/mentions-legales\\\/\",\"url\":\"https:\\\/\\\/classic-parts-finder.com\\\/content\\\/mentions-legales\\\/\",\"name\":\"Mentions l\u00e9gales - Classic Parts Finder\",\"isPartOf\":{\"@id\":\"https:\\\/\\\/classic-parts-finder.com\\\/content\\\/#website\"},\"primaryImageOfPage\":{\"@id\":\"https:\\\/\\\/classic-parts-finder.com\\\/content\\\/mentions-legales\\\/#primaryimage\"},\"image\":{\"@id\":\"https:\\\/\\\/classic-parts-finder.com\\\/content\\\/mentions-legales\\\/#primaryimage\"},\"thumbnailUrl\":\"https:\\\/\\\/classic-parts-finder.com\\\/content\\\/wp-content\\\/uploads\\\/2022\\\/09\\\/Num.-Tel..png\",\"datePublished\":\"2022-01-28T15:06:52+00:00\",\"dateModified\":\"2023-08-23T14:00:58+00:00\",\"description\":\"L'outil de r\u00e9f\u00e9rence international pour la recherche, la vente et la r\u00e9novation de pi\u00e8ces pour votre voitures de collection.\",\"breadcrumb\":{\"@id\":\"https:\\\/\\\/classic-parts-finder.com\\\/content\\\/mentions-legales\\\/#breadcrumb\"},\"inLanguage\":\"fr-FR\",\"potentialAction\":[{\"@type\":\"ReadAction\",\"target\":[\"https:\\\/\\\/classic-parts-finder.com\\\/content\\\/mentions-legales\\\/\"]}]},{\"@type\":\"ImageObject\",\"inLanguage\":\"fr-FR\",\"@id\":\"https:\\\/\\\/classic-parts-finder.com\\\/content\\\/mentions-legales\\\/#primaryimage\",\"url\":\"https:\\\/\\\/classic-parts-finder.com\\\/content\\\/wp-content\\\/uploads\\\/2022\\\/09\\\/Num.-Tel..png\",\"contentUrl\":\"https:\\\/\\\/classic-parts-finder.com\\\/content\\\/wp-content\\\/uploads\\\/2022\\\/09\\\/Num.-Tel..png\",\"width\":113,\"height\":29},{\"@type\":\"BreadcrumbList\",\"@id\":\"https:\\\/\\\/classic-parts-finder.com\\\/content\\\/mentions-legales\\\/#breadcrumb\",\"itemListElement\":[{\"@type\":\"ListItem\",\"position\":1,\"name\":\"Accueil\",\"item\":\"https:\\\/\\\/classic-parts-finder.com\\\/content\\\/\"},{\"@type\":\"ListItem\",\"position\":2,\"name\":\"Mentions l\u00e9gales\"}]},{\"@type\":\"WebSite\",\"@id\":\"https:\\\/\\\/classic-parts-finder.com\\\/content\\\/#website\",\"url\":\"https:\\\/\\\/classic-parts-finder.com\\\/content\\\/\",\"name\":\"Classic Parts Finder\",\"description\":\"La premi\u00e8re plateforme qui vous aide \u00e0 trouver, vendre, et r\u00e9nover vos pi\u00e8ces d\u00e9tach\u00e9es !\",\"publisher\":{\"@id\":\"https:\\\/\\\/classic-parts-finder.com\\\/content\\\/#organization\"},\"potentialAction\":[{\"@type\":\"SearchAction\",\"target\":{\"@type\":\"EntryPoint\",\"urlTemplate\":\"https:\\\/\\\/classic-parts-finder.com\\\/content\\\/?s={search_term_string}\"},\"query-input\":{\"@type\":\"PropertyValueSpecification\",\"valueRequired\":true,\"valueName\":\"search_term_string\"}}],\"inLanguage\":\"fr-FR\"},{\"@type\":\"Organization\",\"@id\":\"https:\\\/\\\/classic-parts-finder.com\\\/content\\\/#organization\",\"name\":\"Classic Parts Finder\",\"alternateName\":\"CPF\",\"url\":\"https:\\\/\\\/classic-parts-finder.com\\\/content\\\/\",\"logo\":{\"@type\":\"ImageObject\",\"inLanguage\":\"fr-FR\",\"@id\":\"https:\\\/\\\/classic-parts-finder.com\\\/content\\\/#\\\/schema\\\/logo\\\/image\\\/\",\"url\":\"https:\\\/\\\/classic-parts-finder.com\\\/wp-content\\\/uploads\\\/2022\\\/08\\\/Classic-Parts-Finder.jpg\",\"contentUrl\":\"https:\\\/\\\/classic-parts-finder.com\\\/wp-content\\\/uploads\\\/2022\\\/08\\\/Classic-Parts-Finder.jpg\",\"width\":1399,\"height\":1399,\"caption\":\"Classic Parts Finder\"},\"image\":{\"@id\":\"https:\\\/\\\/classic-parts-finder.com\\\/content\\\/#\\\/schema\\\/logo\\\/image\\\/\"},\"sameAs\":[\"https:\\\/\\\/www.facebook.com\\\/classicpartsfinder\\\/\",\"https:\\\/\\\/www.instagram.com\\\/classic_parts_finder\\\/\"]}]}<\/script>\n<!-- \/ Yoast SEO Premium plugin. -->","yoast_head_json":{"title":"Mentions l\u00e9gales - Classic Parts Finder","description":"L'outil de r\u00e9f\u00e9rence international pour la recherche, la vente et la r\u00e9novation de pi\u00e8ces pour votre voitures de collection.","robots":{"index":"noindex","follow":"follow"},"og_locale":"fr_FR","og_type":"article","og_title":"Mentions l\u00e9gales","og_description":"L'outil de r\u00e9f\u00e9rence international pour la recherche, la vente et la r\u00e9novation de pi\u00e8ces pour votre voitures de collection.","og_url":"https:\/\/classic-parts-finder.com\/content\/mentions-legales\/","og_site_name":"Classic Parts Finder","article_publisher":"https:\/\/www.facebook.com\/classicpartsfinder\/","article_modified_time":"2023-08-23T14:00:58+00:00","og_image":[{"url":"https:\/\/classic-parts-finder.com\/content\/wp-content\/uploads\/2022\/09\/Num.-Tel..png","type":"","width":"","height":""}],"twitter_card":"summary_large_image","twitter_misc":{"Dur\u00e9e de lecture estim\u00e9e":"2 minutes"},"schema":{"@context":"https:\/\/schema.org","@graph":[{"@type":"WebPage","@id":"https:\/\/classic-parts-finder.com\/content\/mentions-legales\/","url":"https:\/\/classic-parts-finder.com\/content\/mentions-legales\/","name":"Mentions l\u00e9gales - Classic Parts Finder","isPartOf":{"@id":"https:\/\/classic-parts-finder.com\/content\/#website"},"primaryImageOfPage":{"@id":"https:\/\/classic-parts-finder.com\/content\/mentions-legales\/#primaryimage"},"image":{"@id":"https:\/\/classic-parts-finder.com\/content\/mentions-legales\/#primaryimage"},"thumbnailUrl":"https:\/\/classic-parts-finder.com\/content\/wp-content\/uploads\/2022\/09\/Num.-Tel..png","datePublished":"2022-01-28T15:06:52+00:00","dateModified":"2023-08-23T14:00:58+00:00","description":"L'outil de r\u00e9f\u00e9rence international pour la recherche, la vente et la r\u00e9novation de pi\u00e8ces pour votre voitures de collection.","breadcrumb":{"@id":"https:\/\/classic-parts-finder.com\/content\/mentions-legales\/#breadcrumb"},"inLanguage":"fr-FR","potentialAction":[{"@type":"ReadAction","target":["https:\/\/classic-parts-finder.com\/content\/mentions-legales\/"]}]},{"@type":"ImageObject","inLanguage":"fr-FR","@id":"https:\/\/classic-parts-finder.com\/content\/mentions-legales\/#primaryimage","url":"https:\/\/classic-parts-finder.com\/content\/wp-content\/uploads\/2022\/09\/Num.-Tel..png","contentUrl":"https:\/\/classic-parts-finder.com\/content\/wp-content\/uploads\/2022\/09\/Num.-Tel..png","width":113,"height":29},{"@type":"BreadcrumbList","@id":"https:\/\/classic-parts-finder.com\/content\/mentions-legales\/#breadcrumb","itemListElement":[{"@type":"ListItem","position":1,"name":"Accueil","item":"https:\/\/classic-parts-finder.com\/content\/"},{"@type":"ListItem","position":2,"name":"Mentions l\u00e9gales"}]},{"@type":"WebSite","@id":"https:\/\/classic-parts-finder.com\/content\/#website","url":"https:\/\/classic-parts-finder.com\/content\/","name":"Classic Parts Finder","description":"La premi\u00e8re plateforme qui vous aide \u00e0 trouver, vendre, et r\u00e9nover vos pi\u00e8ces d\u00e9tach\u00e9es !","publisher":{"@id":"https:\/\/classic-parts-finder.com\/content\/#organization"},"potentialAction":[{"@type":"SearchAction","target":{"@type":"EntryPoint","urlTemplate":"https:\/\/classic-parts-finder.com\/content\/?s={search_term_string}"},"query-input":{"@type":"PropertyValueSpecification","valueRequired":true,"valueName":"search_term_string"}}],"inLanguage":"fr-FR"},{"@type":"Organization","@id":"https:\/\/classic-parts-finder.com\/content\/#organization","name":"Classic Parts Finder","alternateName":"CPF","url":"https:\/\/classic-parts-finder.com\/content\/","logo":{"@type":"ImageObject","inLanguage":"fr-FR","@id":"https:\/\/classic-parts-finder.com\/content\/#\/schema\/logo\/image\/","url":"https:\/\/classic-parts-finder.com\/wp-content\/uploads\/2022\/08\/Classic-Parts-Finder.jpg","contentUrl":"https:\/\/classic-parts-finder.com\/wp-content\/uploads\/2022\/08\/Classic-Parts-Finder.jpg","width":1399,"height":1399,"caption":"Classic Parts Finder"},"image":{"@id":"https:\/\/classic-parts-finder.com\/content\/#\/schema\/logo\/image\/"},"sameAs":["https:\/\/www.facebook.com\/classicpartsfinder\/","https:\/\/www.instagram.com\/classic_parts_finder\/"]}]}},"lang":"fr","translations":{"fr":22,"en":215,"de":496},"pll_sync_post":[],"acf":[],"_links":{"self":[{"href":"https:\/\/classic-parts-finder.com\/content\/wp-json\/wp\/v2\/pages\/22","targetHints":{"allow":["GET"]}}],"collection":[{"href":"https:\/\/classic-parts-finder.com\/content\/wp-json\/wp\/v2\/pages"}],"about":[{"href":"https:\/\/classic-parts-finder.com\/content\/wp-json\/wp\/v2\/types\/page"}],"author":[{"embeddable":true,"href":"https:\/\/classic-parts-finder.com\/content\/wp-json\/wp\/v2\/users\/1"}],"replies":[{"embeddable":true,"href":"https:\/\/classic-parts-finder.com\/content\/wp-json\/wp\/v2\/comments?post=22"}],"version-history":[{"count":26,"href":"https:\/\/classic-parts-finder.com\/content\/wp-json\/wp\/v2\/pages\/22\/revisions"}],"predecessor-version":[{"id":1774,"href":"https:\/\/classic-parts-finder.com\/content\/wp-json\/wp\/v2\/pages\/22\/revisions\/1774"}],"wp:attachment":[{"href":"https:\/\/classic-parts-finder.com\/content\/wp-json\/wp\/v2\/media?parent=22"}],"curies":[{"name":"wp","href":"https:\/\/api.w.org\/{rel}","templated":true}]}}