{"id":496,"date":"2022-03-02T11:38:42","date_gmt":"2022-03-02T10:38:42","guid":{"rendered":"https:\/\/classic-parts-finder.com\/content\/\/?page_id=496"},"modified":"2022-10-12T22:32:29","modified_gmt":"2022-10-12T20:32:29","slug":"impressum","status":"publish","type":"page","link":"https:\/\/classic-parts-finder.com\/content\/de\/impressum\/","title":{"rendered":"Impressum"},"content":{"rendered":"\n<p>Gem\u00e4\u00df den Bestimmungen des Gesetzes Nr. 2004-575 vom 21. Juni 2004 \u00fcber das &#8220;Vertrauen in die digitale Wirtschaft&#8221; (<em>confiance en l&#8217;\u00e9conomie num\u00e9rique<\/em>) werden die Nutzer der Website \u00fcber die Identit\u00e4t der verschiedenen an der Erstellung und \u00dcberwachung der Website beteiligten Parteien informiert.<\/p>\n\n\n\n<h4 class=\"wp-block-heading\" id=\"editeur-du-sitele-site-www-classic-parts-finder-com-est-edite-par-la-societe-classic-parts-finder-sas-au-capital-de-1-000-euros-immatriculee-au-registre-de-commerce-et-des-societes-de-paris-sous-le-n-887-957-652-et-ayant-son-siege-social-au-149-avenue-du-maine-75014-paris-n-de-tva-intracommunautaire-fr-89887957652\"><strong>Herausgeber<\/strong><\/h4>\n\n\n\n<p id=\"editeur-du-sitele-site-www-classic-parts-finder-com-est-edite-par-la-societe-classic-parts-finder-sas-au-capital-de-1-000-euros-immatriculee-au-registre-de-commerce-et-des-societes-de-paris-sous-le-n-887-957-652-et-ayant-son-siege-social-au-149-avenue-du-maine-75014-paris-n-de-tva-intracommunautaire-fr-89887957652\">Die Website <strong><a href=\"https:\/\/classic-parts-finder.com\/content\/\">www.classic-parts-finder.com<\/a><\/strong> wird von der Firma Classic Parts Finder SAS herausgegeben, die im Handels- und Gesellschaftsregister von Paris unter der Nummer 887 957 652 eingetragen ist und ihren Sitz in 149 Avenue du Maine, 75014 Paris, hat. Umsatzsteuer-Identifikationsnummer: FR 89887957652<\/p>\n\n\n\n<h4 class=\"wp-block-heading\" id=\"telephone-et-email-de-contact\"><strong>Telefon und E-Mail Kontakt<\/strong><\/h4>\n\n\n\n<p>Telefon: <\/p>\n\n\n\n<figure class=\"wp-block-image size-full is-resized\"><img loading=\"lazy\" decoding=\"async\" src=\"https:\/\/classic-parts-finder.com\/content\/wp-content\/uploads\/2022\/09\/Num.-Tel..png\" alt=\"\" class=\"wp-image-1153\" width=\"113\" height=\"29\"\/><\/figure>\n\n\n\n<p>E-mail :  <\/p>\n\n\n\n<figure class=\"wp-block-image size-full is-resized\"><img loading=\"lazy\" decoding=\"async\" src=\"https:\/\/classic-parts-finder.com\/content\/wp-content\/uploads\/2022\/09\/Adresse-Mail-3.png\" alt=\"\" class=\"wp-image-1107\" width=\"223\" height=\"25\"\/><\/figure>\n\n\n\n<p>Kontaktieren Sie uns <strong><a href=\"https:\/\/classic-parts-finder.com\/content\/de\/kontaktieren-sie-uns\/\" target=\"_blank\" rel=\"noreferrer noopener\">hier<\/a><\/strong><\/p>\n\n\n\n<h4 class=\"wp-block-heading\" id=\"responsable-de-la-publication\"><strong>Chefredaktion<\/strong><\/h4>\n\n\n\n<p>Herrn Benjamin Grappin, Vorsitzender<\/p>\n\n\n\n<h4 class=\"wp-block-heading\" id=\"hebergeur\"><strong>Webhosting<\/strong><\/h4>\n\n\n\n<p>Die Website <strong><a href=\"https:\/\/classic-parts-finder.com\/content\/\">www.classic-parts-finder.com<\/a><\/strong> wird von der Firma Infomaniak Network SA mit Sitz in 26, Avenue de la Praille &#8211; 1227 Carouge \/ Genf (CH) gehostet.<\/p>\n\n\n\n<p><strong class=\"has-secondary-color has-text-color\"><a href=\"https:\/\/www.infomaniak.com\">https:\/\/www.infomaniak.com<\/a><\/strong><\/p>\n\n\n\n<figure class=\"wp-block-image size-full is-resized\"><img loading=\"lazy\" decoding=\"async\" src=\"https:\/\/classic-parts-finder.com\/content\/wp-content\/uploads\/2022\/09\/Num.-Tel.-Infomaniak.png\" alt=\"\" class=\"wp-image-1169\" width=\"129\" height=\"25\"\/><\/figure>\n\n\n\n<h4 class=\"wp-block-heading\" id=\"conditions-generales\"><strong>Allgemeine Gesch\u00e4ftsbedingungen<\/strong><\/h4>\n\n\n\n<p>Diese sind <strong><a href=\"https:\/\/classic-parts-finder.com\/content\/de\/allgemeine-nutzungsbedingungen\/\" target=\"_blank\" rel=\"noreferrer noopener\">hier<\/a><\/strong> abrufbar<\/p>\n\n\n\n<h4 class=\"wp-block-heading\" id=\"politique-de-confidentialite\"><strong>Datenschutzrichtlinien<\/strong><\/h4>\n\n\n\n<p>Diese sind <strong><a href=\"https:\/\/classic-parts-finder.com\/content\/de\/datenschutzrichtlinien\/\" target=\"_blank\" rel=\"noreferrer noopener\">hier<\/a><\/strong> abrufbar<\/p>\n\n\n\n<h4 class=\"wp-block-heading\" id=\"remerciements\"><strong>Danksagung<\/strong><\/h4>\n\n\n\n<p>Das Team Wigo Media, Thierry S\u00e9e, sowie Thierry Burkard<\/p>\n","protected":false},"excerpt":{"rendered":"<p>Gem\u00e4\u00df den Bestimmungen des Gesetzes Nr. 2004-575 vom 21. Juni 2004 \u00fcber das &#8220;Vertrauen in die digitale Wirtschaft&#8221; (confiance en l&#8217;\u00e9conomie num\u00e9rique) werden die Nutzer der Website \u00fcber die Identit\u00e4t der verschiedenen an der Erstellung und \u00dcberwachung der Website beteiligten Parteien informiert. Herausgeber Die Website www.classic-parts-finder.com wird von der Firma Classic Parts Finder SAS herausgegeben, [&hellip;]<\/p>\n","protected":false},"author":1,"featured_media":0,"parent":0,"menu_order":0,"comment_status":"closed","ping_status":"closed","template":"","meta":{"inline_featured_image":false,"footnotes":""},"class_list":["post-496","page","type-page","status-publish","hentry"],"yoast_head":"<!-- This site is optimized with the Yoast SEO Premium plugin v21.5 (Yoast SEO v27.5) - https:\/\/yoast.com\/product\/yoast-seo-premium-wordpress\/ -->\n<title>Impressum - Classic Parts Finder<\/title>\n<meta name=\"robots\" content=\"index, follow, max-snippet:-1, max-image-preview:large, max-video-preview:-1\" \/>\n<link rel=\"canonical\" href=\"https:\/\/classic-parts-finder.com\/content\/de\/impressum\/\" \/>\n<meta property=\"og:locale\" content=\"fr_FR\" \/>\n<meta property=\"og:type\" content=\"article\" \/>\n<meta property=\"og:title\" content=\"Impressum\" \/>\n<meta property=\"og:description\" content=\"Gem\u00e4\u00df den Bestimmungen des Gesetzes Nr. 2004-575 vom 21. Juni 2004 \u00fcber das &#8220;Vertrauen in die digitale Wirtschaft&#8221; (confiance en l&#8217;\u00e9conomie num\u00e9rique) werden die Nutzer der Website \u00fcber die Identit\u00e4t der verschiedenen an der Erstellung und \u00dcberwachung der Website beteiligten Parteien informiert. Herausgeber Die Website www.classic-parts-finder.com wird von der Firma Classic Parts Finder SAS herausgegeben, [&hellip;]\" \/>\n<meta property=\"og:url\" content=\"https:\/\/classic-parts-finder.com\/content\/de\/impressum\/\" \/>\n<meta property=\"og:site_name\" content=\"Classic Parts Finder\" \/>\n<meta property=\"article:publisher\" content=\"https:\/\/www.facebook.com\/classicpartsfinder\/\" \/>\n<meta property=\"article:modified_time\" content=\"2022-10-12T20:32:29+00:00\" \/>\n<meta property=\"og:image\" content=\"https:\/\/classic-parts-finder.com\/content\/wp-content\/uploads\/2022\/09\/Num.-Tel..png\" \/>\n<meta name=\"twitter:card\" content=\"summary_large_image\" \/>\n<meta name=\"twitter:label1\" content=\"Dur\u00e9e de lecture estim\u00e9e\" \/>\n\t<meta name=\"twitter:data1\" content=\"2 minutes\" \/>\n<script type=\"application\/ld+json\" class=\"yoast-schema-graph\">{\"@context\":\"https:\\\/\\\/schema.org\",\"@graph\":[{\"@type\":\"WebPage\",\"@id\":\"https:\\\/\\\/classic-parts-finder.com\\\/content\\\/de\\\/impressum\\\/\",\"url\":\"https:\\\/\\\/classic-parts-finder.com\\\/content\\\/de\\\/impressum\\\/\",\"name\":\"Impressum - Classic Parts Finder\",\"isPartOf\":{\"@id\":\"https:\\\/\\\/classic-parts-finder.com\\\/content\\\/#website\"},\"primaryImageOfPage\":{\"@id\":\"https:\\\/\\\/classic-parts-finder.com\\\/content\\\/de\\\/impressum\\\/#primaryimage\"},\"image\":{\"@id\":\"https:\\\/\\\/classic-parts-finder.com\\\/content\\\/de\\\/impressum\\\/#primaryimage\"},\"thumbnailUrl\":\"https:\\\/\\\/classic-parts-finder.com\\\/content\\\/wp-content\\\/uploads\\\/2022\\\/09\\\/Num.-Tel..png\",\"datePublished\":\"2022-03-02T10:38:42+00:00\",\"dateModified\":\"2022-10-12T20:32:29+00:00\",\"breadcrumb\":{\"@id\":\"https:\\\/\\\/classic-parts-finder.com\\\/content\\\/de\\\/impressum\\\/#breadcrumb\"},\"inLanguage\":\"fr-FR\",\"potentialAction\":[{\"@type\":\"ReadAction\",\"target\":[\"https:\\\/\\\/classic-parts-finder.com\\\/content\\\/de\\\/impressum\\\/\"]}]},{\"@type\":\"ImageObject\",\"inLanguage\":\"fr-FR\",\"@id\":\"https:\\\/\\\/classic-parts-finder.com\\\/content\\\/de\\\/impressum\\\/#primaryimage\",\"url\":\"https:\\\/\\\/classic-parts-finder.com\\\/content\\\/wp-content\\\/uploads\\\/2022\\\/09\\\/Num.-Tel..png\",\"contentUrl\":\"https:\\\/\\\/classic-parts-finder.com\\\/content\\\/wp-content\\\/uploads\\\/2022\\\/09\\\/Num.-Tel..png\",\"width\":113,\"height\":29},{\"@type\":\"BreadcrumbList\",\"@id\":\"https:\\\/\\\/classic-parts-finder.com\\\/content\\\/de\\\/impressum\\\/#breadcrumb\",\"itemListElement\":[{\"@type\":\"ListItem\",\"position\":1,\"name\":\"Accueil\",\"item\":\"https:\\\/\\\/classic-parts-finder.com\\\/content\\\/\"},{\"@type\":\"ListItem\",\"position\":2,\"name\":\"Impressum\"}]},{\"@type\":\"WebSite\",\"@id\":\"https:\\\/\\\/classic-parts-finder.com\\\/content\\\/#website\",\"url\":\"https:\\\/\\\/classic-parts-finder.com\\\/content\\\/\",\"name\":\"Classic Parts Finder\",\"description\":\"La premi\u00e8re plateforme qui vous aide \u00e0 trouver, vendre, et r\u00e9nover vos pi\u00e8ces d\u00e9tach\u00e9es !\",\"publisher\":{\"@id\":\"https:\\\/\\\/classic-parts-finder.com\\\/content\\\/#organization\"},\"potentialAction\":[{\"@type\":\"SearchAction\",\"target\":{\"@type\":\"EntryPoint\",\"urlTemplate\":\"https:\\\/\\\/classic-parts-finder.com\\\/content\\\/?s={search_term_string}\"},\"query-input\":{\"@type\":\"PropertyValueSpecification\",\"valueRequired\":true,\"valueName\":\"search_term_string\"}}],\"inLanguage\":\"fr-FR\"},{\"@type\":\"Organization\",\"@id\":\"https:\\\/\\\/classic-parts-finder.com\\\/content\\\/#organization\",\"name\":\"Classic Parts Finder\",\"alternateName\":\"CPF\",\"url\":\"https:\\\/\\\/classic-parts-finder.com\\\/content\\\/\",\"logo\":{\"@type\":\"ImageObject\",\"inLanguage\":\"fr-FR\",\"@id\":\"https:\\\/\\\/classic-parts-finder.com\\\/content\\\/#\\\/schema\\\/logo\\\/image\\\/\",\"url\":\"https:\\\/\\\/classic-parts-finder.com\\\/wp-content\\\/uploads\\\/2022\\\/08\\\/Classic-Parts-Finder.jpg\",\"contentUrl\":\"https:\\\/\\\/classic-parts-finder.com\\\/wp-content\\\/uploads\\\/2022\\\/08\\\/Classic-Parts-Finder.jpg\",\"width\":1399,\"height\":1399,\"caption\":\"Classic Parts Finder\"},\"image\":{\"@id\":\"https:\\\/\\\/classic-parts-finder.com\\\/content\\\/#\\\/schema\\\/logo\\\/image\\\/\"},\"sameAs\":[\"https:\\\/\\\/www.facebook.com\\\/classicpartsfinder\\\/\",\"https:\\\/\\\/www.instagram.com\\\/classic_parts_finder\\\/\"]}]}<\/script>\n<!-- \/ Yoast SEO Premium plugin. -->","yoast_head_json":{"title":"Impressum - Classic Parts Finder","robots":{"index":"index","follow":"follow","max-snippet":"max-snippet:-1","max-image-preview":"max-image-preview:large","max-video-preview":"max-video-preview:-1"},"canonical":"https:\/\/classic-parts-finder.com\/content\/de\/impressum\/","og_locale":"fr_FR","og_type":"article","og_title":"Impressum","og_description":"Gem\u00e4\u00df den Bestimmungen des Gesetzes Nr. 2004-575 vom 21. Juni 2004 \u00fcber das &#8220;Vertrauen in die digitale Wirtschaft&#8221; (confiance en l&#8217;\u00e9conomie num\u00e9rique) werden die Nutzer der Website \u00fcber die Identit\u00e4t der verschiedenen an der Erstellung und \u00dcberwachung der Website beteiligten Parteien informiert. Herausgeber Die Website www.classic-parts-finder.com wird von der Firma Classic Parts Finder SAS herausgegeben, [&hellip;]","og_url":"https:\/\/classic-parts-finder.com\/content\/de\/impressum\/","og_site_name":"Classic Parts Finder","article_publisher":"https:\/\/www.facebook.com\/classicpartsfinder\/","article_modified_time":"2022-10-12T20:32:29+00:00","og_image":[{"url":"https:\/\/classic-parts-finder.com\/content\/wp-content\/uploads\/2022\/09\/Num.-Tel..png","type":"","width":"","height":""}],"twitter_card":"summary_large_image","twitter_misc":{"Dur\u00e9e de lecture estim\u00e9e":"2 minutes"},"schema":{"@context":"https:\/\/schema.org","@graph":[{"@type":"WebPage","@id":"https:\/\/classic-parts-finder.com\/content\/de\/impressum\/","url":"https:\/\/classic-parts-finder.com\/content\/de\/impressum\/","name":"Impressum - Classic Parts Finder","isPartOf":{"@id":"https:\/\/classic-parts-finder.com\/content\/#website"},"primaryImageOfPage":{"@id":"https:\/\/classic-parts-finder.com\/content\/de\/impressum\/#primaryimage"},"image":{"@id":"https:\/\/classic-parts-finder.com\/content\/de\/impressum\/#primaryimage"},"thumbnailUrl":"https:\/\/classic-parts-finder.com\/content\/wp-content\/uploads\/2022\/09\/Num.-Tel..png","datePublished":"2022-03-02T10:38:42+00:00","dateModified":"2022-10-12T20:32:29+00:00","breadcrumb":{"@id":"https:\/\/classic-parts-finder.com\/content\/de\/impressum\/#breadcrumb"},"inLanguage":"fr-FR","potentialAction":[{"@type":"ReadAction","target":["https:\/\/classic-parts-finder.com\/content\/de\/impressum\/"]}]},{"@type":"ImageObject","inLanguage":"fr-FR","@id":"https:\/\/classic-parts-finder.com\/content\/de\/impressum\/#primaryimage","url":"https:\/\/classic-parts-finder.com\/content\/wp-content\/uploads\/2022\/09\/Num.-Tel..png","contentUrl":"https:\/\/classic-parts-finder.com\/content\/wp-content\/uploads\/2022\/09\/Num.-Tel..png","width":113,"height":29},{"@type":"BreadcrumbList","@id":"https:\/\/classic-parts-finder.com\/content\/de\/impressum\/#breadcrumb","itemListElement":[{"@type":"ListItem","position":1,"name":"Accueil","item":"https:\/\/classic-parts-finder.com\/content\/"},{"@type":"ListItem","position":2,"name":"Impressum"}]},{"@type":"WebSite","@id":"https:\/\/classic-parts-finder.com\/content\/#website","url":"https:\/\/classic-parts-finder.com\/content\/","name":"Classic Parts Finder","description":"La premi\u00e8re plateforme qui vous aide \u00e0 trouver, vendre, et r\u00e9nover vos pi\u00e8ces d\u00e9tach\u00e9es !","publisher":{"@id":"https:\/\/classic-parts-finder.com\/content\/#organization"},"potentialAction":[{"@type":"SearchAction","target":{"@type":"EntryPoint","urlTemplate":"https:\/\/classic-parts-finder.com\/content\/?s={search_term_string}"},"query-input":{"@type":"PropertyValueSpecification","valueRequired":true,"valueName":"search_term_string"}}],"inLanguage":"fr-FR"},{"@type":"Organization","@id":"https:\/\/classic-parts-finder.com\/content\/#organization","name":"Classic Parts Finder","alternateName":"CPF","url":"https:\/\/classic-parts-finder.com\/content\/","logo":{"@type":"ImageObject","inLanguage":"fr-FR","@id":"https:\/\/classic-parts-finder.com\/content\/#\/schema\/logo\/image\/","url":"https:\/\/classic-parts-finder.com\/wp-content\/uploads\/2022\/08\/Classic-Parts-Finder.jpg","contentUrl":"https:\/\/classic-parts-finder.com\/wp-content\/uploads\/2022\/08\/Classic-Parts-Finder.jpg","width":1399,"height":1399,"caption":"Classic Parts Finder"},"image":{"@id":"https:\/\/classic-parts-finder.com\/content\/#\/schema\/logo\/image\/"},"sameAs":["https:\/\/www.facebook.com\/classicpartsfinder\/","https:\/\/www.instagram.com\/classic_parts_finder\/"]}]}},"lang":"de","translations":{"de":496,"en":215,"fr":22},"pll_sync_post":[],"acf":[],"_links":{"self":[{"href":"https:\/\/classic-parts-finder.com\/content\/wp-json\/wp\/v2\/pages\/496","targetHints":{"allow":["GET"]}}],"collection":[{"href":"https:\/\/classic-parts-finder.com\/content\/wp-json\/wp\/v2\/pages"}],"about":[{"href":"https:\/\/classic-parts-finder.com\/content\/wp-json\/wp\/v2\/types\/page"}],"author":[{"embeddable":true,"href":"https:\/\/classic-parts-finder.com\/content\/wp-json\/wp\/v2\/users\/1"}],"replies":[{"embeddable":true,"href":"https:\/\/classic-parts-finder.com\/content\/wp-json\/wp\/v2\/comments?post=496"}],"version-history":[{"count":11,"href":"https:\/\/classic-parts-finder.com\/content\/wp-json\/wp\/v2\/pages\/496\/revisions"}],"predecessor-version":[{"id":1344,"href":"https:\/\/classic-parts-finder.com\/content\/wp-json\/wp\/v2\/pages\/496\/revisions\/1344"}],"wp:attachment":[{"href":"https:\/\/classic-parts-finder.com\/content\/wp-json\/wp\/v2\/media?parent=496"}],"curies":[{"name":"wp","href":"https:\/\/api.w.org\/{rel}","templated":true}]}}