{"id":498,"date":"2022-03-02T11:39:46","date_gmt":"2022-03-02T10:39:46","guid":{"rendered":"https:\/\/classic-parts-finder.com\/content\/\/?page_id=498"},"modified":"2022-10-12T15:48:56","modified_gmt":"2022-10-12T13:48:56","slug":"datenschutzrichtlinien","status":"publish","type":"page","link":"https:\/\/classic-parts-finder.com\/content\/de\/datenschutzrichtlinien\/","title":{"rendered":"Datenschutzrichtlinien"},"content":{"rendered":"\n<div style=\"height:40px\" aria-hidden=\"true\" class=\"wp-block-spacer\"><\/div>\n\n\n\n<h4 class=\"wp-block-heading\" id=\"donnees-personnelles-informatique-et-liberte\"><strong>PERSONENBEZOGENE DATEN &#8211; DATENSCHUTZ &amp; INFORMATIONSFREIHEIT<\/strong><\/h4>\n\n\n\n<p>Die Erhebung personenbezogener Daten bei der Er\u00f6ffnung eines Kontos oder beim Abschluss einer Transaktion ist f\u00fcr den Zugang und die Nutzung der Website sowie f\u00fcr die Bearbeitung und Verfolgung von Bestellungen unerl\u00e4sslich.<\/p>\n\n\n\n<p>Die folgenden Daten k\u00f6nnen erhoben werden:<\/p>\n\n\n\n<p>Vor- und Nachname, Postanschrift, Telefonnummer und E-Mail Adresse<\/p>\n\n\n\n<p>Verlauf der Transaktionen<\/p>\n\n\n\n<p>Von einem Verk\u00e4ufer eingestellte Angebote<\/p>\n\n\n\n<p>Bankinformationen und Dokumente, die f\u00fcr die Identifizierung von \u00dcberweisungsempf\u00e4ngern erforderlich sind<\/p>\n\n\n\n<p>CLASSIC PARTS FINDER sammelt bestimmte (anonyme) Informationen durch Cookies, die auf der Festplatte des K\u00e4ufers oder Verk\u00e4ufers gespeichert werden, mit deren vorheriger Zustimmung, um die Navigation auf der Website bei sp\u00e4teren Verbindungen zu verbessern. Die gesammelten Informationen umfassen wie folgt:<\/p>\n\n\n\n<ul class=\"wp-block-list\"><li>Technische Informationen: IP-Adresse, Verbindungsinformationen, geografische und demografische Informationen, Browsertyp und -version, Zeitzoneneinstellung, Sprache, Browser-Plug-in-Typen und -Versionen, Betriebssystem;<\/li><li>Informationen \u00fcber Ihren Besuch, d. h. die vollst\u00e4ndige URL der Klicks beim Verlassen, beim Durchsuchen und beim Betreten der Website;<\/li><li>Seiten, die Sie angesehen oder nach denen Sie gesucht haben, die Antwortzeit jeder Seite, die Ladefehler, die Dauer der Besuche auf bestimmten Seiten, Interaktionsinformationen \u00fcber die Seite wie Scrollen, Klicken und \u00dcberfahren mit der Maus und die Methoden, die zum Verlassen der Seite verwendet wurden.<\/li><li>Formulare, die Sie ausgef\u00fcllt haben;<\/li><li>Inhalt der Korrespondenz zwischen Nutzern;<\/li><li>Kontoanmeldung oder -erstellung;<\/li><li>Auf unserer Website aufgegebene Bestellungen;<\/li><li>Nutzung von sozialen Netzwerken oder anderen Plattformen;<\/li><li>Teilnahme an einem Wettbewerb, einer Werbeaktion oder einer Umfrage;<\/li><li>Alle Probleme, die Sie melden, oder Anfragen, die Sie an den Support richten;<\/li><\/ul>\n\n\n\n<p>Der K\u00e4ufer und der Verk\u00e4ufer haben das Recht, auf die sie betreffenden Daten zuzugreifen, sie zu \u00e4ndern, zu berichtigen und zu l\u00f6schen (Artikel 34 des Gesetzes vom 6. Januar 1978), indem sie sich schriftlich an CLASSIC PARTS FINDER wenden: info@classic-parts-finder.com.<\/p>\n\n\n\n<p>F\u00fcr zus\u00e4tzliche Informationen oder Anspr\u00fcche k\u00f6nnen Sie die Website der Nationalen Kommission f\u00fcr Datenschutz und Informationsfreiheit unter www.cnil.fr. konsultieren.<\/p>\n\n\n\n<p>Die Datenarchivierung erfolgt auf einer zuverl\u00e4ssigen und dauerhaften Plattform, um eine wahrheitsgetreue und dauerhafte Kopie gem\u00e4\u00df Artikel 1348 des Zivilgesetzbuches zu erstellen. Die Daten werden f\u00fcr einen Zeitraum von zwei Jahren nach dem letzten Kontakt mit der Website gespeichert, mit Ausnahme von Informationen, die von der Steuerverwaltung und\/oder einer anderen Verwaltungsbeh\u00f6rde zur\u00fcckgefordert werden k\u00f6nnen und daher f\u00fcr den geltenden gesetzlichen Zeitrahmen gespeichert werden k\u00f6nnen. Solange die Daten gespeichert sind, ergreift CLASSIC PARTS FINDER alle technischen und organisatorischen Ma\u00dfnahmen, die erforderlich sind, um die gesammelten Daten vor jeglicher Art von Besch\u00e4digung, Verlust, Missbrauch, Eindringen, Freigabe, Ver\u00e4nderung oder Zerst\u00f6rung zu sch\u00fctzen.<\/p>\n\n\n\n<p>CLASSIC PARTS FINDER hat die folgenden Sicherheitsma\u00dfnahmen ergriffen:<\/p>\n\n\n\n<p>SSL-Protokoll (Secure Sockets Layer)<\/p>\n\n\n\n<p>Automatische Speicherung der Datenbank<\/p>\n\n\n\n<p>Passwort-Verschl\u00fcsselung<\/p>\n\n\n\n<p>CSRF \/ XSS-Schutz<\/p>\n\n\n\n<p>Der Zugang zu den gesammelten Daten ist streng auf die Mitarbeiter und Beauftragten der CLASSIC PARTS FINDER und ggf. ihrer Subauftragnehmer beschr\u00e4nkt. CLASSIC PARTS FINDER verpflichtet ihre Subauftragnehmer zu strenger Vertraulichkeit und zur Einhaltung der Vertragsbestimmungen und der geltenden Rechtsvorschriften. CLASSIC PARTS FINDER verpflichtet sich, die pers\u00f6nlichen Daten von K\u00e4ufern oder Verk\u00e4ufern oder ihre Kundenliste weder kostenlos noch gegen Entgelt weiterzugeben und sie nur aus legitimen und zwingenden Gr\u00fcnden zu verbreiten (gesetzliche Verpflichtung, gerichtliche oder beh\u00f6rdliche Anordnung, Bek\u00e4mpfung von Betrug oder Missbrauch, Aus\u00fcbung von Verteidigungsrechten, Verletzung von Rechten Dritter). Dies gilt weder f\u00fcr die Weitergabe von Informationen an einen Verk\u00e4ufer, bei dem ein K\u00e4ufer \u00fcber die Website eine Bestellung aufgegeben hat, noch f\u00fcr die Weitergabe von Informationen an technische oder finanzielle Dienstleister zum Zwecke der Auftragsabwicklung und der Nutzung der Website.<\/p>\n\n\n\n<p>Die von der CLASSIC PARTS FINDER auf diese Weise gesammelten personenbezogenen Daten werden ausschlie\u00dflich in der Schweiz gespeichert, unter Ausschluss jeglicher anderer grenz\u00fcberschreitender \u00dcbermittlung.<\/p>\n\n\n\n<p>CLASSIC PARTS FINDER verwendet keine automatisierte Entscheidungsfindung in Bezug auf die Auslagerung von personenbezogenen Daten.<\/p>\n\n\n\n<p>Gem\u00e4\u00df der Verordnung vom 30. Dezember 2019 zur Anwendung von Artikel 242 bis des Code G\u00e9n\u00e9ral des Imp\u00f4ts (CGI\/ Allgemeines Steuergesetzbuch) ist CLASSIC PARTS FINDER verpflichtet, der Steuerverwaltung bestimmte Informationen \u00fcber Personen zu \u00fcbermitteln, die \u00fcber die Website Handelsgesch\u00e4fte t\u00e4tigen.<\/p>\n\n\n\n<p>CLASSIC PARTS FINDER weist die Nutzer der Website darauf hin, dass es in ihrer Verantwortung liegt, ihren sozialen und steuerlichen Verpflichtungen nachzukommen, indem sie die erforderlichen Erkl\u00e4rungen \u00fcber die Aktivit\u00e4ten und die \u00fcber die Website erzielten Einnahmen an die zust\u00e4ndigen Beh\u00f6rden abgeben.<\/p>\n\n\n\n<p>Die f\u00fcr diese Erkl\u00e4rungspflichten erforderlichen Informationen sind auf der Website der Steuerverwaltung unter folgender Adresse zu finden: <strong><a href=\"https:\/\/www.impots.gouv.fr\/portail\/\">https:\/\/www.impots.gouv.fr\/portail\/<\/a><\/strong>\u00a0 \u00a0oder auf der Website der URSSAF unter folgender Adresse: <strong><a href=\"https:\/\/www.urssaf.fr\/portail\/home.html\">https:\/\/www.urssaf.fr\/portail\/home.html<\/a><\/strong><\/p>\n\n\n\n<p>Allgemeine Informationen sind auch auf der Website des \u00f6ffentlichen Dienstes .fr zu finden, Zugriff \u00fcber <strong><a href=\"https:\/\/www.service-public.fr\/\">https:\/\/www.service-public.fr\/<\/a><\/strong><\/p>\n\n\n\n<p>CLASSIC PARTS FINDER weist die Nutzer der Website darauf hin, dass CLASSIC PARTS FINDER verpflichtet ist, ihnen jedes Jahr im Januar eine \u00dcbersicht \u00fcber die Anzahl und den Betrag der \u00fcber die Website get\u00e4tigten Transaktionen zu \u00fcbermitteln.<\/p>\n\n\n\n<p>Gem\u00e4\u00df der Verordnung muss die steuerpflichtige Summe der Transaktionen in Frankreich in dieser Meldung angegeben werden.<\/p>\n\n\n\n<p>In Anwendung der Vorschriften ist CLASSIC PARTS FINDER dar\u00fcber hinaus verpflichtet, der Steuerverwaltung jedes Jahr vor dem 31. Januar ein Dokument zu \u00fcbermitteln, in dem alle den Verk\u00e4ufern zugesandten Zusammenfassungen komprimiert sind, mit Ausnahme der in dem betreffenden Jahr durchgef\u00fchrten Vorg\u00e4nge, die unter einem bestimmten erhobenen Betrag oder einer bestimmten Anzahl durchgef\u00fchrter Transaktionen liegen, die von der Verwaltung j\u00e4hrlich festgelegt werden.<\/p>\n\n\n\n<p>CLASSIC PARTS FINDER weist ferner darauf hin, dass die Betreiber der Online-Plattform ab dem 1. Januar 2021 gesetzlich verpflichtet sind, ein Register zu f\u00fchren, das es der (Steuer-) Verwaltung erm\u00f6glicht, die Zahlung ggf. ausstehender Mehrwertsteuern zu \u00fcberpr\u00fcfen. Dieses Register und die darin enthaltenen Informationen unterliegen der Aufbewahrungspflicht von 10 Jahren.<\/p>\n\n\n\n<div style=\"height:40px\" aria-hidden=\"true\" class=\"wp-block-spacer\"><\/div>\n\n\n\n<h4 class=\"wp-block-heading\" id=\"mediation\"><strong>MEDIATION<\/strong><\/h4>\n\n\n\n<p>Bei Streitigkeiten zwischen dem Gewerbetreibenden und dem Verbraucher bem\u00fchen sich beide um eine g\u00fctliche Einigung.<\/p>\n\n\n\n<p>L\u00e4sst sich eine g\u00fctliche Einigung nicht zu Wege bringen, kann sich der Verbraucher innerhalb eines Jahres nach der schriftlichen Beschwerde an den Gewerbetreibenden an den Schlichter f\u00fcr dessen Branche, n\u00e4mlich Association des M\u00e9diateurs Europ\u00e9ens (AME CONSO) wenden.<\/p>\n\n\n\n<p>Der Antrag an den Verbrauchermediator (Schlichter)&nbsp; muss gestellt werden:<\/p>\n\n\n\n<p>entweder durch Ausf\u00fcllen des entsprechenden Formulars auf der Website von l\u2019AME CONSO : <strong><a href=\"http:\/\/www.mediationconso-ame.com\" target=\"_blank\" rel=\"noreferrer noopener\">www.mediationconso-ame.com<\/a><\/strong> ;<br>oder durch einen adressierten Brief an l\u2019AME CONSO, 11 Place Dauphine \u2013 75001 PARIS.<\/p>\n\n\n\n<div style=\"height:40px\" aria-hidden=\"true\" class=\"wp-block-spacer\"><\/div>\n\n\n\n<h4 class=\"wp-block-heading\" id=\"litiges\"><strong>STREITIGKEITEN<\/strong><\/h4>\n\n\n\n<p><strong>Streitigkeiten zwischen CLASSIC PARTS FINDER und Nutzern der Website<\/strong><\/p>\n\n\n\n<p>Vorbehaltlich zwingender gesetzlicher Bestimmungen sind f\u00fcr Streitigkeiten im Zusammenhang mit der Ausf\u00fchrung oder Auslegung von Auftr\u00e4gen ausschlie\u00dflich die Landgerichte am Sitz von CLASSIC PARTS FINDER zust\u00e4ndig. Es gilt franz\u00f6sisches Recht, au\u00dfer bei internationalen Vertr\u00e4gen.<\/p>\n\n\n\n<p><strong>Streitigkeiten zwischen K\u00e4ufern und Verk\u00e4ufern<\/strong><\/p>\n\n\n\n<p>CLASSIC PARTS FINDER bietet ein Tool f\u00fcr die Beilegung von Streitigkeiten zwischen K\u00e4ufern und Verk\u00e4ufern.<\/p>\n\n\n\n<p>Ein K\u00e4ufer oder Verk\u00e4ufer, der sich durch ein \u00fcber die Website abgeschlossenes Gesch\u00e4ft gesch\u00e4digt f\u00fchlt, kann:<\/p>\n\n\n\n<p>\u2022 sich an die Schlichtungsstelle wenden, um ihren Streit zu schlichten;<\/p>\n\n\n\n<p>\u2022 den Link \u201eKontakt\u201c auf der Website verwenden.<\/p>\n\n\n\n<p>Um eine Beschwerde einzureichen, muss der K\u00e4ufer oder Verk\u00e4ufer eine Nachricht an CLASSIC PARTS FINDER senden, die mindestens die folgenden Informationen enth\u00e4lt:<\/p>\n\n\n\n<p>\u2022 Die Verkaufsnummer(n), f\u00fcr die sich der Kl\u00e4ger gesch\u00e4digt f\u00fchlt;<\/p>\n\n\n\n<p>\u2022 Die Kontaktinformationen des Verk\u00e4ufers oder K\u00e4ufers, gegen den der Streitfall vorgebracht wird<\/p>\n\n\n\n<p>\u2022 Die Kontaktinformationen des Kl\u00e4gers;<\/p>\n\n\n\n<p>\u2022 Der Grund f\u00fcr den Streit.<\/p>\n\n\n\n<p>Sofern erforderlich setzt sich CLASSIC PARTS FINDER mit beiden Parteien in Verbindung, um ihre jeweilige Version des Sachverhalts anzuh\u00f6ren. Auf Grundlage dieser Bedingungen beurteilt CLASSIC PARTS FINDER die Verantwortung und entscheidet, welche Ma\u00dfnahmen zu ergreifen sind.<\/p>\n\n\n\n<p>Wenn der Streitfall ein Thema, ein Verhalten oder Handlungen au\u00dferhalb der Regeln dieser Allgemeinen Gesch\u00e4ftsbedingungen betrifft, entscheidet die CLASSIC PARTS FINDER, welche Ma\u00dfnahmen zu ergreifen sind, um die Interessen der Website und ihrer Nutzer bestm\u00f6glich zu wahren.<\/p>\n\n\n\n<p>Bei Nichteinhaltung einer oder mehrerer Regeln dieser Bedingungen beh\u00e4lt sich CLASSIC PARTS FINDER das Recht vor, das Konto eines Nutzers ohne Entsch\u00e4digung oder Vorank\u00fcndigung zu sperren oder zu schlie\u00dfen und\/oder den Zugang zu allen oder einem Teil seiner Dienste zu verbieten, ohne dass CLASSIC PARTS FINDER eine Verpflichtung zur Entsch\u00e4digung f\u00fcr Sch\u00e4den oder Zinsen entsteht, die CLASSIC PARTS FINDER geltend machen kann. Der Nutzer hat die von CLASSIC PARTS FINDER getroffenen Entscheidungen zu akzeptieren und kann keine Rechtsmittel einlegen.<\/p>\n\n\n\n<p>Dar\u00fcber hinaus wird vereinbart, dass die Beendigung eines oder mehrerer Verk\u00e4ufe nicht zur R\u00fcckerstattung der damit verbundenen Verkaufsgeb\u00fchren f\u00fchrt.<\/p>\n\n\n\n<p>Die Europ\u00e4ische Kommission hat eine Plattform f\u00fcr die Online-Streitbeilegung eingerichtet. Diese Plattform kann \u00fcber den folgenden Link aufgerufen werden: <strong><a href=\"https:\/\/webgate.ec.europa.eu\/odr\">https:\/\/webgate.ec.europa.eu\/odr<\/a><\/strong><\/p>\n\n\n\n<div style=\"height:20px\" aria-hidden=\"true\" class=\"wp-block-spacer\"><\/div>\n\n\n\n<div class=\"wp-block-buttons is-layout-flex wp-block-buttons-is-layout-flex\">\n<div class=\"wp-block-button has-custom-font-size has-lead-font-size\"><a class=\"wp-block-button__link has-blanc-color has-primary-background-color has-text-color has-background\" href=\"https:\/\/classic-parts-finder.com\/content\/litige\" style=\"border-radius:5px\" target=\"_blank\" rel=\"noreferrer noopener\">Streitfall er\u00f6ffnen<\/a><\/div>\n<\/div>\n","protected":false},"excerpt":{"rendered":"<p>PERSONENBEZOGENE DATEN &#8211; DATENSCHUTZ &amp; INFORMATIONSFREIHEIT Die Erhebung personenbezogener Daten bei der Er\u00f6ffnung eines Kontos oder beim Abschluss einer Transaktion ist f\u00fcr den Zugang und die Nutzung der Website sowie f\u00fcr die Bearbeitung und Verfolgung von Bestellungen unerl\u00e4sslich. Die folgenden Daten k\u00f6nnen erhoben werden: Vor- und Nachname, Postanschrift, Telefonnummer und E-Mail Adresse Verlauf der Transaktionen [&hellip;]<\/p>\n","protected":false},"author":1,"featured_media":0,"parent":0,"menu_order":0,"comment_status":"closed","ping_status":"closed","template":"","meta":{"inline_featured_image":false,"footnotes":""},"class_list":["post-498","page","type-page","status-publish","hentry"],"yoast_head":"<!-- This site is optimized with the Yoast SEO Premium plugin v21.5 (Yoast SEO v27.5) - https:\/\/yoast.com\/product\/yoast-seo-premium-wordpress\/ -->\n<title>Datenschutzrichtlinien - Classic Parts Finder<\/title>\n<meta name=\"robots\" content=\"index, follow, max-snippet:-1, max-image-preview:large, max-video-preview:-1\" \/>\n<link rel=\"canonical\" href=\"https:\/\/classic-parts-finder.com\/content\/de\/datenschutzrichtlinien\/\" \/>\n<meta property=\"og:locale\" content=\"fr_FR\" \/>\n<meta property=\"og:type\" content=\"article\" \/>\n<meta property=\"og:title\" content=\"Datenschutzrichtlinien\" \/>\n<meta property=\"og:description\" content=\"PERSONENBEZOGENE DATEN &#8211; DATENSCHUTZ &amp; INFORMATIONSFREIHEIT Die Erhebung personenbezogener Daten bei der Er\u00f6ffnung eines Kontos oder beim Abschluss einer Transaktion ist f\u00fcr den Zugang und die Nutzung der Website sowie f\u00fcr die Bearbeitung und Verfolgung von Bestellungen unerl\u00e4sslich. Die folgenden Daten k\u00f6nnen erhoben werden: Vor- und Nachname, Postanschrift, Telefonnummer und E-Mail Adresse Verlauf der Transaktionen [&hellip;]\" \/>\n<meta property=\"og:url\" content=\"https:\/\/classic-parts-finder.com\/content\/de\/datenschutzrichtlinien\/\" \/>\n<meta property=\"og:site_name\" content=\"Classic Parts Finder\" \/>\n<meta property=\"article:publisher\" content=\"https:\/\/www.facebook.com\/classicpartsfinder\/\" \/>\n<meta property=\"article:modified_time\" content=\"2022-10-12T13:48:56+00:00\" \/>\n<meta property=\"og:image\" content=\"https:\/\/classic-parts-finder.com\/content\/wp-content\/uploads\/2022\/08\/Classic-Parts-Finder.jpg\" \/>\n\t<meta property=\"og:image:width\" content=\"1399\" \/>\n\t<meta property=\"og:image:height\" content=\"1399\" \/>\n\t<meta property=\"og:image:type\" content=\"image\/jpeg\" \/>\n<meta name=\"twitter:card\" content=\"summary_large_image\" \/>\n<meta name=\"twitter:label1\" content=\"Dur\u00e9e de lecture estim\u00e9e\" \/>\n\t<meta name=\"twitter:data1\" content=\"7 minutes\" \/>\n<script type=\"application\/ld+json\" class=\"yoast-schema-graph\">{\"@context\":\"https:\\\/\\\/schema.org\",\"@graph\":[{\"@type\":\"WebPage\",\"@id\":\"https:\\\/\\\/classic-parts-finder.com\\\/content\\\/de\\\/datenschutzrichtlinien\\\/\",\"url\":\"https:\\\/\\\/classic-parts-finder.com\\\/content\\\/de\\\/datenschutzrichtlinien\\\/\",\"name\":\"Datenschutzrichtlinien - Classic Parts Finder\",\"isPartOf\":{\"@id\":\"https:\\\/\\\/classic-parts-finder.com\\\/content\\\/#website\"},\"datePublished\":\"2022-03-02T10:39:46+00:00\",\"dateModified\":\"2022-10-12T13:48:56+00:00\",\"breadcrumb\":{\"@id\":\"https:\\\/\\\/classic-parts-finder.com\\\/content\\\/de\\\/datenschutzrichtlinien\\\/#breadcrumb\"},\"inLanguage\":\"fr-FR\",\"potentialAction\":[{\"@type\":\"ReadAction\",\"target\":[\"https:\\\/\\\/classic-parts-finder.com\\\/content\\\/de\\\/datenschutzrichtlinien\\\/\"]}]},{\"@type\":\"BreadcrumbList\",\"@id\":\"https:\\\/\\\/classic-parts-finder.com\\\/content\\\/de\\\/datenschutzrichtlinien\\\/#breadcrumb\",\"itemListElement\":[{\"@type\":\"ListItem\",\"position\":1,\"name\":\"Accueil\",\"item\":\"https:\\\/\\\/classic-parts-finder.com\\\/content\\\/\"},{\"@type\":\"ListItem\",\"position\":2,\"name\":\"Datenschutzrichtlinien\"}]},{\"@type\":\"WebSite\",\"@id\":\"https:\\\/\\\/classic-parts-finder.com\\\/content\\\/#website\",\"url\":\"https:\\\/\\\/classic-parts-finder.com\\\/content\\\/\",\"name\":\"Classic Parts Finder\",\"description\":\"La premi\u00e8re plateforme qui vous aide \u00e0 trouver, vendre, et r\u00e9nover vos pi\u00e8ces d\u00e9tach\u00e9es !\",\"publisher\":{\"@id\":\"https:\\\/\\\/classic-parts-finder.com\\\/content\\\/#organization\"},\"potentialAction\":[{\"@type\":\"SearchAction\",\"target\":{\"@type\":\"EntryPoint\",\"urlTemplate\":\"https:\\\/\\\/classic-parts-finder.com\\\/content\\\/?s={search_term_string}\"},\"query-input\":{\"@type\":\"PropertyValueSpecification\",\"valueRequired\":true,\"valueName\":\"search_term_string\"}}],\"inLanguage\":\"fr-FR\"},{\"@type\":\"Organization\",\"@id\":\"https:\\\/\\\/classic-parts-finder.com\\\/content\\\/#organization\",\"name\":\"Classic Parts Finder\",\"alternateName\":\"CPF\",\"url\":\"https:\\\/\\\/classic-parts-finder.com\\\/content\\\/\",\"logo\":{\"@type\":\"ImageObject\",\"inLanguage\":\"fr-FR\",\"@id\":\"https:\\\/\\\/classic-parts-finder.com\\\/content\\\/#\\\/schema\\\/logo\\\/image\\\/\",\"url\":\"https:\\\/\\\/classic-parts-finder.com\\\/wp-content\\\/uploads\\\/2022\\\/08\\\/Classic-Parts-Finder.jpg\",\"contentUrl\":\"https:\\\/\\\/classic-parts-finder.com\\\/wp-content\\\/uploads\\\/2022\\\/08\\\/Classic-Parts-Finder.jpg\",\"width\":1399,\"height\":1399,\"caption\":\"Classic Parts Finder\"},\"image\":{\"@id\":\"https:\\\/\\\/classic-parts-finder.com\\\/content\\\/#\\\/schema\\\/logo\\\/image\\\/\"},\"sameAs\":[\"https:\\\/\\\/www.facebook.com\\\/classicpartsfinder\\\/\",\"https:\\\/\\\/www.instagram.com\\\/classic_parts_finder\\\/\"]}]}<\/script>\n<!-- \/ Yoast SEO Premium plugin. -->","yoast_head_json":{"title":"Datenschutzrichtlinien - Classic Parts Finder","robots":{"index":"index","follow":"follow","max-snippet":"max-snippet:-1","max-image-preview":"max-image-preview:large","max-video-preview":"max-video-preview:-1"},"canonical":"https:\/\/classic-parts-finder.com\/content\/de\/datenschutzrichtlinien\/","og_locale":"fr_FR","og_type":"article","og_title":"Datenschutzrichtlinien","og_description":"PERSONENBEZOGENE DATEN &#8211; DATENSCHUTZ &amp; INFORMATIONSFREIHEIT Die Erhebung personenbezogener Daten bei der Er\u00f6ffnung eines Kontos oder beim Abschluss einer Transaktion ist f\u00fcr den Zugang und die Nutzung der Website sowie f\u00fcr die Bearbeitung und Verfolgung von Bestellungen unerl\u00e4sslich. Die folgenden Daten k\u00f6nnen erhoben werden: Vor- und Nachname, Postanschrift, Telefonnummer und E-Mail Adresse Verlauf der Transaktionen [&hellip;]","og_url":"https:\/\/classic-parts-finder.com\/content\/de\/datenschutzrichtlinien\/","og_site_name":"Classic Parts Finder","article_publisher":"https:\/\/www.facebook.com\/classicpartsfinder\/","article_modified_time":"2022-10-12T13:48:56+00:00","og_image":[{"width":1399,"height":1399,"url":"https:\/\/classic-parts-finder.com\/content\/wp-content\/uploads\/2022\/08\/Classic-Parts-Finder.jpg","type":"image\/jpeg"}],"twitter_card":"summary_large_image","twitter_misc":{"Dur\u00e9e de lecture estim\u00e9e":"7 minutes"},"schema":{"@context":"https:\/\/schema.org","@graph":[{"@type":"WebPage","@id":"https:\/\/classic-parts-finder.com\/content\/de\/datenschutzrichtlinien\/","url":"https:\/\/classic-parts-finder.com\/content\/de\/datenschutzrichtlinien\/","name":"Datenschutzrichtlinien - Classic Parts Finder","isPartOf":{"@id":"https:\/\/classic-parts-finder.com\/content\/#website"},"datePublished":"2022-03-02T10:39:46+00:00","dateModified":"2022-10-12T13:48:56+00:00","breadcrumb":{"@id":"https:\/\/classic-parts-finder.com\/content\/de\/datenschutzrichtlinien\/#breadcrumb"},"inLanguage":"fr-FR","potentialAction":[{"@type":"ReadAction","target":["https:\/\/classic-parts-finder.com\/content\/de\/datenschutzrichtlinien\/"]}]},{"@type":"BreadcrumbList","@id":"https:\/\/classic-parts-finder.com\/content\/de\/datenschutzrichtlinien\/#breadcrumb","itemListElement":[{"@type":"ListItem","position":1,"name":"Accueil","item":"https:\/\/classic-parts-finder.com\/content\/"},{"@type":"ListItem","position":2,"name":"Datenschutzrichtlinien"}]},{"@type":"WebSite","@id":"https:\/\/classic-parts-finder.com\/content\/#website","url":"https:\/\/classic-parts-finder.com\/content\/","name":"Classic Parts Finder","description":"La premi\u00e8re plateforme qui vous aide \u00e0 trouver, vendre, et r\u00e9nover vos pi\u00e8ces d\u00e9tach\u00e9es !","publisher":{"@id":"https:\/\/classic-parts-finder.com\/content\/#organization"},"potentialAction":[{"@type":"SearchAction","target":{"@type":"EntryPoint","urlTemplate":"https:\/\/classic-parts-finder.com\/content\/?s={search_term_string}"},"query-input":{"@type":"PropertyValueSpecification","valueRequired":true,"valueName":"search_term_string"}}],"inLanguage":"fr-FR"},{"@type":"Organization","@id":"https:\/\/classic-parts-finder.com\/content\/#organization","name":"Classic Parts Finder","alternateName":"CPF","url":"https:\/\/classic-parts-finder.com\/content\/","logo":{"@type":"ImageObject","inLanguage":"fr-FR","@id":"https:\/\/classic-parts-finder.com\/content\/#\/schema\/logo\/image\/","url":"https:\/\/classic-parts-finder.com\/wp-content\/uploads\/2022\/08\/Classic-Parts-Finder.jpg","contentUrl":"https:\/\/classic-parts-finder.com\/wp-content\/uploads\/2022\/08\/Classic-Parts-Finder.jpg","width":1399,"height":1399,"caption":"Classic Parts Finder"},"image":{"@id":"https:\/\/classic-parts-finder.com\/content\/#\/schema\/logo\/image\/"},"sameAs":["https:\/\/www.facebook.com\/classicpartsfinder\/","https:\/\/www.instagram.com\/classic_parts_finder\/"]}]}},"lang":"de","translations":{"de":498,"en":217,"fr":20},"pll_sync_post":[],"acf":[],"_links":{"self":[{"href":"https:\/\/classic-parts-finder.com\/content\/wp-json\/wp\/v2\/pages\/498","targetHints":{"allow":["GET"]}}],"collection":[{"href":"https:\/\/classic-parts-finder.com\/content\/wp-json\/wp\/v2\/pages"}],"about":[{"href":"https:\/\/classic-parts-finder.com\/content\/wp-json\/wp\/v2\/types\/page"}],"author":[{"embeddable":true,"href":"https:\/\/classic-parts-finder.com\/content\/wp-json\/wp\/v2\/users\/1"}],"replies":[{"embeddable":true,"href":"https:\/\/classic-parts-finder.com\/content\/wp-json\/wp\/v2\/comments?post=498"}],"version-history":[{"count":12,"href":"https:\/\/classic-parts-finder.com\/content\/wp-json\/wp\/v2\/pages\/498\/revisions"}],"predecessor-version":[{"id":1327,"href":"https:\/\/classic-parts-finder.com\/content\/wp-json\/wp\/v2\/pages\/498\/revisions\/1327"}],"wp:attachment":[{"href":"https:\/\/classic-parts-finder.com\/content\/wp-json\/wp\/v2\/media?parent=498"}],"curies":[{"name":"wp","href":"https:\/\/api.w.org\/{rel}","templated":true}]}}