{"id":507,"date":"2022-03-02T11:46:53","date_gmt":"2022-03-02T10:46:53","guid":{"rendered":"https:\/\/classic-parts-finder.com\/content\/\/?page_id=507"},"modified":"2025-12-12T23:14:40","modified_gmt":"2025-12-12T22:14:40","slug":"teile-verkaufen","status":"publish","type":"page","link":"https:\/\/classic-parts-finder.com\/content\/de\/teile-verkaufen\/","title":{"rendered":"Teile verkaufen"},"content":{"rendered":"\n<div style=\"height:25px\" aria-hidden=\"true\" class=\"wp-block-spacer\"><\/div>\n\n\n\n<div class=\"wp-block-columns is-layout-flex wp-container-core-columns-is-layout-9d6595d7 wp-block-columns-is-layout-flex\">\n<div class=\"wp-block-column is-vertically-aligned-center is-layout-flow wp-block-column-is-layout-flow\">\n<div class=\"wp-block-columns are-vertically-aligned-top is-layout-flex wp-container-core-columns-is-layout-9d6595d7 wp-block-columns-is-layout-flex\">\n<div class=\"wp-block-column is-vertically-aligned-top is-layout-flow wp-block-column-is-layout-flow\" style=\"flex-basis:85px\"><div class=\"working-wheel-wrapper mb-0\">\n    <div class=\"working-wheel\" style=\"background-image: url(https:\/\/classic-parts-finder.com\/content\/wp-content\/themes\/classicpartsfinder\/img\/working-wheel.svg)\">\n        <i class=\"fa-classic fa-solid fa-bullhorn\" aria-hidden=\"true\"><\/i>    <\/div>\n<\/div>\n<\/div>\n\n\n\n<div class=\"wp-block-column is-vertically-aligned-top is-layout-flow wp-block-column-is-layout-flow\">\n<h3 class=\"wp-block-heading\" id=\"h-sie-werden-zeit-gewinnen\">Sie werden Zeit gewinnen!<\/h3>\n\n\n\n<p>Sie haben zu viele Teile auf Lager und keine Zeit, um Anzeigen zu schalten? Dann geben Sie dazu einfach Ihre Teile an, die sie verf\u00fcgbar haben. Sie werden automatisch \u00fcber neue und passende Suchanfragen informiert. <strong>Probieren Sie es aus! Die Einrichtung dauert nur wenige Sekunden!<\/strong><\/p>\n<\/div>\n<\/div>\n<\/div>\n\n\n\n<div class=\"wp-block-column is-layout-flow wp-block-column-is-layout-flow\">\n<figure class=\"wp-block-image size-full is-resized\"><img decoding=\"async\" src=\"https:\/\/classic-parts-finder.com\/content\/wp-content\/uploads\/2022\/02\/alertes-vendre-pieces.svg\" alt=\"\" class=\"wp-image-129\" style=\"width:511px;height:287px\"\/><\/figure>\n<\/div>\n<\/div>\n\n\n\n<div style=\"height:50px\" aria-hidden=\"true\" class=\"wp-block-spacer\"><\/div>\n\n\n\n<div class=\"wp-block-columns reverse-mobile is-layout-flex wp-container-core-columns-is-layout-9d6595d7 wp-block-columns-is-layout-flex\">\n<div class=\"wp-block-column is-layout-flow wp-block-column-is-layout-flow\">\n<figure class=\"wp-block-image size-full\"><img decoding=\"async\" src=\"https:\/\/classic-parts-finder.com\/content\/wp-content\/uploads\/2022\/02\/diffuser-produit-vendre-pieces.svg\" alt=\"\" class=\"wp-image-131\"\/><\/figure>\n<\/div>\n\n\n\n<div class=\"wp-block-column is-vertically-aligned-center is-layout-flow wp-block-column-is-layout-flow\">\n<div class=\"wp-block-columns are-vertically-aligned-top is-layout-flex wp-container-core-columns-is-layout-9d6595d7 wp-block-columns-is-layout-flex\">\n<div class=\"wp-block-column is-vertically-aligned-top is-layout-flow wp-block-column-is-layout-flow\" style=\"flex-basis:85px\"><div class=\"working-wheel-wrapper mb-0\">\n    <div class=\"working-wheel\" style=\"background-image: url(https:\/\/classic-parts-finder.com\/content\/wp-content\/themes\/classicpartsfinder\/img\/working-wheel.svg)\">\n        <i class=\"fa-classic fa-regular fa-store\" aria-hidden=\"true\"><\/i>    <\/div>\n<\/div>\n<\/div>\n\n\n\n<div class=\"wp-block-column is-vertically-aligned-top is-layout-flow wp-block-column-is-layout-flow\">\n<h3 class=\"wp-block-heading\" id=\"h-erhohen-sie-ihre-verkaufschancen\">Erh\u00f6hen Sie Ihre Verkaufschancen!<\/h3>\n\n\n\n<p>Erh\u00f6hen Sie kostenlos Ihre Verkaufschancen, indem Sie Anzeigen schalten. W\u00f6chentlich werden alle Mitglieder der Classic Parts Finder-Community \u00fcber neu geschaltete Anzeigen f\u00fcr ihr Fahrzeug informiert. <strong>Profitieren Sie au\u00dferdem von unserer Beratung, unserem Fachwissen sowie unserer Kundenbetreuung.&nbsp;<\/strong><\/p>\n<\/div>\n<\/div>\n<\/div>\n<\/div>\n\n\n\n<div style=\"height:80px\" aria-hidden=\"true\" class=\"wp-block-spacer\"><\/div>\n\n\n\n<div class=\"wp-block-columns is-layout-flex wp-container-core-columns-is-layout-9d6595d7 wp-block-columns-is-layout-flex\">\n<div class=\"wp-block-column is-vertically-aligned-center is-layout-flow wp-block-column-is-layout-flow\">\n<div class=\"wp-block-columns are-vertically-aligned-top is-layout-flex wp-container-core-columns-is-layout-9d6595d7 wp-block-columns-is-layout-flex\">\n<div class=\"wp-block-column is-vertically-aligned-top is-layout-flow wp-block-column-is-layout-flow\" style=\"flex-basis:85px\"><div class=\"working-wheel-wrapper mb-0\">\n    <div class=\"working-wheel\" style=\"background-image: url(https:\/\/classic-parts-finder.com\/content\/wp-content\/themes\/classicpartsfinder\/img\/working-wheel.svg)\">\n        <i class=\"fa-classic fa-regular fa-shield-check\" aria-hidden=\"true\"><\/i>    <\/div>\n<\/div>\n<\/div>\n\n\n\n<div class=\"wp-block-column is-vertically-aligned-top is-layout-flow wp-block-column-is-layout-flow\">\n<h3 class=\"wp-block-heading\" id=\"h-sichere-und-garantierte-zahlung\">Sichere und garantierte Zahlung<\/h3>\n\n\n\n<p>Verkaufen Sie Ihre Teile sicher mit <strong>Stripe, unserem Partner f\u00fcr sichere Zahlungen!<\/strong><\/p>\n\n\n\n<p class=\"has-secondary-color has-text-color\"><a href=\"https:\/\/stripe.com\/de\" target=\"_blank\" rel=\"noreferrer noopener\">Mehr erfahren<\/a><\/p>\n<\/div>\n<\/div>\n<\/div>\n\n\n\n<div class=\"wp-block-column is-layout-flow wp-block-column-is-layout-flow\">\n<figure class=\"wp-block-image size-full is-resized\"><img decoding=\"async\" src=\"https:\/\/classic-parts-finder.com\/content\/wp-content\/uploads\/2022\/02\/Frame-1.svg\" alt=\"\" class=\"wp-image-322\" style=\"width:443px;height:278px\"\/><\/figure>\n<\/div>\n<\/div>\n\n\n\n<div style=\"height:35px\" aria-hidden=\"true\" class=\"wp-block-spacer\"><\/div>\n\n\n\n<div class=\"wp-block-cover is-light\" style=\"min-height:243px;aspect-ratio:unset;\"><span aria-hidden=\"true\" class=\"wp-block-cover__background has-secondary-background-color has-background-dim-100 has-background-dim\"><\/span><div class=\"wp-block-cover__inner-container is-layout-flow wp-block-cover-is-layout-flow\">\n<div style=\"height:20px\" aria-hidden=\"true\" class=\"wp-block-spacer\"><\/div>\n\n\n\n<h3 class=\"wp-block-heading has-text-align-center has-blanc-color has-text-color\" id=\"h-bereit-ihre-ersatzteile-zu-verkaufen\">Bereit, Ihre Ersatzteile zu verkaufen?<\/h3>\n\n\n\n<p class=\"has-text-align-center has-blanc-color has-text-color has-lead-font-size\">Eine Registrierung erfordert nur wenige Minuten!<\/p>\n\n\n\n<div style=\"height:15px\" aria-hidden=\"true\" class=\"wp-block-spacer\"><\/div>\n\n\n\n<div class=\"wp-block-buttons is-content-justification-center is-layout-flex wp-container-core-buttons-is-layout-16018d1d wp-block-buttons-is-layout-flex\">\n<div class=\"wp-block-button\"><a class=\"wp-block-button__link has-primary-color has-blanc-background-color has-text-color has-background has-normal-font-size has-custom-font-size wp-element-button\" href=\"https:\/\/classic-parts-finder.com\/de\/merchant\/settings\/Pro\" style=\"border-radius:4px\"><strong>Ich bin ein H\u00e4ndler<\/strong><\/a><\/div>\n\n\n\n<div class=\"wp-block-button\"><a class=\"wp-block-button__link has-primary-color has-blanc-background-color has-text-color has-background has-normal-font-size has-custom-font-size wp-element-button\" href=\"https:\/\/classic-parts-finder.com\/de\/merchant\/settings\/Particulier\" style=\"border-radius:4px\"><strong>Ich bin eine Privatperson<\/strong><\/a><\/div>\n<\/div>\n\n\n\n<div style=\"height:20px\" aria-hidden=\"true\" class=\"wp-block-spacer\"><\/div>\n<\/div><\/div>\n","protected":false},"excerpt":{"rendered":"<p>Sie werden Zeit gewinnen! Sie haben zu viele Teile auf Lager und keine Zeit, um Anzeigen zu schalten? Dann geben Sie dazu einfach Ihre Teile an, die sie verf\u00fcgbar haben. Sie werden automatisch \u00fcber neue und passende Suchanfragen informiert. Probieren Sie es aus! Die Einrichtung dauert nur wenige Sekunden! Erh\u00f6hen Sie Ihre Verkaufschancen! Erh\u00f6hen Sie [&hellip;]<\/p>\n","protected":false},"author":1,"featured_media":512,"parent":0,"menu_order":0,"comment_status":"closed","ping_status":"closed","template":"template-sell-parts.php","meta":{"inline_featured_image":false,"footnotes":""},"class_list":["post-507","page","type-page","status-publish","has-post-thumbnail","hentry"],"yoast_head":"<!-- This site is optimized with the Yoast SEO Premium plugin v21.5 (Yoast SEO v27.5) - https:\/\/yoast.com\/product\/yoast-seo-premium-wordpress\/ -->\n<title>Teile verkaufen - Classic Parts Finder<\/title>\n<meta name=\"robots\" content=\"index, follow, max-snippet:-1, max-image-preview:large, max-video-preview:-1\" \/>\n<link rel=\"canonical\" href=\"https:\/\/classic-parts-finder.com\/content\/de\/teile-verkaufen\/\" \/>\n<meta property=\"og:locale\" content=\"fr_FR\" \/>\n<meta property=\"og:type\" content=\"article\" \/>\n<meta property=\"og:title\" content=\"Teile verkaufen\" \/>\n<meta property=\"og:description\" content=\"Sie werden Zeit gewinnen! Sie haben zu viele Teile auf Lager und keine Zeit, um Anzeigen zu schalten? Dann geben Sie dazu einfach Ihre Teile an, die sie verf\u00fcgbar haben. Sie werden automatisch \u00fcber neue und passende Suchanfragen informiert. Probieren Sie es aus! Die Einrichtung dauert nur wenige Sekunden! Erh\u00f6hen Sie Ihre Verkaufschancen! Erh\u00f6hen Sie [&hellip;]\" \/>\n<meta property=\"og:url\" content=\"https:\/\/classic-parts-finder.com\/content\/de\/teile-verkaufen\/\" \/>\n<meta property=\"og:site_name\" content=\"Classic Parts Finder\" \/>\n<meta property=\"article:publisher\" content=\"https:\/\/www.facebook.com\/classicpartsfinder\/\" \/>\n<meta property=\"article:modified_time\" content=\"2025-12-12T22:14:40+00:00\" \/>\n<meta property=\"og:image\" content=\"https:\/\/classic-parts-finder.com\/content\/wp-content\/uploads\/2022\/01\/vendre-pieces-single-page.jpeg\" \/>\n\t<meta property=\"og:image:width\" content=\"1400\" \/>\n\t<meta property=\"og:image:height\" content=\"738\" \/>\n\t<meta property=\"og:image:type\" content=\"image\/jpeg\" \/>\n<meta name=\"twitter:card\" content=\"summary_large_image\" \/>\n<meta name=\"twitter:label1\" content=\"Dur\u00e9e de lecture estim\u00e9e\" \/>\n\t<meta name=\"twitter:data1\" content=\"2 minutes\" \/>\n<script type=\"application\/ld+json\" class=\"yoast-schema-graph\">{\"@context\":\"https:\\\/\\\/schema.org\",\"@graph\":[{\"@type\":\"WebPage\",\"@id\":\"https:\\\/\\\/classic-parts-finder.com\\\/content\\\/de\\\/teile-verkaufen\\\/\",\"url\":\"https:\\\/\\\/classic-parts-finder.com\\\/content\\\/de\\\/teile-verkaufen\\\/\",\"name\":\"Teile verkaufen - Classic Parts Finder\",\"isPartOf\":{\"@id\":\"https:\\\/\\\/classic-parts-finder.com\\\/content\\\/#website\"},\"primaryImageOfPage\":{\"@id\":\"https:\\\/\\\/classic-parts-finder.com\\\/content\\\/de\\\/teile-verkaufen\\\/#primaryimage\"},\"image\":{\"@id\":\"https:\\\/\\\/classic-parts-finder.com\\\/content\\\/de\\\/teile-verkaufen\\\/#primaryimage\"},\"thumbnailUrl\":\"https:\\\/\\\/classic-parts-finder.com\\\/content\\\/wp-content\\\/uploads\\\/2022\\\/01\\\/vendre-pieces-single-page.jpeg\",\"datePublished\":\"2022-03-02T10:46:53+00:00\",\"dateModified\":\"2025-12-12T22:14:40+00:00\",\"breadcrumb\":{\"@id\":\"https:\\\/\\\/classic-parts-finder.com\\\/content\\\/de\\\/teile-verkaufen\\\/#breadcrumb\"},\"inLanguage\":\"fr-FR\",\"potentialAction\":[{\"@type\":\"ReadAction\",\"target\":[\"https:\\\/\\\/classic-parts-finder.com\\\/content\\\/de\\\/teile-verkaufen\\\/\"]}]},{\"@type\":\"ImageObject\",\"inLanguage\":\"fr-FR\",\"@id\":\"https:\\\/\\\/classic-parts-finder.com\\\/content\\\/de\\\/teile-verkaufen\\\/#primaryimage\",\"url\":\"https:\\\/\\\/classic-parts-finder.com\\\/content\\\/wp-content\\\/uploads\\\/2022\\\/01\\\/vendre-pieces-single-page.jpeg\",\"contentUrl\":\"https:\\\/\\\/classic-parts-finder.com\\\/content\\\/wp-content\\\/uploads\\\/2022\\\/01\\\/vendre-pieces-single-page.jpeg\",\"width\":1400,\"height\":738,\"caption\":\"enfants et ancienne voiture\"},{\"@type\":\"BreadcrumbList\",\"@id\":\"https:\\\/\\\/classic-parts-finder.com\\\/content\\\/de\\\/teile-verkaufen\\\/#breadcrumb\",\"itemListElement\":[{\"@type\":\"ListItem\",\"position\":1,\"name\":\"Accueil\",\"item\":\"https:\\\/\\\/classic-parts-finder.com\\\/content\\\/\"},{\"@type\":\"ListItem\",\"position\":2,\"name\":\"Teile verkaufen\"}]},{\"@type\":\"WebSite\",\"@id\":\"https:\\\/\\\/classic-parts-finder.com\\\/content\\\/#website\",\"url\":\"https:\\\/\\\/classic-parts-finder.com\\\/content\\\/\",\"name\":\"Classic Parts Finder\",\"description\":\"La premi\u00e8re plateforme qui vous aide \u00e0 trouver, vendre, et r\u00e9nover vos pi\u00e8ces d\u00e9tach\u00e9es !\",\"publisher\":{\"@id\":\"https:\\\/\\\/classic-parts-finder.com\\\/content\\\/#organization\"},\"potentialAction\":[{\"@type\":\"SearchAction\",\"target\":{\"@type\":\"EntryPoint\",\"urlTemplate\":\"https:\\\/\\\/classic-parts-finder.com\\\/content\\\/?s={search_term_string}\"},\"query-input\":{\"@type\":\"PropertyValueSpecification\",\"valueRequired\":true,\"valueName\":\"search_term_string\"}}],\"inLanguage\":\"fr-FR\"},{\"@type\":\"Organization\",\"@id\":\"https:\\\/\\\/classic-parts-finder.com\\\/content\\\/#organization\",\"name\":\"Classic Parts Finder\",\"alternateName\":\"CPF\",\"url\":\"https:\\\/\\\/classic-parts-finder.com\\\/content\\\/\",\"logo\":{\"@type\":\"ImageObject\",\"inLanguage\":\"fr-FR\",\"@id\":\"https:\\\/\\\/classic-parts-finder.com\\\/content\\\/#\\\/schema\\\/logo\\\/image\\\/\",\"url\":\"https:\\\/\\\/classic-parts-finder.com\\\/wp-content\\\/uploads\\\/2022\\\/08\\\/Classic-Parts-Finder.jpg\",\"contentUrl\":\"https:\\\/\\\/classic-parts-finder.com\\\/wp-content\\\/uploads\\\/2022\\\/08\\\/Classic-Parts-Finder.jpg\",\"width\":1399,\"height\":1399,\"caption\":\"Classic Parts Finder\"},\"image\":{\"@id\":\"https:\\\/\\\/classic-parts-finder.com\\\/content\\\/#\\\/schema\\\/logo\\\/image\\\/\"},\"sameAs\":[\"https:\\\/\\\/www.facebook.com\\\/classicpartsfinder\\\/\",\"https:\\\/\\\/www.instagram.com\\\/classic_parts_finder\\\/\"]}]}<\/script>\n<!-- \/ Yoast SEO Premium plugin. -->","yoast_head_json":{"title":"Teile verkaufen - Classic Parts Finder","robots":{"index":"index","follow":"follow","max-snippet":"max-snippet:-1","max-image-preview":"max-image-preview:large","max-video-preview":"max-video-preview:-1"},"canonical":"https:\/\/classic-parts-finder.com\/content\/de\/teile-verkaufen\/","og_locale":"fr_FR","og_type":"article","og_title":"Teile verkaufen","og_description":"Sie werden Zeit gewinnen! Sie haben zu viele Teile auf Lager und keine Zeit, um Anzeigen zu schalten? Dann geben Sie dazu einfach Ihre Teile an, die sie verf\u00fcgbar haben. Sie werden automatisch \u00fcber neue und passende Suchanfragen informiert. Probieren Sie es aus! Die Einrichtung dauert nur wenige Sekunden! Erh\u00f6hen Sie Ihre Verkaufschancen! Erh\u00f6hen Sie [&hellip;]","og_url":"https:\/\/classic-parts-finder.com\/content\/de\/teile-verkaufen\/","og_site_name":"Classic Parts Finder","article_publisher":"https:\/\/www.facebook.com\/classicpartsfinder\/","article_modified_time":"2025-12-12T22:14:40+00:00","og_image":[{"width":1400,"height":738,"url":"https:\/\/classic-parts-finder.com\/content\/wp-content\/uploads\/2022\/01\/vendre-pieces-single-page.jpeg","type":"image\/jpeg"}],"twitter_card":"summary_large_image","twitter_misc":{"Dur\u00e9e de lecture estim\u00e9e":"2 minutes"},"schema":{"@context":"https:\/\/schema.org","@graph":[{"@type":"WebPage","@id":"https:\/\/classic-parts-finder.com\/content\/de\/teile-verkaufen\/","url":"https:\/\/classic-parts-finder.com\/content\/de\/teile-verkaufen\/","name":"Teile verkaufen - Classic Parts Finder","isPartOf":{"@id":"https:\/\/classic-parts-finder.com\/content\/#website"},"primaryImageOfPage":{"@id":"https:\/\/classic-parts-finder.com\/content\/de\/teile-verkaufen\/#primaryimage"},"image":{"@id":"https:\/\/classic-parts-finder.com\/content\/de\/teile-verkaufen\/#primaryimage"},"thumbnailUrl":"https:\/\/classic-parts-finder.com\/content\/wp-content\/uploads\/2022\/01\/vendre-pieces-single-page.jpeg","datePublished":"2022-03-02T10:46:53+00:00","dateModified":"2025-12-12T22:14:40+00:00","breadcrumb":{"@id":"https:\/\/classic-parts-finder.com\/content\/de\/teile-verkaufen\/#breadcrumb"},"inLanguage":"fr-FR","potentialAction":[{"@type":"ReadAction","target":["https:\/\/classic-parts-finder.com\/content\/de\/teile-verkaufen\/"]}]},{"@type":"ImageObject","inLanguage":"fr-FR","@id":"https:\/\/classic-parts-finder.com\/content\/de\/teile-verkaufen\/#primaryimage","url":"https:\/\/classic-parts-finder.com\/content\/wp-content\/uploads\/2022\/01\/vendre-pieces-single-page.jpeg","contentUrl":"https:\/\/classic-parts-finder.com\/content\/wp-content\/uploads\/2022\/01\/vendre-pieces-single-page.jpeg","width":1400,"height":738,"caption":"enfants et ancienne voiture"},{"@type":"BreadcrumbList","@id":"https:\/\/classic-parts-finder.com\/content\/de\/teile-verkaufen\/#breadcrumb","itemListElement":[{"@type":"ListItem","position":1,"name":"Accueil","item":"https:\/\/classic-parts-finder.com\/content\/"},{"@type":"ListItem","position":2,"name":"Teile verkaufen"}]},{"@type":"WebSite","@id":"https:\/\/classic-parts-finder.com\/content\/#website","url":"https:\/\/classic-parts-finder.com\/content\/","name":"Classic Parts Finder","description":"La premi\u00e8re plateforme qui vous aide \u00e0 trouver, vendre, et r\u00e9nover vos pi\u00e8ces d\u00e9tach\u00e9es !","publisher":{"@id":"https:\/\/classic-parts-finder.com\/content\/#organization"},"potentialAction":[{"@type":"SearchAction","target":{"@type":"EntryPoint","urlTemplate":"https:\/\/classic-parts-finder.com\/content\/?s={search_term_string}"},"query-input":{"@type":"PropertyValueSpecification","valueRequired":true,"valueName":"search_term_string"}}],"inLanguage":"fr-FR"},{"@type":"Organization","@id":"https:\/\/classic-parts-finder.com\/content\/#organization","name":"Classic Parts Finder","alternateName":"CPF","url":"https:\/\/classic-parts-finder.com\/content\/","logo":{"@type":"ImageObject","inLanguage":"fr-FR","@id":"https:\/\/classic-parts-finder.com\/content\/#\/schema\/logo\/image\/","url":"https:\/\/classic-parts-finder.com\/wp-content\/uploads\/2022\/08\/Classic-Parts-Finder.jpg","contentUrl":"https:\/\/classic-parts-finder.com\/wp-content\/uploads\/2022\/08\/Classic-Parts-Finder.jpg","width":1399,"height":1399,"caption":"Classic Parts Finder"},"image":{"@id":"https:\/\/classic-parts-finder.com\/content\/#\/schema\/logo\/image\/"},"sameAs":["https:\/\/www.facebook.com\/classicpartsfinder\/","https:\/\/www.instagram.com\/classic_parts_finder\/"]}]}},"lang":"de","translations":{"de":507,"en":199,"fr":11},"pll_sync_post":[],"acf":[],"_links":{"self":[{"href":"https:\/\/classic-parts-finder.com\/content\/wp-json\/wp\/v2\/pages\/507","targetHints":{"allow":["GET"]}}],"collection":[{"href":"https:\/\/classic-parts-finder.com\/content\/wp-json\/wp\/v2\/pages"}],"about":[{"href":"https:\/\/classic-parts-finder.com\/content\/wp-json\/wp\/v2\/types\/page"}],"author":[{"embeddable":true,"href":"https:\/\/classic-parts-finder.com\/content\/wp-json\/wp\/v2\/users\/1"}],"replies":[{"embeddable":true,"href":"https:\/\/classic-parts-finder.com\/content\/wp-json\/wp\/v2\/comments?post=507"}],"version-history":[{"count":46,"href":"https:\/\/classic-parts-finder.com\/content\/wp-json\/wp\/v2\/pages\/507\/revisions"}],"predecessor-version":[{"id":1859,"href":"https:\/\/classic-parts-finder.com\/content\/wp-json\/wp\/v2\/pages\/507\/revisions\/1859"}],"wp:featuredmedia":[{"embeddable":true,"href":"https:\/\/classic-parts-finder.com\/content\/wp-json\/wp\/v2\/media\/512"}],"wp:attachment":[{"href":"https:\/\/classic-parts-finder.com\/content\/wp-json\/wp\/v2\/media?parent=507"}],"curies":[{"name":"wp","href":"https:\/\/api.w.org\/{rel}","templated":true}]}}